{"id":3729,"date":"2023-07-25T15:05:02","date_gmt":"2023-07-25T12:05:02","guid":{"rendered":"https:\/\/limitreduktor.com\/en\/?page_id=3729"},"modified":"2023-09-27T13:56:20","modified_gmt":"2023-09-27T10:56:20","slug":"firin-motorlari-endustriyel-tip-firin-motorlari","status":"publish","type":"page","link":"https:\/\/limitreduktor.com\/en\/firin-motorlari-endustriyel-tip-firin-motorlari\/","title":{"rendered":"F\u0131r\u0131n Motorlar\u0131"},"content":{"rendered":"<div id='av_section_1'  class='avia-section av-1pwa23l-01977b8a8d4a1d7f5dc9d475f750174b main_color avia-section-default avia-no-border-styling  avia-builder-el-0  el_before_av_section  avia-builder-el-first  avia-bg-style-scroll container_wrap fullsize'  ><div class='container av-section-cont-open' ><main  role=\"main\" itemprop=\"mainContentOfPage\"  class='template-page content  av-content-full alpha units'><div class='post-entry post-entry-type-page post-entry-3729'><div class='entry-content-wrapper clearfix'>\n<div  class='flex_column av-1ohdxb5-7d065e1e93652213eca03be03219913e av_one_half  avia-builder-el-1  el_before_av_one_half  avia-builder-el-first  first flex_column_div av-animated-generic bottom-to-top  '     ><style type=\"text\/css\" data-created_by=\"avia_inline_auto\" id=\"style-css-av-lki9257x-bb3f9a1b91e126d20f31fe55ae380a61\">\n.avia-image-container.av-lki9257x-bb3f9a1b91e126d20f31fe55ae380a61 img.avia_image{\nbox-shadow:none;\n}\n.avia-image-container.av-lki9257x-bb3f9a1b91e126d20f31fe55ae380a61 .av-image-caption-overlay-center{\ncolor:#ffffff;\n}\n<\/style>\n<div  class='avia-image-container av-lki9257x-bb3f9a1b91e126d20f31fe55ae380a61 av-styling- avia-align-center  avia-builder-el-2  avia-builder-el-no-sibling '   itemprop=\"image\" itemscope=\"itemscope\" itemtype=\"https:\/\/schema.org\/ImageObject\" ><div class=\"avia-image-container-inner\"><div class=\"avia-image-overlay-wrap\"><a href=\"https:\/\/limitreduktor.com\/en\/wp-content\/uploads\/2023\/08\/firinmotoru2-1030x682.jpg\" data-srcset=\"https:\/\/limitreduktor.com\/en\/wp-content\/uploads\/2023\/08\/firinmotoru2-1030x682.jpg 1030w, https:\/\/limitreduktor.com\/en\/wp-content\/uploads\/2023\/08\/firinmotoru2-300x199.jpg 300w, https:\/\/limitreduktor.com\/en\/wp-content\/uploads\/2023\/08\/firinmotoru2-768x509.jpg 768w, https:\/\/limitreduktor.com\/en\/wp-content\/uploads\/2023\/08\/firinmotoru2-705x467.jpg 705w, https:\/\/limitreduktor.com\/en\/wp-content\/uploads\/2023\/08\/firinmotoru2.jpg 1200w\" data-sizes=\"(max-width: 1030px) 100vw, 1030px\" class='avia_image' ><img decoding=\"async\" class='wp-image-3888 avia-img-lazy-loading-not-3888 avia_image ' src=\"https:\/\/limitreduktor.com\/en\/wp-content\/uploads\/2023\/08\/firinmotoru2.jpg\" alt='' title='firinmotoru2'  height=\"795\" width=\"1200\"  itemprop=\"thumbnailUrl\" srcset=\"https:\/\/limitreduktor.com\/en\/wp-content\/uploads\/2023\/08\/firinmotoru2.jpg 1200w, https:\/\/limitreduktor.com\/en\/wp-content\/uploads\/2023\/08\/firinmotoru2-300x199.jpg 300w, https:\/\/limitreduktor.com\/en\/wp-content\/uploads\/2023\/08\/firinmotoru2-1030x682.jpg 1030w, https:\/\/limitreduktor.com\/en\/wp-content\/uploads\/2023\/08\/firinmotoru2-768x509.jpg 768w, https:\/\/limitreduktor.com\/en\/wp-content\/uploads\/2023\/08\/firinmotoru2-705x467.jpg 705w\" sizes=\"(max-width: 1200px) 100vw, 1200px\" \/><\/a><\/div><\/div><\/div><\/div><div  id=\"soltaraf\"  class='flex_column av-1n96pcx-31877d43578cb4316ad604cdc194b97f av_one_half  avia-builder-el-3  el_after_av_one_half  avia-builder-el-last  soltaraf soltaraf flex_column_div av-animated-generic bottom-to-top  '     ><p>\n<style type=\"text\/css\" data-created_by=\"avia_inline_auto\" id=\"style-css-av-lki91ovf-3c5ef5af7754f6199b24e9ff00adfa6c\">\n#top .av-special-heading.av-lki91ovf-3c5ef5af7754f6199b24e9ff00adfa6c{\nmargin:0px 0px 0px 0px;\ncolor:#231f20;\nfont-size:48px;\n}\nbody .av-special-heading.av-lki91ovf-3c5ef5af7754f6199b24e9ff00adfa6c .av-special-heading-tag .heading-char{\nfont-size:25px;\n}\n#top #wrap_all .av-special-heading.av-lki91ovf-3c5ef5af7754f6199b24e9ff00adfa6c .av-special-heading-tag{\nfont-size:48px;\npadding:0 0 0 50px;\n}\n.av-special-heading.av-lki91ovf-3c5ef5af7754f6199b24e9ff00adfa6c .special-heading-inner-border{\nborder-color:#231f20;\n}\n.av-special-heading.av-lki91ovf-3c5ef5af7754f6199b24e9ff00adfa6c .av-subheading{\nfont-size:15px;\ncolor:#0e8488;\n}\n\n@media only screen and (min-width: 480px) and (max-width: 767px){ \n#top #wrap_all .av-special-heading.av-lki91ovf-3c5ef5af7754f6199b24e9ff00adfa6c .av-special-heading-tag{\nfont-size:0.8em;\n}\n}\n\n@media only screen and (max-width: 479px){ \n#top #wrap_all .av-special-heading.av-lki91ovf-3c5ef5af7754f6199b24e9ff00adfa6c .av-special-heading-tag{\nfont-size:0.8em;\n}\n}\n<\/style>\n<div  id=\"girisbaslik\"  class='av-special-heading av-lki91ovf-3c5ef5af7754f6199b24e9ff00adfa6c av-special-heading-h3 custom-color-heading blockquote modern-quote  avia-builder-el-4  el_before_av_hr  avia-builder-el-first  girisbaslik girisbaslik av-inherit-size'><h3 class='av-special-heading-tag'  itemprop=\"headline\"  >F\u0131r\u0131n Motorlar\u0131<\/h3><div class='av_custom_color av-subheading av-subheading_below'><p>End\u00fcstriyel Tip F\u0131r\u0131n Motorlar\u0131<\/p>\n<\/div><div class=\"special-heading-border\"><div class=\"special-heading-inner-border\"><\/div><\/div><\/div><br \/>\n\n<style type=\"text\/css\" data-created_by=\"avia_inline_auto\" id=\"style-css-av-1kupa0x-df6dd6b480b7190a22b1b16201132269\">\n#top .hr.av-1kupa0x-df6dd6b480b7190a22b1b16201132269{\nmargin-top:30px;\nmargin-bottom:30px;\n}\n.hr.av-1kupa0x-df6dd6b480b7190a22b1b16201132269 .hr-inner{\nwidth:50000px;\nborder-color:#d0d0d0;\n}\n<\/style>\n<div  class='hr av-1kupa0x-df6dd6b480b7190a22b1b16201132269 hr-custom  avia-builder-el-5  el_after_av_heading  el_before_av_textblock  hr-center hr-icon-no'><span class='hr-inner inner-border-av-border-thin'><span class=\"hr-inner-style\"><\/span><\/span><\/div><br \/>\n<section  class='av_textblock_section av-1j86sox-c0c028b1021370e04149ada0a722426c '   itemscope=\"itemscope\" itemtype=\"https:\/\/schema.org\/CreativeWork\" ><div class='avia_textblock'  itemprop=\"text\" ><\/div><\/section><br \/>\n<\/p><\/div>\n\n<\/div><\/div><\/main><!-- close content main element --><\/div><\/div><div id='av_section_2'  class='avia-section av-1g0xpep-588378a0f5dec8b699db2e0a6fabecce main_color avia-section-default avia-no-border-styling  avia-builder-el-8  el_after_av_section  el_before_av_section  avia-bg-style-scroll container_wrap fullsize'  ><div class='container av-section-cont-open' ><div class='template-page content  av-content-full alpha units'><div class='post-entry post-entry-type-page post-entry-3729'><div class='entry-content-wrapper clearfix'>\n<div  id=\"soltaraf\"  class='flex_column av-1ed4pox-43c08c05715d95135aa325a49547119b av_one_half  avia-builder-el-9  el_before_av_one_half  avia-builder-el-first  soltaraf soltaraf first flex_column_div av-animated-generic bottom-to-top  '     ><p>\n<style type=\"text\/css\" data-created_by=\"avia_inline_auto\" id=\"style-css-av-1dlq4pt-9014ec82ea1198004e983063b3ecd5b4\">\n#top .av-special-heading.av-1dlq4pt-9014ec82ea1198004e983063b3ecd5b4{\nmargin:0px 0px 0px 0px;\nfont-size:25px;\n}\nbody .av-special-heading.av-1dlq4pt-9014ec82ea1198004e983063b3ecd5b4 .av-special-heading-tag .heading-char{\nfont-size:25px;\n}\n#top #wrap_all .av-special-heading.av-1dlq4pt-9014ec82ea1198004e983063b3ecd5b4 .av-special-heading-tag{\nfont-size:25px;\npadding:0 0 0 50px;\n}\n.av-special-heading.av-1dlq4pt-9014ec82ea1198004e983063b3ecd5b4 .av-subheading{\nfont-size:15px;\n}\n\n@media only screen and (min-width: 480px) and (max-width: 767px){ \n#top #wrap_all .av-special-heading.av-1dlq4pt-9014ec82ea1198004e983063b3ecd5b4 .av-special-heading-tag{\nfont-size:0.8em;\n}\n}\n\n@media only screen and (max-width: 479px){ \n#top #wrap_all .av-special-heading.av-1dlq4pt-9014ec82ea1198004e983063b3ecd5b4 .av-special-heading-tag{\nfont-size:0.8em;\n}\n}\n<\/style>\n<div  id=\"girisbaslik\"  class='av-special-heading av-1dlq4pt-9014ec82ea1198004e983063b3ecd5b4 av-special-heading-h3 blockquote modern-quote  avia-builder-el-10  el_before_av_hr  avia-builder-el-first  girisbaslik girisbaslik av-inherit-size'><h3 class='av-special-heading-tag'  itemprop=\"headline\"  > \u00d6zellikler ve Avantajlar\u0131<\/h3><div class=\"special-heading-border\"><div class=\"special-heading-inner-border\"><\/div><\/div><\/div><br \/>\n\n<style type=\"text\/css\" data-created_by=\"avia_inline_auto\" id=\"style-css-av-1bwj75t-7fccbead684816337a38a9e5d93f78fa\">\n#top .hr.av-1bwj75t-7fccbead684816337a38a9e5d93f78fa{\nmargin-top:30px;\nmargin-bottom:30px;\n}\n.hr.av-1bwj75t-7fccbead684816337a38a9e5d93f78fa .hr-inner{\nwidth:50000px;\nborder-color:#d0d0d0;\n}\n<\/style>\n<div  class='hr av-1bwj75t-7fccbead684816337a38a9e5d93f78fa hr-custom  avia-builder-el-11  el_after_av_heading  el_before_av_iconlist  hr-center hr-icon-no'><span class='hr-inner inner-border-av-border-thin'><span class=\"hr-inner-style\"><\/span><\/span><\/div><br \/>\n\n<style type=\"text\/css\" data-created_by=\"avia_inline_auto\" id=\"style-css-av-19ko2w1-1aa84dcba7fe03710f89287db9c39fa4\">\n#top .avia-icon-list-container.av-19ko2w1-1aa84dcba7fe03710f89287db9c39fa4 .iconlist_icon{\ncolor:#0e8488;\n}\n<\/style>\n<div  id=\"urunaciklama\"  class='avia-icon-list-container av-19ko2w1-1aa84dcba7fe03710f89287db9c39fa4  avia-builder-el-12  el_after_av_hr  avia-builder-el-last  urunaciklama'><ul class='avia-icon-list avia_animate_when_almost_visible avia-icon-list-left av-iconlist-small av-19ko2w1-1aa84dcba7fe03710f89287db9c39fa4 avia-iconlist-animate'><\/ul><\/div><\/p><\/div><div  id=\"soltaraf\"  class='flex_column av-vuiii9-fd6d875d96cfb8cfb764948f9904a054 av_one_half  avia-builder-el-13  el_after_av_one_half  avia-builder-el-last  soltaraf soltaraf flex_column_div av-animated-generic bottom-to-top  '     ><p>\n<style type=\"text\/css\" data-created_by=\"avia_inline_auto\" id=\"style-css-av-b48qp-0132d0f5528af7baf79eb23b63f0f151\">\n#top .av-special-heading.av-b48qp-0132d0f5528af7baf79eb23b63f0f151{\nmargin:0px 0px 0px 0px;\nfont-size:25px;\n}\nbody .av-special-heading.av-b48qp-0132d0f5528af7baf79eb23b63f0f151 .av-special-heading-tag .heading-char{\nfont-size:25px;\n}\n#top #wrap_all .av-special-heading.av-b48qp-0132d0f5528af7baf79eb23b63f0f151 .av-special-heading-tag{\nfont-size:25px;\npadding:0 0 0 50px;\n}\n.av-special-heading.av-b48qp-0132d0f5528af7baf79eb23b63f0f151 .av-subheading{\nfont-size:15px;\n}\n\n@media only screen and (min-width: 480px) and (max-width: 767px){ \n#top #wrap_all .av-special-heading.av-b48qp-0132d0f5528af7baf79eb23b63f0f151 .av-special-heading-tag{\nfont-size:0.8em;\n}\n}\n\n@media only screen and (max-width: 479px){ \n#top #wrap_all .av-special-heading.av-b48qp-0132d0f5528af7baf79eb23b63f0f151 .av-special-heading-tag{\nfont-size:0.8em;\n}\n}\n<\/style>\n<div  id=\"girisbaslik\"  class='av-special-heading av-b48qp-0132d0f5528af7baf79eb23b63f0f151 av-special-heading-h3 blockquote modern-quote  avia-builder-el-14  el_before_av_hr  avia-builder-el-first  girisbaslik girisbaslik av-inherit-size'><h3 class='av-special-heading-tag'  itemprop=\"headline\"  > \u0130lave \u00c7\u00f6z\u00fcmler ve Aksesuarlar<\/h3><div class=\"special-heading-border\"><div class=\"special-heading-inner-border\"><\/div><\/div><\/div><br \/>\n\n<style type=\"text\/css\" data-created_by=\"avia_inline_auto\" id=\"style-css-av-tp3b01-eef3206f369a9cb7f8a65934616a1864\">\n#top .hr.av-tp3b01-eef3206f369a9cb7f8a65934616a1864{\nmargin-top:30px;\nmargin-bottom:30px;\n}\n.hr.av-tp3b01-eef3206f369a9cb7f8a65934616a1864 .hr-inner{\nwidth:50000px;\nborder-color:#d0d0d0;\n}\n<\/style>\n<div  class='hr av-tp3b01-eef3206f369a9cb7f8a65934616a1864 hr-custom  avia-builder-el-15  el_after_av_heading  el_before_av_iconlist  hr-center hr-icon-no'><span class='hr-inner inner-border-av-border-thin'><span class=\"hr-inner-style\"><\/span><\/span><\/div><br \/>\n\n<style type=\"text\/css\" data-created_by=\"avia_inline_auto\" id=\"style-css-av-rat60h-35017d73754b3ffdf3ece0ead59ea856\">\n#top .avia-icon-list-container.av-rat60h-35017d73754b3ffdf3ece0ead59ea856 .iconlist_icon{\ncolor:#0e8488;\n}\n<\/style>\n<div  id=\"urunaciklama\"  class='avia-icon-list-container av-rat60h-35017d73754b3ffdf3ece0ead59ea856  avia-builder-el-16  el_after_av_hr  avia-builder-el-last  urunaciklama'><ul class='avia-icon-list avia_animate_when_almost_visible avia-icon-list-left av-iconlist-small av-rat60h-35017d73754b3ffdf3ece0ead59ea856 avia-iconlist-animate'><\/ul><\/div><\/p><\/div>\n\n<\/div><\/div><\/div><!-- close content main div --><\/div><\/div><div id='av_section_3'  class='avia-section av-di3fq9-dea747cf7754aba69209c9dc33f3e101 main_color avia-section-default avia-no-border-styling  avia-builder-el-17  el_after_av_section  el_before_av_section  avia-bg-style-scroll container_wrap fullsize'  ><div class='container av-section-cont-open' ><div class='template-page content  av-content-full alpha units'><div class='post-entry post-entry-type-page post-entry-3729'><div class='entry-content-wrapper clearfix'>\n<div  class='avia-button-wrap av-c6prep-aaee094a58a9b9e51a656aa932fe1845-wrap avia-button-center  avia-builder-el-18  avia-builder-el-no-sibling '>\n<style type=\"text\/css\" data-created_by=\"avia_inline_auto\" id=\"style-css-av-c6prep-aaee094a58a9b9e51a656aa932fe1845\">\n#top #wrap_all .avia-button.av-c6prep-aaee094a58a9b9e51a656aa932fe1845{\nbackground-color:#0e8488;\nborder-color:#0e8488;\ncolor:#ffffff;\nborder-style:none;\n-webkit-border-radius:0PX 0PX 0PX 0PX;\n-moz-border-radius:0PX 0PX 0PX 0PX;\nborder-radius:0PX 0PX 0PX 0PX;\n-webkit-transition:all 0.4s ease-in-out;\n-moz-transition:all 0.4s ease-in-out;\n-ms-transition:all 0.4s ease-in-out;\n-o-transition:all 0.4s ease-in-out;\ntransition:all 0.4s ease-in-out;\n}\n#top #wrap_all .avia-button.av-c6prep-aaee094a58a9b9e51a656aa932fe1845:hover{\nbackground-color:#262223;\ncolor:#ffffff;\n-webkit-transition:all 0.4s ease-in-out;\n-moz-transition:all 0.4s ease-in-out;\n-ms-transition:all 0.4s ease-in-out;\n-o-transition:all 0.4s ease-in-out;\ntransition:all 0.4s ease-in-out;\n}\n#top #wrap_all.avia-button.av-c6prep-aaee094a58a9b9e51a656aa932fe1845:hover .avia_button_background{\n-webkit-border-radius:0PX 0PX 0PX 0PX;\n-moz-border-radius:0PX 0PX 0PX 0PX;\nborder-radius:0PX 0PX 0PX 0PX;\n}\n<\/style>\n<a href='https:\/\/limitreduktor.com\/en\/wp-content\/uploads\/2023\/09\/firin-motorlari.pdf'  class='avia-button av-c6prep-aaee094a58a9b9e51a656aa932fe1845 avia-icon_select-yes-left-icon avia-size-large avia-position-center av-icon-on-hover'  target=\"_blank\"  rel=\"noopener noreferrer\" ><span class='avia_button_icon avia_button_icon_left' aria-hidden='true' data-av_icon='\ue823' data-av_iconfont='entypo-fontello'><\/span><span class='avia_iconbox_title' >D\u00d6K\u00dcMAN \u0130ND\u0130R<\/span><\/a><\/div>\n<\/div><\/div><\/div><!-- close content main div --><\/div><\/div><div id='top-left' aria-label='top-left' class='avia-section av-av4l0x-ba760318700c28fbbd87eda83f133341 main_color avia-section-no-padding avia-no-border-styling  avia-builder-el-19  el_after_av_section  avia-builder-el-last  top-left top-left avia-bg-style-scroll container_wrap fullsize'  ><div class='container av-section-cont-open' ><div class='template-page content  av-content-full alpha units'><div class='post-entry post-entry-type-page post-entry-3729'><div class='entry-content-wrapper clearfix'>\n\n<style type=\"text\/css\" data-created_by=\"avia_inline_auto\" id=\"style-css-av-92iu69-fa3277dc94e3ee394815cd7b675bef71\">\n.flex_column.av-92iu69-fa3277dc94e3ee394815cd7b675bef71 .avia-curtain-reveal-overlay{\nz-index:100;\n}\n<\/style>\n<div  id=\"gals-wrap\"  class='flex_column av-92iu69-fa3277dc94e3ee394815cd7b675bef71 av_one_full  avia-builder-el-20  el_before_av_one_full  avia-builder-el-first  gals-wrap gals-wrap first no_margin flex_column_div av-parallax-object  ' data-parallax=\"{&quot;parallax&quot;:&quot;left_right&quot;,&quot;parallax_speed&quot;:&quot;&quot;,&quot;av-desktop-parallax&quot;:&quot;inherit&quot;,&quot;av-desktop-parallax_speed&quot;:&quot;inherit&quot;,&quot;av-medium-parallax&quot;:&quot;inherit&quot;,&quot;av-medium-parallax_speed&quot;:&quot;inherit&quot;,&quot;av-small-parallax&quot;:&quot;inherit&quot;,&quot;av-small-parallax_speed&quot;:&quot;inherit&quot;,&quot;av-mini-parallax&quot;:&quot;inherit&quot;,&quot;av-mini-parallax_speed&quot;:&quot;inherit&quot;,&quot;parallax-container&quot;:&quot;.av-92iu69-fa3277dc94e3ee394815cd7b675bef71&quot;}\"    aria-label='gals-wrap'  ><div class='avia-curtain-reveal-overlay av-animated-when-visible-95 animate-all-devices curtain-reveal-ltr'><\/div><p>\n<style type=\"text\/css\" data-created_by=\"avia_inline_auto\" id=\"style-css-av-6xphpd-aaf354210e360c9a0146612c47096b70\">\n.avia-image-container.av-6xphpd-aaf354210e360c9a0146612c47096b70 img.avia_image{\nbox-shadow:none;\n}\n.avia-image-container.av-6xphpd-aaf354210e360c9a0146612c47096b70 .av-image-caption-overlay-center{\ncolor:#ffffff;\n}\n<\/style>\n<div  id=\"gal-item\"  class='avia-image-container av-6xphpd-aaf354210e360c9a0146612c47096b70 av-styling-no-styling avia-align-center  avia-builder-el-21  el_before_av_image  avia-builder-el-first  gal-item gal-item'   itemprop=\"image\" itemscope=\"itemscope\" itemtype=\"https:\/\/schema.org\/ImageObject\" ><div class=\"avia-image-container-inner\"><div class=\"avia-image-overlay-wrap\"><img decoding=\"async\" class='wp-image-3345 avia-img-lazy-loading-not-3345 avia_image ' src=\"https:\/\/limitreduktor.com\/en\/wp-content\/uploads\/2023\/05\/h1-s2-bg4-1442x508-1.jpg\" alt='' title='h1-s2-bg4-1442x508'  height=\"508\" width=\"1442\"  itemprop=\"thumbnailUrl\" srcset=\"https:\/\/limitreduktor.com\/en\/wp-content\/uploads\/2023\/05\/h1-s2-bg4-1442x508-1.jpg 1442w, https:\/\/limitreduktor.com\/en\/wp-content\/uploads\/2023\/05\/h1-s2-bg4-1442x508-1-300x106.jpg 300w, https:\/\/limitreduktor.com\/en\/wp-content\/uploads\/2023\/05\/h1-s2-bg4-1442x508-1-1030x363.jpg 1030w, https:\/\/limitreduktor.com\/en\/wp-content\/uploads\/2023\/05\/h1-s2-bg4-1442x508-1-768x271.jpg 768w, https:\/\/limitreduktor.com\/en\/wp-content\/uploads\/2023\/05\/h1-s2-bg4-1442x508-1-705x248.jpg 705w\" sizes=\"(max-width: 1442px) 100vw, 1442px\" \/><\/div><\/div><\/div><br \/>\n\n<style type=\"text\/css\" data-created_by=\"avia_inline_auto\" id=\"style-css-av-5uwght-4a97131293b8bc5b1d9b15617b3da78c\">\n.avia-image-container.av-5uwght-4a97131293b8bc5b1d9b15617b3da78c img.avia_image{\nbox-shadow:none;\n}\n.avia-image-container.av-5uwght-4a97131293b8bc5b1d9b15617b3da78c .av-image-caption-overlay-center{\ncolor:#ffffff;\n}\n<\/style>\n<div  id=\"gal-item\"  class='avia-image-container av-5uwght-4a97131293b8bc5b1d9b15617b3da78c av-styling-no-styling avia-align-center  avia-builder-el-22  el_after_av_image  avia-builder-el-last  gal-item gal-item'   itemprop=\"image\" itemscope=\"itemscope\" itemtype=\"https:\/\/schema.org\/ImageObject\" ><div class=\"avia-image-container-inner\"><div class=\"avia-image-overlay-wrap\"><img decoding=\"async\" class='wp-image-3347 avia-img-lazy-loading-not-3347 avia_image ' src=\"https:\/\/limitreduktor.com\/en\/wp-content\/uploads\/2023\/05\/pt-bg-1442x508-1.jpg\" alt='' title='pt-bg-1442x508'  height=\"508\" width=\"1442\"  itemprop=\"thumbnailUrl\" srcset=\"https:\/\/limitreduktor.com\/en\/wp-content\/uploads\/2023\/05\/pt-bg-1442x508-1.jpg 1442w, https:\/\/limitreduktor.com\/en\/wp-content\/uploads\/2023\/05\/pt-bg-1442x508-1-300x106.jpg 300w, https:\/\/limitreduktor.com\/en\/wp-content\/uploads\/2023\/05\/pt-bg-1442x508-1-1030x363.jpg 1030w, https:\/\/limitreduktor.com\/en\/wp-content\/uploads\/2023\/05\/pt-bg-1442x508-1-768x271.jpg 768w, https:\/\/limitreduktor.com\/en\/wp-content\/uploads\/2023\/05\/pt-bg-1442x508-1-705x248.jpg 705w\" sizes=\"(max-width: 1442px) 100vw, 1442px\" \/><\/div><\/div><\/div><\/p><\/div>\n<style type=\"text\/css\" data-created_by=\"avia_inline_auto\" id=\"style-css-av-4nn3oh-9541994dd22f573f0b4cb610507131a8\">\n.flex_column.av-4nn3oh-9541994dd22f573f0b4cb610507131a8 .avia-curtain-reveal-overlay{\nz-index:100;\n}\n<\/style>\n<div  id=\"gals-wrapalt\"  class='flex_column av-4nn3oh-9541994dd22f573f0b4cb610507131a8 av_one_full  avia-builder-el-23  el_after_av_one_full  avia-builder-el-last  gals-wrapalt gals-wrapalt first flex_column_div av-parallax-object  column-top-margin' data-parallax=\"{&quot;parallax&quot;:&quot;right_left&quot;,&quot;parallax_speed&quot;:&quot;&quot;,&quot;av-desktop-parallax&quot;:&quot;inherit&quot;,&quot;av-desktop-parallax_speed&quot;:&quot;inherit&quot;,&quot;av-medium-parallax&quot;:&quot;inherit&quot;,&quot;av-medium-parallax_speed&quot;:&quot;inherit&quot;,&quot;av-small-parallax&quot;:&quot;inherit&quot;,&quot;av-small-parallax_speed&quot;:&quot;inherit&quot;,&quot;av-mini-parallax&quot;:&quot;inherit&quot;,&quot;av-mini-parallax_speed&quot;:&quot;inherit&quot;,&quot;parallax-container&quot;:&quot;.av-4nn3oh-9541994dd22f573f0b4cb610507131a8&quot;}\"    aria-label='gals-wrapalt'  ><div class='avia-curtain-reveal-overlay av-animated-when-visible-95 animate-all-devices curtain-reveal-rtl'><\/div><\/div>\n<\/p>\n","protected":false},"excerpt":{"rendered":"","protected":false},"author":1,"featured_media":0,"parent":0,"menu_order":0,"comment_status":"closed","ping_status":"closed","template":"","meta":{"footnotes":""},"class_list":["post-3729","page","type-page","status-publish","hentry"],"_links":{"self":[{"href":"https:\/\/limitreduktor.com\/en\/wp-json\/wp\/v2\/pages\/3729","targetHints":{"allow":["GET"]}}],"collection":[{"href":"https:\/\/limitreduktor.com\/en\/wp-json\/wp\/v2\/pages"}],"about":[{"href":"https:\/\/limitreduktor.com\/en\/wp-json\/wp\/v2\/types\/page"}],"author":[{"embeddable":true,"href":"https:\/\/limitreduktor.com\/en\/wp-json\/wp\/v2\/users\/1"}],"replies":[{"embeddable":true,"href":"https:\/\/limitreduktor.com\/en\/wp-json\/wp\/v2\/comments?post=3729"}],"version-history":[{"count":6,"href":"https:\/\/limitreduktor.com\/en\/wp-json\/wp\/v2\/pages\/3729\/revisions"}],"predecessor-version":[{"id":4278,"href":"https:\/\/limitreduktor.com\/en\/wp-json\/wp\/v2\/pages\/3729\/revisions\/4278"}],"wp:attachment":[{"href":"https:\/\/limitreduktor.com\/en\/wp-json\/wp\/v2\/media?parent=3729"}],"curies":[{"name":"wp","href":"https:\/\/api.w.org\/{rel}","templated":true}]}}