{"id":4050,"date":"2023-09-05T10:44:35","date_gmt":"2023-09-05T07:44:35","guid":{"rendered":"https:\/\/limitreduktor.com\/en\/?page_id=4050"},"modified":"2023-12-01T13:19:36","modified_gmt":"2023-12-01T10:19:36","slug":"heavy-industry-sector","status":"publish","type":"page","link":"https:\/\/limitreduktor.com\/en\/heavy-industry-sector\/","title":{"rendered":"Heavy Industry Sector"},"content":{"rendered":"<div id='top-left' aria-label='top-left' class='avia-section av-hpgote-00a75781b9139e6bd55893881f6c5736 main_color avia-section-no-padding avia-no-border-styling  avia-builder-el-0  el_before_av_section  avia-builder-el-first  top-left top-left avia-bg-style-scroll container_wrap fullsize'  ><div class='container av-section-cont-open' ><main  role=\"main\" itemprop=\"mainContentOfPage\"  class='template-page content  av-content-full alpha units'><div class='post-entry post-entry-type-page post-entry-4050'><div class='entry-content-wrapper clearfix'>\n\n<style type=\"text\/css\" data-created_by=\"avia_inline_auto\" id=\"style-css-av-g3v01e-6da03e9c735aae76502b6f97ec76b89a\">\n.flex_column.av-g3v01e-6da03e9c735aae76502b6f97ec76b89a .avia-curtain-reveal-overlay{\nz-index:100;\n}\n<\/style>\n<div  id=\"gals-wrap\"  class='flex_column av-g3v01e-6da03e9c735aae76502b6f97ec76b89a av_one_full  avia-builder-el-1  el_before_av_one_full  avia-builder-el-first  gals-wrap gals-wrap first no_margin flex_column_div av-parallax-object  ' data-parallax=\"{&quot;parallax&quot;:&quot;left_right&quot;,&quot;parallax_speed&quot;:&quot;&quot;,&quot;av-desktop-parallax&quot;:&quot;inherit&quot;,&quot;av-desktop-parallax_speed&quot;:&quot;inherit&quot;,&quot;av-medium-parallax&quot;:&quot;inherit&quot;,&quot;av-medium-parallax_speed&quot;:&quot;inherit&quot;,&quot;av-small-parallax&quot;:&quot;inherit&quot;,&quot;av-small-parallax_speed&quot;:&quot;inherit&quot;,&quot;av-mini-parallax&quot;:&quot;inherit&quot;,&quot;av-mini-parallax_speed&quot;:&quot;inherit&quot;,&quot;parallax-container&quot;:&quot;.av-g3v01e-6da03e9c735aae76502b6f97ec76b89a&quot;}\"    aria-label='gals-wrap'  ><div class='avia-curtain-reveal-overlay av-animated-when-visible-95 animate-all-devices curtain-reveal-ltr'><\/div><p>\n<style type=\"text\/css\" data-created_by=\"avia_inline_auto\" id=\"style-css-av-dz4nle-7261ee1c1dcae79d67df735b29343ec3\">\n.avia-image-container.av-dz4nle-7261ee1c1dcae79d67df735b29343ec3 img.avia_image{\nbox-shadow:none;\n}\n.avia-image-container.av-dz4nle-7261ee1c1dcae79d67df735b29343ec3 .av-image-caption-overlay-center{\ncolor:#ffffff;\n}\n<\/style>\n<div  id=\"gal-item\"  class='avia-image-container av-dz4nle-7261ee1c1dcae79d67df735b29343ec3 av-styling-no-styling avia-align-center  avia-builder-el-2  el_before_av_image  avia-builder-el-first  gal-item gal-item'   itemprop=\"image\" itemscope=\"itemscope\" itemtype=\"https:\/\/schema.org\/ImageObject\" ><div class=\"avia-image-container-inner\"><div class=\"avia-image-overlay-wrap\"><img decoding=\"async\" class='wp-image-4219 avia-img-lazy-loading-not-4219 avia_image ' src=\"https:\/\/limitreduktor.com\/en\/wp-content\/uploads\/2023\/09\/dokumhane.jpg\" alt='' title='dokumhane'  height=\"508\" width=\"1442\"  itemprop=\"thumbnailUrl\" srcset=\"https:\/\/limitreduktor.com\/en\/wp-content\/uploads\/2023\/09\/dokumhane.jpg 1442w, https:\/\/limitreduktor.com\/en\/wp-content\/uploads\/2023\/09\/dokumhane-300x106.jpg 300w, https:\/\/limitreduktor.com\/en\/wp-content\/uploads\/2023\/09\/dokumhane-1030x363.jpg 1030w, https:\/\/limitreduktor.com\/en\/wp-content\/uploads\/2023\/09\/dokumhane-768x271.jpg 768w, https:\/\/limitreduktor.com\/en\/wp-content\/uploads\/2023\/09\/dokumhane-705x248.jpg 705w\" sizes=\"(max-width: 1442px) 100vw, 1442px\" \/><\/div><\/div><\/div><br \/>\n\n<style type=\"text\/css\" data-created_by=\"avia_inline_auto\" id=\"style-css-av-cpmhtu-ef2ea34188a53dc93e09437273f582fe\">\n.avia-image-container.av-cpmhtu-ef2ea34188a53dc93e09437273f582fe img.avia_image{\nbox-shadow:none;\n}\n.avia-image-container.av-cpmhtu-ef2ea34188a53dc93e09437273f582fe .av-image-caption-overlay-center{\ncolor:#ffffff;\n}\n<\/style>\n<div  id=\"gal-item\"  class='avia-image-container av-cpmhtu-ef2ea34188a53dc93e09437273f582fe av-styling-no-styling avia-align-center  avia-builder-el-3  el_after_av_image  avia-builder-el-last  gal-item gal-item'   itemprop=\"image\" itemscope=\"itemscope\" itemtype=\"https:\/\/schema.org\/ImageObject\" ><div class=\"avia-image-container-inner\"><div class=\"avia-image-overlay-wrap\"><img decoding=\"async\" class='wp-image-4218 avia-img-lazy-loading-not-4218 avia_image ' src=\"https:\/\/limitreduktor.com\/en\/wp-content\/uploads\/2023\/09\/Agir-Endustri-Sektoru.jpg\" alt='' title='A\u011f\u0131r-End\u00fcstri-Sekt\u00f6r\u00fc'  height=\"508\" width=\"1442\"  itemprop=\"thumbnailUrl\" srcset=\"https:\/\/limitreduktor.com\/en\/wp-content\/uploads\/2023\/09\/Agir-Endustri-Sektoru.jpg 1442w, https:\/\/limitreduktor.com\/en\/wp-content\/uploads\/2023\/09\/Agir-Endustri-Sektoru-300x106.jpg 300w, https:\/\/limitreduktor.com\/en\/wp-content\/uploads\/2023\/09\/Agir-Endustri-Sektoru-1030x363.jpg 1030w, https:\/\/limitreduktor.com\/en\/wp-content\/uploads\/2023\/09\/Agir-Endustri-Sektoru-768x271.jpg 768w, https:\/\/limitreduktor.com\/en\/wp-content\/uploads\/2023\/09\/Agir-Endustri-Sektoru-705x248.jpg 705w\" sizes=\"(max-width: 1442px) 100vw, 1442px\" \/><\/div><\/div><\/div><\/p><\/div>\n<style type=\"text\/css\" data-created_by=\"avia_inline_auto\" id=\"style-css-av-ae3lde-e6d7536b4916d5aa60f8246f78cfa3d5\">\n.flex_column.av-ae3lde-e6d7536b4916d5aa60f8246f78cfa3d5 .avia-curtain-reveal-overlay{\nz-index:100;\n}\n<\/style>\n<div  id=\"gals-wrapalt\"  class='flex_column av-ae3lde-e6d7536b4916d5aa60f8246f78cfa3d5 av_one_full  avia-builder-el-4  el_after_av_one_full  avia-builder-el-last  gals-wrapalt gals-wrapalt first flex_column_div av-parallax-object  column-top-margin' data-parallax=\"{&quot;parallax&quot;:&quot;right_left&quot;,&quot;parallax_speed&quot;:&quot;&quot;,&quot;av-desktop-parallax&quot;:&quot;inherit&quot;,&quot;av-desktop-parallax_speed&quot;:&quot;inherit&quot;,&quot;av-medium-parallax&quot;:&quot;inherit&quot;,&quot;av-medium-parallax_speed&quot;:&quot;inherit&quot;,&quot;av-small-parallax&quot;:&quot;inherit&quot;,&quot;av-small-parallax_speed&quot;:&quot;inherit&quot;,&quot;av-mini-parallax&quot;:&quot;inherit&quot;,&quot;av-mini-parallax_speed&quot;:&quot;inherit&quot;,&quot;parallax-container&quot;:&quot;.av-ae3lde-e6d7536b4916d5aa60f8246f78cfa3d5&quot;}\"    aria-label='gals-wrapalt'  ><div class='avia-curtain-reveal-overlay av-animated-when-visible-95 animate-all-devices curtain-reveal-rtl'><\/div><\/div><\/div><\/div><\/main><!-- close content main element --><\/div><\/div><div id='av_section_2'  class='avia-section av-p92w2-b871fd1fa6de3975addc1142fd3b1c40 main_color avia-section-default avia-no-border-styling  avia-builder-el-6  el_after_av_section  el_before_av_section  avia-bg-style-scroll container_wrap fullsize'  ><div class='container av-section-cont-open' ><div class='template-page content  av-content-full alpha units'><div class='post-entry post-entry-type-page post-entry-4050'><div class='entry-content-wrapper clearfix'>\n\n<style type=\"text\/css\" data-created_by=\"avia_inline_auto\" id=\"style-css-av-61wb3m-9131f6411412306eb47cb59eac4a8972\">\n.flex_column.av-61wb3m-9131f6411412306eb47cb59eac4a8972{\npadding:0 5% 0 0;\n}\n<\/style>\n<div  id=\"soltaraf\"  class='flex_column av-61wb3m-9131f6411412306eb47cb59eac4a8972 av_one_full  avia-builder-el-7  avia-builder-el-no-sibling  soltaraf soltaraf first flex_column_div  '     ><p>\n<style type=\"text\/css\" data-created_by=\"avia_inline_auto\" id=\"style-css-av-lm606p3z-7e4afc287d41132b55054fcca7d9aa7a\">\n#top .av-special-heading.av-lm606p3z-7e4afc287d41132b55054fcca7d9aa7a{\nmargin:0px 0px 0px 0px;\nfont-size:48px;\n}\nbody .av-special-heading.av-lm606p3z-7e4afc287d41132b55054fcca7d9aa7a .av-special-heading-tag .heading-char{\nfont-size:25px;\n}\n#top #wrap_all .av-special-heading.av-lm606p3z-7e4afc287d41132b55054fcca7d9aa7a .av-special-heading-tag{\nfont-size:48px;\npadding:0 0 0 50px;\n}\n.av-special-heading.av-lm606p3z-7e4afc287d41132b55054fcca7d9aa7a .av-subheading{\nfont-size:15px;\n}\n\n@media only screen and (min-width: 480px) and (max-width: 767px){ \n#top #wrap_all .av-special-heading.av-lm606p3z-7e4afc287d41132b55054fcca7d9aa7a .av-special-heading-tag{\nfont-size:0.8em;\n}\n}\n\n@media only screen and (max-width: 479px){ \n#top #wrap_all .av-special-heading.av-lm606p3z-7e4afc287d41132b55054fcca7d9aa7a .av-special-heading-tag{\nfont-size:0.8em;\n}\n}\n<\/style>\n<div  id=\"girisbaslik\"  class='av-special-heading av-lm606p3z-7e4afc287d41132b55054fcca7d9aa7a av-special-heading-h3 blockquote modern-quote  avia-builder-el-8  el_before_av_hr  avia-builder-el-first  girisbaslik girisbaslik av-inherit-size'><h3 class='av-special-heading-tag'  itemprop=\"headline\"  >Heavy Industry Sector<\/h3><div class=\"special-heading-border\"><div class=\"special-heading-inner-border\"><\/div><\/div><\/div><br \/>\n\n<style type=\"text\/css\" data-created_by=\"avia_inline_auto\" id=\"style-css-av-4j3saq-9d7f6ea73176b49ff0d179408936e4de\">\n#top .hr.av-4j3saq-9d7f6ea73176b49ff0d179408936e4de{\nmargin-top:30px;\nmargin-bottom:30px;\n}\n.hr.av-4j3saq-9d7f6ea73176b49ff0d179408936e4de .hr-inner{\nwidth:50000px;\nborder-color:#d0d0d0;\n}\n<\/style>\n<div  class='hr av-4j3saq-9d7f6ea73176b49ff0d179408936e4de hr-custom  avia-builder-el-9  el_after_av_heading  el_before_av_textblock  hr-center hr-icon-no'><span class='hr-inner inner-border-av-border-thin'><span class=\"hr-inner-style\"><\/span><\/span><\/div><br \/>\n<section  class='av_textblock_section av-lm608uf9-39f9f13f38277acbe5709c9a08f4376d '   itemscope=\"itemscope\" itemtype=\"https:\/\/schema.org\/CreativeWork\" ><div class='avia_textblock'  itemprop=\"text\" ><p>In heavy industrial sectors, reducers are important for regulating the operation of machines and equipment with large torque and low speed requirements. In these sectors, reducers are used to increase productivity, optimize energy efficiency and prevent overload. Some examples of reducer use in heavy industrial sectors are:<\/p>\n<p><strong>Steel Production:<\/strong> Steel production is a key component of heavy industry. In this sector, reducers are used in rolling mills, foundries and annealing furnaces. Reducers control the rotational movement of rolling mills, casting machines and furnaces.<\/p>\n<p><strong>Mining and Mineral Processing:<\/strong> Large machines used in mining facilities require large torque to extract and process minerals. Reducers are used in many mining equipment, from excavators to conveyor systems and crusher machines.<\/p>\n<p><strong>Power Generation:<\/strong> In heavy industrial power generation facilities, gearboxes are often used in turbines, generators and other power generation equipment.<\/p>\n<p><strong>Maritime and Port Operations:<\/strong> Large cargo ships, port equipment and cranes have reducers. Reducers control the load carrying and processing capacity of these equipment<\/p>\n<p><strong>Rail Transportation:<\/strong> In the railway industry, reducers of locomotives and trains enable them to move safely and efficiently on the rails.<\/p>\n<p>Heavy Transportation and Construction: Large transportation vehicles and construction machinery are equipped with reducers to transport and process heavy loads.<\/p>\n<p>Cement and Concrete Production: Cement plants and concrete plants contain large mills, mixers and conveyor systems powered by reducers.<\/p>\n<p>Waste Management and Recycling: Waste facilities use reducers to process and recycle waste.<\/p>\n<p>These examples demonstrate the wide range of applications of gear units in heavy industrial sectors. Reducers ensure efficient and safe operation of machines in these sectors, prevent overloading and wear, and save energy. Therefore, in heavy industrial sectors, reducers help businesses increase their productivity and profitability.<\/p>\n<\/div><\/section><\/p><\/div><\/div><\/div><\/div><!-- close content main div --><\/div><\/div><div id='av_section_3'  class='avia-section av-1xz5uq-1a54026a8096cd8ff7f5a2b3d3b36169 main_color avia-section-default avia-no-border-styling  avia-builder-el-11  el_after_av_section  avia-builder-el-last  avia-bg-style-scroll container_wrap fullsize'  ><div class='container av-section-cont-open' ><div class='template-page content  av-content-full alpha units'><div class='post-entry post-entry-type-page post-entry-4050'><div class='entry-content-wrapper clearfix'><\/p>\n","protected":false},"excerpt":{"rendered":"","protected":false},"author":2,"featured_media":0,"parent":0,"menu_order":0,"comment_status":"closed","ping_status":"closed","template":"","meta":{"footnotes":""},"class_list":["post-4050","page","type-page","status-publish","hentry"],"_links":{"self":[{"href":"https:\/\/limitreduktor.com\/en\/wp-json\/wp\/v2\/pages\/4050","targetHints":{"allow":["GET"]}}],"collection":[{"href":"https:\/\/limitreduktor.com\/en\/wp-json\/wp\/v2\/pages"}],"about":[{"href":"https:\/\/limitreduktor.com\/en\/wp-json\/wp\/v2\/types\/page"}],"author":[{"embeddable":true,"href":"https:\/\/limitreduktor.com\/en\/wp-json\/wp\/v2\/users\/2"}],"replies":[{"embeddable":true,"href":"https:\/\/limitreduktor.com\/en\/wp-json\/wp\/v2\/comments?post=4050"}],"version-history":[{"count":8,"href":"https:\/\/limitreduktor.com\/en\/wp-json\/wp\/v2\/pages\/4050\/revisions"}],"predecessor-version":[{"id":4217,"href":"https:\/\/limitreduktor.com\/en\/wp-json\/wp\/v2\/pages\/4050\/revisions\/4217"}],"wp:attachment":[{"href":"https:\/\/limitreduktor.com\/en\/wp-json\/wp\/v2\/media?parent=4050"}],"curies":[{"name":"wp","href":"https:\/\/api.w.org\/{rel}","templated":true}]}}