{"id":4097,"date":"2023-09-06T12:08:15","date_gmt":"2023-09-06T09:08:15","guid":{"rendered":"https:\/\/limitreduktor.com\/en\/?page_id=4097"},"modified":"2023-09-27T14:04:39","modified_gmt":"2023-09-27T11:04:39","slug":"1fazli-motorlar-tek-fazli-motor","status":"publish","type":"page","link":"https:\/\/limitreduktor.com\/en\/1fazli-motorlar-tek-fazli-motor\/","title":{"rendered":"1 Fazl\u0131 Motorlar"},"content":{"rendered":"<div id='av_section_1'  class='avia-section av-av_section-e147dbef25ffabac22f782f451fec362 main_color avia-section-default avia-no-border-styling  avia-builder-el-0  el_before_av_section  avia-builder-el-first  avia-bg-style-scroll container_wrap fullsize'  ><div class='container av-section-cont-open' ><main  role=\"main\" itemprop=\"mainContentOfPage\"  class='template-page content  av-content-full alpha units'><div class='post-entry post-entry-type-page post-entry-4097'><div class='entry-content-wrapper clearfix'>\n<div  class='flex_column av-av_one_half-de0dd98be87d704d471d94f6f5240d9a av_one_half  avia-builder-el-1  el_before_av_one_half  avia-builder-el-first  first flex_column_div av-animated-generic bottom-to-top  '     ><p>\n<style type=\"text\/css\" data-created_by=\"avia_inline_auto\" id=\"style-css-av-av_image-b5538f3833d903813d27e01bec5ee3ba\">\n.avia-image-container.av-av_image-b5538f3833d903813d27e01bec5ee3ba img.avia_image{\nbox-shadow:none;\n}\n.avia-image-container.av-av_image-b5538f3833d903813d27e01bec5ee3ba .av-image-caption-overlay-center{\ncolor:#ffffff;\n}\n<\/style>\n<div  class='avia-image-container av-av_image-b5538f3833d903813d27e01bec5ee3ba av-styling- avia-align-center  avia-builder-el-2  el_before_av_heading  avia-builder-el-first '   itemprop=\"image\" itemscope=\"itemscope\" itemtype=\"https:\/\/schema.org\/ImageObject\" ><div class=\"avia-image-container-inner\"><div class=\"avia-image-overlay-wrap\"><a href=\"https:\/\/limitreduktor.com\/en\/wp-content\/uploads\/2023\/08\/dumantahliye2-1030x682.jpg\" data-srcset=\"https:\/\/limitreduktor.com\/en\/wp-content\/uploads\/2023\/08\/dumantahliye2-1030x682.jpg 1030w, https:\/\/limitreduktor.com\/en\/wp-content\/uploads\/2023\/08\/dumantahliye2-300x199.jpg 300w, https:\/\/limitreduktor.com\/en\/wp-content\/uploads\/2023\/08\/dumantahliye2-768x509.jpg 768w, https:\/\/limitreduktor.com\/en\/wp-content\/uploads\/2023\/08\/dumantahliye2-705x467.jpg 705w, https:\/\/limitreduktor.com\/en\/wp-content\/uploads\/2023\/08\/dumantahliye2.jpg 1200w\" data-sizes=\"(max-width: 1030px) 100vw, 1030px\" class='avia_image' ><img decoding=\"async\" class='wp-image-3887 avia-img-lazy-loading-not-3887 avia_image ' src=\"https:\/\/limitreduktor.com\/en\/wp-content\/uploads\/2023\/08\/dumantahliye2.jpg\" alt='' title='dumantahliye2'  height=\"795\" width=\"1200\"  itemprop=\"thumbnailUrl\" srcset=\"https:\/\/limitreduktor.com\/en\/wp-content\/uploads\/2023\/08\/dumantahliye2.jpg 1200w, https:\/\/limitreduktor.com\/en\/wp-content\/uploads\/2023\/08\/dumantahliye2-300x199.jpg 300w, https:\/\/limitreduktor.com\/en\/wp-content\/uploads\/2023\/08\/dumantahliye2-1030x682.jpg 1030w, https:\/\/limitreduktor.com\/en\/wp-content\/uploads\/2023\/08\/dumantahliye2-768x509.jpg 768w, https:\/\/limitreduktor.com\/en\/wp-content\/uploads\/2023\/08\/dumantahliye2-705x467.jpg 705w\" sizes=\"(max-width: 1200px) 100vw, 1200px\" \/><\/a><\/div><\/div><\/div><br \/>\n\n<style type=\"text\/css\" data-created_by=\"avia_inline_auto\" id=\"style-css-av-lm7hx97h-0e7438ed89b160ed6698514184211547\">\n#top .av-special-heading.av-lm7hx97h-0e7438ed89b160ed6698514184211547{\nmargin:0px 0px 0px 0px;\nfont-size:25px;\n}\nbody .av-special-heading.av-lm7hx97h-0e7438ed89b160ed6698514184211547 .av-special-heading-tag .heading-char{\nfont-size:25px;\n}\n#top #wrap_all .av-special-heading.av-lm7hx97h-0e7438ed89b160ed6698514184211547 .av-special-heading-tag{\nfont-size:25px;\npadding:0 0 0 50px;\n}\n.av-special-heading.av-lm7hx97h-0e7438ed89b160ed6698514184211547 .av-subheading{\nfont-size:15px;\n}\n\n@media only screen and (min-width: 480px) and (max-width: 767px){ \n#top #wrap_all .av-special-heading.av-lm7hx97h-0e7438ed89b160ed6698514184211547 .av-special-heading-tag{\nfont-size:0.8em;\n}\n}\n\n@media only screen and (max-width: 479px){ \n#top #wrap_all .av-special-heading.av-lm7hx97h-0e7438ed89b160ed6698514184211547 .av-special-heading-tag{\nfont-size:0.8em;\n}\n}\n<\/style>\n<div  id=\"girisbaslik\"  class='av-special-heading av-lm7hx97h-0e7438ed89b160ed6698514184211547 av-special-heading-h3 blockquote modern-quote  avia-builder-el-3  el_after_av_image  el_before_av_textblock  girisbaslik girisbaslik av-inherit-size'><h3 class='av-special-heading-tag'  itemprop=\"headline\"  >1 Fazl\u0131 Asenkron Motorun \u00d6zellikleri; <\/h3><div class=\"special-heading-border\"><div class=\"special-heading-inner-border\"><\/div><\/div><\/div><br \/>\n<section  class='av_textblock_section av-lm7hxfor-b95e263fc7d4c33a4229b79d93b5efce '   itemscope=\"itemscope\" itemtype=\"https:\/\/schema.org\/CreativeWork\" ><div class='avia_textblock'  itemprop=\"text\" ><ul>\n<li>H\u0131z Aral\u0131\u011f\u0131: Asenkron tek fazl\u0131 motor tipik olarak \u00e7e\u015fitli uygulamalar i\u00e7in uygun orta d\u00fczeyde bir h\u0131z aral\u0131\u011f\u0131 sunar.<\/li>\n<li>G\u00fc\u00e7 Aral\u0131\u011f\u0131: Bu motorlar, \u00e7ok \u00e7e\u015fitli y\u00fck gereksinimlerini kar\u015f\u0131lamalar\u0131na olanak tan\u0131yan farkl\u0131 g\u00fc\u00e7 de\u011ferlerinde mevcuttur.<\/li>\n<li>G\u00f6vde Aral\u0131\u011f\u0131: Tek fazl\u0131 asenkron motorlar, farkl\u0131 ekipman ve makinelere uyacak \u015fekilde \u00e7e\u015fitli boyutlarda ve konfig\u00fcrasyonlarda gelir.<\/li>\n<li>Verimlilik: \u00dc\u00e7 fazl\u0131 motorlar kadar verimli olmasa da, tek fazl\u0131 asenkron motorlar yine de uygulamalar\u0131 i\u00e7in iyi bir verimlilik sa\u011flar.<\/li>\n<li>Ba\u015flang\u0131\u00e7 Torku: Tek fazl\u0131 asenkron motorlar, \u00fc\u00e7 fazl\u0131 motorlara k\u0131yasla daha d\u00fc\u015f\u00fck ba\u015flang\u0131\u00e7 torkuna sahiptir.<\/li>\n<li>Uygun Maliyetli: Bu motorlar di\u011fer motor t\u00fcrlerine k\u0131yasla genellikle uygun maliyetli ve ekonomiktir.<\/li>\n<li>Uyumluluk: Tek fazl\u0131 asenkron motorlar, konutlarda ve k\u00fc\u00e7\u00fck \u00f6l\u00e7ekli ticari ortamlarda yayg\u0131n olarak bulunan standart tek fazl\u0131 g\u00fc\u00e7 kayna\u011f\u0131 sistemleriyle uyumludur.<\/li>\n<li>Bak\u0131m: Minimum bak\u0131m gerektirirler: Minimum bak\u0131m gerektirirler, bu da onlar\u0131 kullan\u0131c\u0131lar i\u00e7in uygun hale getirir.<\/li>\n<li>G\u00fcr\u00fclt\u00fc ve Titre\u015fim: Tek fazl\u0131 asenkron motorlar genellikle \u00e7al\u0131\u015fma s\u0131ras\u0131nda d\u00fc\u015f\u00fck d\u00fczeyde g\u00fcr\u00fclt\u00fc ve titre\u015fim sergiler.<\/li>\n<\/ul>\n<\/div><\/section><\/p><\/div><div  id=\"soltaraf\"  class='flex_column av-av_one_half-c7d8b8aeca199296e7369b076ec5460f av_one_half  avia-builder-el-5  el_after_av_one_half  avia-builder-el-last  soltaraf soltaraf flex_column_div av-animated-generic bottom-to-top  '     ><p>\n<style type=\"text\/css\" data-created_by=\"avia_inline_auto\" id=\"style-css-av-lm7ht65l-79d160689db743b715a28d96b101849a\">\n#top .av-special-heading.av-lm7ht65l-79d160689db743b715a28d96b101849a{\nmargin:0px 0px 0px 0px;\ncolor:#231f20;\nfont-size:48px;\n}\nbody .av-special-heading.av-lm7ht65l-79d160689db743b715a28d96b101849a .av-special-heading-tag .heading-char{\nfont-size:25px;\n}\n#top #wrap_all .av-special-heading.av-lm7ht65l-79d160689db743b715a28d96b101849a .av-special-heading-tag{\nfont-size:48px;\npadding:0 0 0 50px;\n}\n.av-special-heading.av-lm7ht65l-79d160689db743b715a28d96b101849a .special-heading-inner-border{\nborder-color:#231f20;\n}\n.av-special-heading.av-lm7ht65l-79d160689db743b715a28d96b101849a .av-subheading{\nfont-size:15px;\ncolor:#0e8488;\n}\n\n@media only screen and (min-width: 480px) and (max-width: 767px){ \n#top #wrap_all .av-special-heading.av-lm7ht65l-79d160689db743b715a28d96b101849a .av-special-heading-tag{\nfont-size:0.8em;\n}\n}\n\n@media only screen and (max-width: 479px){ \n#top #wrap_all .av-special-heading.av-lm7ht65l-79d160689db743b715a28d96b101849a .av-special-heading-tag{\nfont-size:0.8em;\n}\n}\n<\/style>\n<div  id=\"girisbaslik\"  class='av-special-heading av-lm7ht65l-79d160689db743b715a28d96b101849a av-special-heading-h3 custom-color-heading blockquote modern-quote  avia-builder-el-6  el_before_av_hr  avia-builder-el-first  girisbaslik girisbaslik av-inherit-size'><h3 class='av-special-heading-tag'  itemprop=\"headline\"  >1 Fazl\u0131 Motorlar <\/h3><div class=\"special-heading-border\"><div class=\"special-heading-inner-border\"><\/div><\/div><\/div><br \/>\n\n<style type=\"text\/css\" data-created_by=\"avia_inline_auto\" id=\"style-css-av-av_hr-a56c7c17de86cb6f4de3f81060ad6b8b\">\n#top .hr.av-av_hr-a56c7c17de86cb6f4de3f81060ad6b8b{\nmargin-top:30px;\nmargin-bottom:30px;\n}\n.hr.av-av_hr-a56c7c17de86cb6f4de3f81060ad6b8b .hr-inner{\nwidth:50000px;\nborder-color:#d0d0d0;\n}\n<\/style>\n<div  class='hr av-av_hr-a56c7c17de86cb6f4de3f81060ad6b8b hr-custom  avia-builder-el-7  el_after_av_heading  el_before_av_textblock  hr-center hr-icon-no'><span class='hr-inner inner-border-av-border-thin'><span class=\"hr-inner-style\"><\/span><\/span><\/div><br \/>\n<section  class='av_textblock_section av-lm7htrga-5eae57ac5018b072ec4f3193258d0464 '   itemscope=\"itemscope\" itemtype=\"https:\/\/schema.org\/CreativeWork\" ><div class='avia_textblock'  itemprop=\"text\" ><p>Tek fazl\u0131 bir g\u00fc\u00e7 kayna\u011f\u0131 \u00fczerinde \u00e7al\u0131\u015fan tek fazl\u0131 asenkron motor, \u00fc\u00e7 fazl\u0131 motorlarla ayn\u0131 mekanik standartlara uygundur. Ana ve yard\u0131mc\u0131 sarg\u0131lar\u0131 kullanarak d\u00f6nen bir manyetik alan olu\u015fturmak i\u00e7in elektromanyetik ind\u00fcksiyona dayan\u0131rlar. Bu motorlar, ama\u00e7lanan uygulamadaki tek fazl\u0131 bir kontakt\u00f6re ba\u011fl\u0131 olarak kal\u0131c\u0131 kapasit\u00f6rler veya ba\u015flatma ve kal\u0131c\u0131 devre kapasit\u00f6rleri ile donat\u0131labilir. Daha basit bir yap\u0131ya sahip olmalar\u0131na ra\u011fmen, tek fazl\u0131 motorlar \u00fc\u00e7 fazl\u0131 motorlara k\u0131yasla daha d\u00fc\u015f\u00fck ba\u015flatma torku ve verimlilik sunar.<\/p>\n<\/div><\/section><br \/>\n\n<style type=\"text\/css\" data-created_by=\"avia_inline_auto\" id=\"style-css-av-lm7iiqgn-2e6c997d15d7b5601100983f3a3502cc\">\n#top .av-special-heading.av-lm7iiqgn-2e6c997d15d7b5601100983f3a3502cc{\nmargin:0px 0px 0px 0px;\ncolor:#231f20;\nfont-size:48px;\n}\nbody .av-special-heading.av-lm7iiqgn-2e6c997d15d7b5601100983f3a3502cc .av-special-heading-tag .heading-char{\nfont-size:25px;\n}\n#top #wrap_all .av-special-heading.av-lm7iiqgn-2e6c997d15d7b5601100983f3a3502cc .av-special-heading-tag{\nfont-size:48px;\npadding:0 0 0 50px;\n}\n.av-special-heading.av-lm7iiqgn-2e6c997d15d7b5601100983f3a3502cc .special-heading-inner-border{\nborder-color:#231f20;\n}\n.av-special-heading.av-lm7iiqgn-2e6c997d15d7b5601100983f3a3502cc .av-subheading{\nfont-size:15px;\ncolor:#0e8488;\n}\n\n@media only screen and (min-width: 480px) and (max-width: 767px){ \n#top #wrap_all .av-special-heading.av-lm7iiqgn-2e6c997d15d7b5601100983f3a3502cc .av-special-heading-tag{\nfont-size:0.8em;\n}\n}\n\n@media only screen and (max-width: 479px){ \n#top #wrap_all .av-special-heading.av-lm7iiqgn-2e6c997d15d7b5601100983f3a3502cc .av-special-heading-tag{\nfont-size:0.8em;\n}\n}\n<\/style>\n<div  id=\"girisbaslik\"  class='av-special-heading av-lm7iiqgn-2e6c997d15d7b5601100983f3a3502cc av-special-heading-h3 custom-color-heading blockquote modern-quote  avia-builder-el-9  el_after_av_textblock  el_before_av_textblock  girisbaslik girisbaslik av-inherit-size'><h3 class='av-special-heading-tag'  itemprop=\"headline\"  >Avantajlar\u0131 <\/h3><div class=\"special-heading-border\"><div class=\"special-heading-inner-border\"><\/div><\/div><\/div><br \/>\n<section  class='av_textblock_section av-lm7ij2nk-514ce920bf67b432014bdc4b5a20a2b2 '   itemscope=\"itemscope\" itemtype=\"https:\/\/schema.org\/CreativeWork\" ><div class='avia_textblock'  itemprop=\"text\" ><ul>\n<li>Yayg\u0131n olarak eri\u015filebilir ve yayg\u0131n olarak kullan\u0131l\u0131r.<\/li>\n<li>Uygun fiyatl\u0131 ve b\u00fct\u00e7e dostu.<\/li>\n<li>Daha basit tasar\u0131m ve kolay bak\u0131m.<\/li>\n<li>Standart tek fazl\u0131 g\u00fc\u00e7 kayna\u011f\u0131 sistemleri ile uyumludur.<\/li>\n<li>Daha k\u00fc\u00e7\u00fck ve hafiftir, s\u0131n\u0131rl\u0131 alanlar i\u00e7in uygundur.<\/li>\n<li>\u00c7ok \u00e7e\u015fitli konut ve hafif end\u00fcstriyel uygulamalarda uygulanabilir.<\/li>\n<li>Sadece tek fazl\u0131 g\u00fc\u00e7 kayna\u011f\u0131 gerektiren basit \u00e7al\u0131\u015ft\u0131rma mekanizmas\u0131.<\/li>\n<li>Daha az enerji t\u00fcketimi i\u00e7in geli\u015ftirilmi\u015f verimlilik.<\/li>\n<li>Minimum bak\u0131m ile g\u00fcvenilirlik ve uzun hizmet \u00f6mr\u00fc ile bilinir.<\/li>\n<li>\u00d6zel uygulama gereksinimlerine g\u00f6re \u00f6zelle\u015ftirme i\u00e7in farkl\u0131 tipler mevcuttur.<\/li>\n<\/ul>\n<\/div><\/section><\/p><\/div><\/div><\/div><\/main><!-- close content main element --><\/div><\/div><div id='av_section_2'  class='avia-section av-av_section-fb57bc34b801483b8cefc38a851abae1 main_color avia-section-default avia-no-border-styling  avia-builder-el-11  el_after_av_section  el_before_av_section  avia-bg-style-scroll container_wrap fullsize'  ><div class='container av-section-cont-open' ><div class='template-page content  av-content-full alpha units'><div class='post-entry post-entry-type-page post-entry-4097'><div class='entry-content-wrapper clearfix'>\n<\/div><\/div><\/div><!-- close content main div --><\/div><\/div><div id='av_section_3'  class='avia-section av-av_section-e147dbef25ffabac22f782f451fec362 main_color avia-section-default avia-no-border-styling  avia-builder-el-12  el_after_av_section  el_before_av_section  avia-bg-style-scroll container_wrap fullsize'  ><div class='container av-section-cont-open' ><div class='template-page content  av-content-full alpha units'><div class='post-entry post-entry-type-page post-entry-4097'><div class='entry-content-wrapper clearfix'>\n<div  class='avia-button-wrap av-av_button-2f334403345080fc06419f977c7c70b0-wrap avia-button-center  avia-builder-el-13  avia-builder-el-no-sibling '>\n<style type=\"text\/css\" data-created_by=\"avia_inline_auto\" id=\"style-css-av-av_button-2f334403345080fc06419f977c7c70b0\">\n#top #wrap_all .avia-button.av-av_button-2f334403345080fc06419f977c7c70b0{\nbackground-color:#0e8488;\nborder-color:#0e8488;\ncolor:#ffffff;\nborder-style:none;\n-webkit-border-radius:0PX 0PX 0PX 0PX;\n-moz-border-radius:0PX 0PX 0PX 0PX;\nborder-radius:0PX 0PX 0PX 0PX;\n-webkit-transition:all 0.4s ease-in-out;\n-moz-transition:all 0.4s ease-in-out;\n-ms-transition:all 0.4s ease-in-out;\n-o-transition:all 0.4s ease-in-out;\ntransition:all 0.4s ease-in-out;\n}\n#top #wrap_all .avia-button.av-av_button-2f334403345080fc06419f977c7c70b0:hover{\nbackground-color:#262223;\ncolor:#ffffff;\n-webkit-transition:all 0.4s ease-in-out;\n-moz-transition:all 0.4s ease-in-out;\n-ms-transition:all 0.4s ease-in-out;\n-o-transition:all 0.4s ease-in-out;\ntransition:all 0.4s ease-in-out;\n}\n#top #wrap_all.avia-button.av-av_button-2f334403345080fc06419f977c7c70b0:hover .avia_button_background{\n-webkit-border-radius:0PX 0PX 0PX 0PX;\n-moz-border-radius:0PX 0PX 0PX 0PX;\nborder-radius:0PX 0PX 0PX 0PX;\n}\n<\/style>\n<a href='#' class='avia-button av-av_button-2f334403345080fc06419f977c7c70b0 avia-icon_select-yes-left-icon avia-size-large avia-position-center av-icon-on-hover' target=\"_blank\" rel=\"noopener noreferrer\"><span class='avia_button_icon avia_button_icon_left' aria-hidden='true' data-av_icon='\ue823' data-av_iconfont='entypo-fontello'><\/span><span class='avia_iconbox_title' >D\u00d6K\u00dcMAN \u0130ND\u0130R<\/span><\/a><\/div>\n<\/p>\n<\/div><\/div><\/div><!-- close content main div --><\/div><\/div><div id='top-left' aria-label='top-left' class='avia-section av-av_section-ec10909ff680ab556cf947fe1be7beb9 main_color avia-section-no-padding avia-no-border-styling  avia-builder-el-14  el_after_av_section  avia-builder-el-last  top-left top-left avia-bg-style-scroll container_wrap fullsize'  ><div class='container av-section-cont-open' ><div class='template-page content  av-content-full alpha units'><div class='post-entry post-entry-type-page post-entry-4097'><div class='entry-content-wrapper clearfix'>\n\n<style type=\"text\/css\" data-created_by=\"avia_inline_auto\" id=\"style-css-av-av_one_full-412e7ac3e02c60d22a646a35c496afa4\">\n.flex_column.av-av_one_full-412e7ac3e02c60d22a646a35c496afa4 .avia-curtain-reveal-overlay{\nz-index:100;\n}\n<\/style>\n<div  id=\"gals-wrap\"  class='flex_column av-av_one_full-412e7ac3e02c60d22a646a35c496afa4 av_one_full  avia-builder-el-15  el_before_av_one_full  avia-builder-el-first  gals-wrap gals-wrap first no_margin flex_column_div av-parallax-object  ' data-parallax=\"{&quot;parallax&quot;:&quot;left_right&quot;,&quot;parallax_speed&quot;:&quot;&quot;,&quot;av-desktop-parallax&quot;:&quot;inherit&quot;,&quot;av-desktop-parallax_speed&quot;:&quot;inherit&quot;,&quot;av-medium-parallax&quot;:&quot;inherit&quot;,&quot;av-medium-parallax_speed&quot;:&quot;inherit&quot;,&quot;av-small-parallax&quot;:&quot;inherit&quot;,&quot;av-small-parallax_speed&quot;:&quot;inherit&quot;,&quot;av-mini-parallax&quot;:&quot;inherit&quot;,&quot;av-mini-parallax_speed&quot;:&quot;inherit&quot;,&quot;parallax-container&quot;:&quot;.av-av_one_full-412e7ac3e02c60d22a646a35c496afa4&quot;}\"    aria-label='gals-wrap'  ><div class='avia-curtain-reveal-overlay av-animated-when-visible-95 animate-all-devices curtain-reveal-ltr'><\/div><p>\n<style type=\"text\/css\" data-created_by=\"avia_inline_auto\" id=\"style-css-av-av_image-3b71886362459a381bc8d8a6e567034e\">\n.avia-image-container.av-av_image-3b71886362459a381bc8d8a6e567034e img.avia_image{\nbox-shadow:none;\n}\n.avia-image-container.av-av_image-3b71886362459a381bc8d8a6e567034e .av-image-caption-overlay-center{\ncolor:#ffffff;\n}\n<\/style>\n<div  id=\"gal-item\"  class='avia-image-container av-av_image-3b71886362459a381bc8d8a6e567034e av-styling-no-styling avia-align-center  avia-builder-el-16  el_before_av_image  avia-builder-el-first  gal-item gal-item'   itemprop=\"image\" itemscope=\"itemscope\" itemtype=\"https:\/\/schema.org\/ImageObject\" ><div class=\"avia-image-container-inner\"><div class=\"avia-image-overlay-wrap\"><img decoding=\"async\" class='wp-image-3345 avia-img-lazy-loading-not-3345 avia_image ' src=\"https:\/\/limitreduktor.com\/en\/wp-content\/uploads\/2023\/05\/h1-s2-bg4-1442x508-1.jpg\" alt='' title='h1-s2-bg4-1442x508'  height=\"508\" width=\"1442\"  itemprop=\"thumbnailUrl\" srcset=\"https:\/\/limitreduktor.com\/en\/wp-content\/uploads\/2023\/05\/h1-s2-bg4-1442x508-1.jpg 1442w, https:\/\/limitreduktor.com\/en\/wp-content\/uploads\/2023\/05\/h1-s2-bg4-1442x508-1-300x106.jpg 300w, https:\/\/limitreduktor.com\/en\/wp-content\/uploads\/2023\/05\/h1-s2-bg4-1442x508-1-1030x363.jpg 1030w, https:\/\/limitreduktor.com\/en\/wp-content\/uploads\/2023\/05\/h1-s2-bg4-1442x508-1-768x271.jpg 768w, https:\/\/limitreduktor.com\/en\/wp-content\/uploads\/2023\/05\/h1-s2-bg4-1442x508-1-705x248.jpg 705w\" sizes=\"(max-width: 1442px) 100vw, 1442px\" \/><\/div><\/div><\/div><br \/>\n\n<style type=\"text\/css\" data-created_by=\"avia_inline_auto\" id=\"style-css-av-av_image-92bd7e8c99b6c0ceda944d43f71d6aaa\">\n.avia-image-container.av-av_image-92bd7e8c99b6c0ceda944d43f71d6aaa img.avia_image{\nbox-shadow:none;\n}\n.avia-image-container.av-av_image-92bd7e8c99b6c0ceda944d43f71d6aaa .av-image-caption-overlay-center{\ncolor:#ffffff;\n}\n<\/style>\n<div  id=\"gal-item\"  class='avia-image-container av-av_image-92bd7e8c99b6c0ceda944d43f71d6aaa av-styling-no-styling avia-align-center  avia-builder-el-17  el_after_av_image  avia-builder-el-last  gal-item gal-item'   itemprop=\"image\" itemscope=\"itemscope\" itemtype=\"https:\/\/schema.org\/ImageObject\" ><div class=\"avia-image-container-inner\"><div class=\"avia-image-overlay-wrap\"><img decoding=\"async\" class='wp-image-3347 avia-img-lazy-loading-not-3347 avia_image ' src=\"https:\/\/limitreduktor.com\/en\/wp-content\/uploads\/2023\/05\/pt-bg-1442x508-1.jpg\" alt='' title='pt-bg-1442x508'  height=\"508\" width=\"1442\"  itemprop=\"thumbnailUrl\" srcset=\"https:\/\/limitreduktor.com\/en\/wp-content\/uploads\/2023\/05\/pt-bg-1442x508-1.jpg 1442w, https:\/\/limitreduktor.com\/en\/wp-content\/uploads\/2023\/05\/pt-bg-1442x508-1-300x106.jpg 300w, https:\/\/limitreduktor.com\/en\/wp-content\/uploads\/2023\/05\/pt-bg-1442x508-1-1030x363.jpg 1030w, https:\/\/limitreduktor.com\/en\/wp-content\/uploads\/2023\/05\/pt-bg-1442x508-1-768x271.jpg 768w, https:\/\/limitreduktor.com\/en\/wp-content\/uploads\/2023\/05\/pt-bg-1442x508-1-705x248.jpg 705w\" sizes=\"(max-width: 1442px) 100vw, 1442px\" \/><\/div><\/div><\/div><\/p><\/div>\n<style type=\"text\/css\" data-created_by=\"avia_inline_auto\" id=\"style-css-av-av_one_full-a89261e588d67aa53b57421e4a6b29c8\">\n.flex_column.av-av_one_full-a89261e588d67aa53b57421e4a6b29c8 .avia-curtain-reveal-overlay{\nz-index:100;\n}\n<\/style>\n<div  id=\"gals-wrapalt\"  class='flex_column av-av_one_full-a89261e588d67aa53b57421e4a6b29c8 av_one_full  avia-builder-el-18  el_after_av_one_full  avia-builder-el-last  gals-wrapalt gals-wrapalt first flex_column_div av-parallax-object  column-top-margin' data-parallax=\"{&quot;parallax&quot;:&quot;right_left&quot;,&quot;parallax_speed&quot;:&quot;&quot;,&quot;av-desktop-parallax&quot;:&quot;inherit&quot;,&quot;av-desktop-parallax_speed&quot;:&quot;inherit&quot;,&quot;av-medium-parallax&quot;:&quot;inherit&quot;,&quot;av-medium-parallax_speed&quot;:&quot;inherit&quot;,&quot;av-small-parallax&quot;:&quot;inherit&quot;,&quot;av-small-parallax_speed&quot;:&quot;inherit&quot;,&quot;av-mini-parallax&quot;:&quot;inherit&quot;,&quot;av-mini-parallax_speed&quot;:&quot;inherit&quot;,&quot;parallax-container&quot;:&quot;.av-av_one_full-a89261e588d67aa53b57421e4a6b29c8&quot;}\"    aria-label='gals-wrapalt'  ><div class='avia-curtain-reveal-overlay av-animated-when-visible-95 animate-all-devices curtain-reveal-rtl'><\/div><\/div>\n\n","protected":false},"excerpt":{"rendered":"","protected":false},"author":2,"featured_media":0,"parent":0,"menu_order":0,"comment_status":"closed","ping_status":"closed","template":"","meta":{"footnotes":""},"class_list":["post-4097","page","type-page","status-publish","hentry"],"_links":{"self":[{"href":"https:\/\/limitreduktor.com\/en\/wp-json\/wp\/v2\/pages\/4097","targetHints":{"allow":["GET"]}}],"collection":[{"href":"https:\/\/limitreduktor.com\/en\/wp-json\/wp\/v2\/pages"}],"about":[{"href":"https:\/\/limitreduktor.com\/en\/wp-json\/wp\/v2\/types\/page"}],"author":[{"embeddable":true,"href":"https:\/\/limitreduktor.com\/en\/wp-json\/wp\/v2\/users\/2"}],"replies":[{"embeddable":true,"href":"https:\/\/limitreduktor.com\/en\/wp-json\/wp\/v2\/comments?post=4097"}],"version-history":[{"count":7,"href":"https:\/\/limitreduktor.com\/en\/wp-json\/wp\/v2\/pages\/4097\/revisions"}],"predecessor-version":[{"id":4286,"href":"https:\/\/limitreduktor.com\/en\/wp-json\/wp\/v2\/pages\/4097\/revisions\/4286"}],"wp:attachment":[{"href":"https:\/\/limitreduktor.com\/en\/wp-json\/wp\/v2\/media?parent=4097"}],"curies":[{"name":"wp","href":"https:\/\/api.w.org\/{rel}","templated":true}]}}