{"id":4107,"date":"2023-09-06T12:13:55","date_gmt":"2023-09-06T09:13:55","guid":{"rendered":"https:\/\/limitreduktor.com\/en\/?page_id=4107"},"modified":"2023-09-27T14:05:58","modified_gmt":"2023-09-27T11:05:58","slug":"3fazli-motorlar-3-fazli-asenkron-motor-ozellikleri","status":"publish","type":"page","link":"https:\/\/limitreduktor.com\/en\/3fazli-motorlar-3-fazli-asenkron-motor-ozellikleri\/","title":{"rendered":"3 Fazl\u0131 Motorlar"},"content":{"rendered":"<div id='av_section_1'  class='avia-section av-av_section-e147dbef25ffabac22f782f451fec362 main_color avia-section-default avia-no-border-styling  avia-builder-el-0  el_before_av_section  avia-builder-el-first  avia-bg-style-scroll container_wrap fullsize'  ><div class='container av-section-cont-open' ><main  role=\"main\" itemprop=\"mainContentOfPage\"  class='template-page content  av-content-full alpha units'><div class='post-entry post-entry-type-page post-entry-4107'><div class='entry-content-wrapper clearfix'>\n<div  class='flex_column av-av_one_half-de0dd98be87d704d471d94f6f5240d9a av_one_half  avia-builder-el-1  el_before_av_one_half  avia-builder-el-first  first flex_column_div av-animated-generic bottom-to-top  '     ><p>\n<style type=\"text\/css\" data-created_by=\"avia_inline_auto\" id=\"style-css-av-av_image-b5538f3833d903813d27e01bec5ee3ba\">\n.avia-image-container.av-av_image-b5538f3833d903813d27e01bec5ee3ba img.avia_image{\nbox-shadow:none;\n}\n.avia-image-container.av-av_image-b5538f3833d903813d27e01bec5ee3ba .av-image-caption-overlay-center{\ncolor:#ffffff;\n}\n<\/style>\n<div  class='avia-image-container av-av_image-b5538f3833d903813d27e01bec5ee3ba av-styling- avia-align-center  avia-builder-el-2  el_before_av_heading  avia-builder-el-first '   itemprop=\"image\" itemscope=\"itemscope\" itemtype=\"https:\/\/schema.org\/ImageObject\" ><div class=\"avia-image-container-inner\"><div class=\"avia-image-overlay-wrap\"><a href=\"https:\/\/limitreduktor.com\/en\/wp-content\/uploads\/2023\/08\/dumantahliye2-1030x682.jpg\" data-srcset=\"https:\/\/limitreduktor.com\/en\/wp-content\/uploads\/2023\/08\/dumantahliye2-1030x682.jpg 1030w, https:\/\/limitreduktor.com\/en\/wp-content\/uploads\/2023\/08\/dumantahliye2-300x199.jpg 300w, https:\/\/limitreduktor.com\/en\/wp-content\/uploads\/2023\/08\/dumantahliye2-768x509.jpg 768w, https:\/\/limitreduktor.com\/en\/wp-content\/uploads\/2023\/08\/dumantahliye2-705x467.jpg 705w, https:\/\/limitreduktor.com\/en\/wp-content\/uploads\/2023\/08\/dumantahliye2.jpg 1200w\" data-sizes=\"(max-width: 1030px) 100vw, 1030px\" class='avia_image' ><img decoding=\"async\" class='wp-image-3887 avia-img-lazy-loading-not-3887 avia_image ' src=\"https:\/\/limitreduktor.com\/en\/wp-content\/uploads\/2023\/08\/dumantahliye2.jpg\" alt='' title='dumantahliye2'  height=\"795\" width=\"1200\"  itemprop=\"thumbnailUrl\" srcset=\"https:\/\/limitreduktor.com\/en\/wp-content\/uploads\/2023\/08\/dumantahliye2.jpg 1200w, https:\/\/limitreduktor.com\/en\/wp-content\/uploads\/2023\/08\/dumantahliye2-300x199.jpg 300w, https:\/\/limitreduktor.com\/en\/wp-content\/uploads\/2023\/08\/dumantahliye2-1030x682.jpg 1030w, https:\/\/limitreduktor.com\/en\/wp-content\/uploads\/2023\/08\/dumantahliye2-768x509.jpg 768w, https:\/\/limitreduktor.com\/en\/wp-content\/uploads\/2023\/08\/dumantahliye2-705x467.jpg 705w\" sizes=\"(max-width: 1200px) 100vw, 1200px\" \/><\/a><\/div><\/div><\/div><br \/>\n\n<style type=\"text\/css\" data-created_by=\"avia_inline_auto\" id=\"style-css-av-lm7iv8bg-5eca9c8de38fd48064856364ecfa2464\">\n#top .av-special-heading.av-lm7iv8bg-5eca9c8de38fd48064856364ecfa2464{\nmargin:0px 0px 0px 0px;\nfont-size:25px;\n}\nbody .av-special-heading.av-lm7iv8bg-5eca9c8de38fd48064856364ecfa2464 .av-special-heading-tag .heading-char{\nfont-size:25px;\n}\n#top #wrap_all .av-special-heading.av-lm7iv8bg-5eca9c8de38fd48064856364ecfa2464 .av-special-heading-tag{\nfont-size:25px;\npadding:0 0 0 50px;\n}\n.av-special-heading.av-lm7iv8bg-5eca9c8de38fd48064856364ecfa2464 .av-subheading{\nfont-size:15px;\n}\n\n@media only screen and (min-width: 480px) and (max-width: 767px){ \n#top #wrap_all .av-special-heading.av-lm7iv8bg-5eca9c8de38fd48064856364ecfa2464 .av-special-heading-tag{\nfont-size:0.8em;\n}\n}\n\n@media only screen and (max-width: 479px){ \n#top #wrap_all .av-special-heading.av-lm7iv8bg-5eca9c8de38fd48064856364ecfa2464 .av-special-heading-tag{\nfont-size:0.8em;\n}\n}\n<\/style>\n<div  id=\"girisbaslik\"  class='av-special-heading av-lm7iv8bg-5eca9c8de38fd48064856364ecfa2464 av-special-heading-h3 blockquote modern-quote  avia-builder-el-3  el_after_av_image  el_before_av_textblock  girisbaslik girisbaslik av-inherit-size'><h3 class='av-special-heading-tag'  itemprop=\"headline\"  >3 Fazl\u0131 Asenkron Motorun \u00d6zellikleri; <\/h3><div class=\"special-heading-border\"><div class=\"special-heading-inner-border\"><\/div><\/div><\/div><br \/>\n<section  class='av_textblock_section av-lm7iu9pt-6dab24d49df704c4abbaa295addbda76 '   itemscope=\"itemscope\" itemtype=\"https:\/\/schema.org\/CreativeWork\" ><div class='avia_textblock'  itemprop=\"text\" ><ul>\n<li>H\u0131z Aral\u0131\u011f\u0131: Geni\u015f bir h\u0131z aral\u0131\u011f\u0131 sunarak \u00e7e\u015fitli uygulamalar i\u00e7in uygun hale getirir. H\u0131z, g\u00fc\u00e7 kayna\u011f\u0131n\u0131n frekans\u0131 de\u011fi\u015ftirilerek veya harici h\u0131z kontrol cihazlar\u0131 kullan\u0131larak ayarlanabilir.<\/li>\n<li>G\u00fc\u00e7 Aral\u0131\u011f\u0131: Bu motorlar, \u00e7ok \u00e7e\u015fitli y\u00fck gereksinimlerini kar\u015f\u0131lamalar\u0131na olanak tan\u0131yan farkl\u0131 g\u00fc\u00e7 de\u011ferlerinde mevcuttur. Y\u00fcksek tork sa\u011flayabilirler ve a\u011f\u0131r y\u00fckler alt\u0131nda \u00e7al\u0131\u015fabilirler.<\/li>\n<li>G\u00f6vde Aral\u0131\u011f\u0131: \u00dc\u00e7 fazl\u0131 asenkron motorlar, farkl\u0131 makine ve ekipman t\u00fcrlerinde kullan\u0131lmalar\u0131n\u0131 sa\u011flayan \u00e7e\u015fitli boyutlarda ve konfig\u00fcrasyonlarda gelir. K\u00fc\u00e7\u00fck fraksiyonel beygir g\u00fcc\u00fc motorlar\u0131ndan b\u00fcy\u00fck end\u00fcstriyel motorlara kadar de\u011fi\u015fen g\u00f6vde boyutlar\u0131nda mevcutturlar.<\/li>\n<li>Verimlilik: Elektrik motorunun \u00fc\u00e7 faz\u0131, elektrik enerjisini minimum kay\u0131pla mekanik enerjiye d\u00f6n\u00fc\u015ft\u00fcren y\u00fcksek verimlilikleriyle bilinir. Bu, enerji t\u00fcketimini ve i\u015fletme maliyetlerini azaltmaya yard\u0131mc\u0131 olur.<\/li>\n<li>Sa\u011flaml\u0131k: Dayan\u0131kl\u0131 yap\u0131lar\u0131 ve d\u00fc\u015f\u00fck bak\u0131m gereksinimleri ile sa\u011flam ve g\u00fcvenilir olacak \u015fekilde tasarlanm\u0131\u015flard\u0131r. Zorlu \u00e7al\u0131\u015fma ko\u015fullar\u0131na dayanabilir ve s\u00fcrekli \u00e7al\u0131\u015fma kapasitesine sahiptirler.<\/li>\n<li>Ba\u015flang\u0131\u00e7 Torku: \u00dc\u00e7 fazl\u0131 motorlar y\u00fcksek ba\u015flatma torku sa\u011flayarak a\u011f\u0131r y\u00fckleri ba\u015flatmalar\u0131na ve ilk ataletin \u00fcstesinden gelmelerine olanak tan\u0131r.<\/li>\n<li>Uyumluluk: End\u00fcstriyel ortamlarda yayg\u0131n olarak kullan\u0131lan \u00fc\u00e7 fazl\u0131 g\u00fc\u00e7 kayna\u011f\u0131 sistemleriyle uyumludurlar. \u00c7e\u015fitli voltaj ve frekanslarda \u00e7al\u0131\u015fabilme yetenekleri, onlar\u0131 \u00e7ok y\u00f6nl\u00fc ve farkl\u0131 g\u00fc\u00e7 \u015febekelerine uyarlanabilir hale getirir.<\/li>\n<li>Uygun Maliyetli: Asenkron \u00fc\u00e7 fazl\u0131 motorlar, di\u011fer motor t\u00fcrlerine k\u0131yasla genellikle uygun maliyetlidir ve bu da onlar\u0131 end\u00fcstriyel uygulamalarda pop\u00fcler bir se\u00e7im haline getirir.<\/li>\n<li>G\u00fcr\u00fclt\u00fc ve Titre\u015fim: \u00c7al\u0131\u015fma s\u0131ras\u0131nda nispeten d\u00fc\u015f\u00fck g\u00fcr\u00fclt\u00fc ve titre\u015fim seviyeleri sergileyerek rahat bir \u00e7al\u0131\u015fma ortam\u0131 sa\u011flarlar.<\/li>\n<\/ul>\n<\/div><\/section><\/p><\/div><div  id=\"soltaraf\"  class='flex_column av-av_one_half-c7d8b8aeca199296e7369b076ec5460f av_one_half  avia-builder-el-5  el_after_av_one_half  avia-builder-el-last  soltaraf soltaraf flex_column_div av-animated-generic bottom-to-top  '     ><p>\n<style type=\"text\/css\" data-created_by=\"avia_inline_auto\" id=\"style-css-av-lm7itik4-57d7a1ff7a4133bef5003a46c9ff141f\">\n#top .av-special-heading.av-lm7itik4-57d7a1ff7a4133bef5003a46c9ff141f{\nmargin:0px 0px 0px 0px;\ncolor:#231f20;\nfont-size:48px;\n}\nbody .av-special-heading.av-lm7itik4-57d7a1ff7a4133bef5003a46c9ff141f .av-special-heading-tag .heading-char{\nfont-size:25px;\n}\n#top #wrap_all .av-special-heading.av-lm7itik4-57d7a1ff7a4133bef5003a46c9ff141f .av-special-heading-tag{\nfont-size:48px;\npadding:0 0 0 50px;\n}\n.av-special-heading.av-lm7itik4-57d7a1ff7a4133bef5003a46c9ff141f .special-heading-inner-border{\nborder-color:#231f20;\n}\n.av-special-heading.av-lm7itik4-57d7a1ff7a4133bef5003a46c9ff141f .av-subheading{\nfont-size:15px;\ncolor:#0e8488;\n}\n\n@media only screen and (min-width: 480px) and (max-width: 767px){ \n#top #wrap_all .av-special-heading.av-lm7itik4-57d7a1ff7a4133bef5003a46c9ff141f .av-special-heading-tag{\nfont-size:0.8em;\n}\n}\n\n@media only screen and (max-width: 479px){ \n#top #wrap_all .av-special-heading.av-lm7itik4-57d7a1ff7a4133bef5003a46c9ff141f .av-special-heading-tag{\nfont-size:0.8em;\n}\n}\n<\/style>\n<div  id=\"girisbaslik\"  class='av-special-heading av-lm7itik4-57d7a1ff7a4133bef5003a46c9ff141f av-special-heading-h3 custom-color-heading blockquote modern-quote  avia-builder-el-6  el_before_av_hr  avia-builder-el-first  girisbaslik girisbaslik av-inherit-size'><h3 class='av-special-heading-tag'  itemprop=\"headline\"  >3 Fazl\u0131 Motorlar <\/h3><div class=\"special-heading-border\"><div class=\"special-heading-inner-border\"><\/div><\/div><\/div><br \/>\n\n<style type=\"text\/css\" data-created_by=\"avia_inline_auto\" id=\"style-css-av-av_hr-a56c7c17de86cb6f4de3f81060ad6b8b\">\n#top .hr.av-av_hr-a56c7c17de86cb6f4de3f81060ad6b8b{\nmargin-top:30px;\nmargin-bottom:30px;\n}\n.hr.av-av_hr-a56c7c17de86cb6f4de3f81060ad6b8b .hr-inner{\nwidth:50000px;\nborder-color:#d0d0d0;\n}\n<\/style>\n<div  class='hr av-av_hr-a56c7c17de86cb6f4de3f81060ad6b8b hr-custom  avia-builder-el-7  el_after_av_heading  el_before_av_textblock  hr-center hr-icon-no'><span class='hr-inner inner-border-av-border-thin'><span class=\"hr-inner-style\"><\/span><\/span><\/div><br \/>\n<section  class='av_textblock_section av-lm7itp7c-6f1dc90511c76d48a291c13cec1c57d1 '   itemscope=\"itemscope\" itemtype=\"https:\/\/schema.org\/CreativeWork\" ><div class='avia_textblock'  itemprop=\"text\" ><p>3 Fazl\u0131 \u0130nd\u00fcksiyon Motorlar\u0131 end\u00fcstriyel ve ticari uygulamalarda yayg\u0131n olarak kullan\u0131lmaktad\u0131r. Elektromanyetik ind\u00fcksiyona dayan\u0131rlar ve rotoru tahrik etmek i\u00e7in d\u00f6nen bir manyetik alan olu\u015ftururlar. Verimli, dayan\u0131kl\u0131 ve az bak\u0131m gerektiren bu motorlar, y\u00fcksek ba\u015flatma torku ve a\u011f\u0131r y\u00fcklerin \u00fcstesinden gelme kabiliyetine sahiptir. Bu motorlar genellikle pompalarda, fanlarda, kompres\u00f6rlerde, konvey\u00f6rlerde ve \u00e7e\u015fitli end\u00fcstriyel makinelerde bulunur.<\/p>\n<\/div><\/section><br \/>\n\n<style type=\"text\/css\" data-created_by=\"avia_inline_auto\" id=\"style-css-av-av_heading-b9c57fb1c4bc993063d1af6fc55f6e68\">\n#top .av-special-heading.av-av_heading-b9c57fb1c4bc993063d1af6fc55f6e68{\nmargin:0px 0px 0px 0px;\ncolor:#231f20;\nfont-size:48px;\n}\nbody .av-special-heading.av-av_heading-b9c57fb1c4bc993063d1af6fc55f6e68 .av-special-heading-tag .heading-char{\nfont-size:25px;\n}\n#top #wrap_all .av-special-heading.av-av_heading-b9c57fb1c4bc993063d1af6fc55f6e68 .av-special-heading-tag{\nfont-size:48px;\npadding:0 0 0 50px;\n}\n.av-special-heading.av-av_heading-b9c57fb1c4bc993063d1af6fc55f6e68 .special-heading-inner-border{\nborder-color:#231f20;\n}\n.av-special-heading.av-av_heading-b9c57fb1c4bc993063d1af6fc55f6e68 .av-subheading{\nfont-size:15px;\ncolor:#0e8488;\n}\n\n@media only screen and (min-width: 480px) and (max-width: 767px){ \n#top #wrap_all .av-special-heading.av-av_heading-b9c57fb1c4bc993063d1af6fc55f6e68 .av-special-heading-tag{\nfont-size:0.8em;\n}\n}\n\n@media only screen and (max-width: 479px){ \n#top #wrap_all .av-special-heading.av-av_heading-b9c57fb1c4bc993063d1af6fc55f6e68 .av-special-heading-tag{\nfont-size:0.8em;\n}\n}\n<\/style>\n<div  id=\"girisbaslik\"  class='av-special-heading av-av_heading-b9c57fb1c4bc993063d1af6fc55f6e68 av-special-heading-h3 custom-color-heading blockquote modern-quote  avia-builder-el-9  el_after_av_textblock  el_before_av_textblock  girisbaslik girisbaslik av-inherit-size'><h3 class='av-special-heading-tag'  itemprop=\"headline\"  >Avantajlar\u0131 <\/h3><div class=\"special-heading-border\"><div class=\"special-heading-inner-border\"><\/div><\/div><\/div><br \/>\n<section  class='av_textblock_section av-lm7iuzgg-a287966c6807c2e783d6797c060e5e42 '   itemscope=\"itemscope\" itemtype=\"https:\/\/schema.org\/CreativeWork\" ><div class='avia_textblock'  itemprop=\"text\" ><ul>\n<li>Y\u00fcksek Verimlilik: Bu motorlar, elektrik enerjisini mekanik enerjiye d\u00f6n\u00fc\u015ft\u00fcrmedeki verimlilikleriyle bilinir, bu da daha az enerji t\u00fcketimi ve daha d\u00fc\u015f\u00fck i\u015fletme maliyetleri ile sonu\u00e7lan\u0131r.<\/li>\n<li>Sa\u011flaml\u0131k: Zorlu \u00e7al\u0131\u015fma ko\u015fullar\u0131na dayanacak \u015fekilde tasarlanm\u0131\u015flard\u0131r, bu da onlar\u0131 uzun s\u00fcreli kullan\u0131m i\u00e7in g\u00fcvenilir ve dayan\u0131kl\u0131 hale getirir.<\/li>\n<li>D\u00fc\u015f\u00fck Bak\u0131m: Minimum bak\u0131m gerektirir, bu da maliyet tasarrufu ve artan operasyonel verimlilik sa\u011flar.<\/li>\n<li>Y\u00fcksek Ba\u015flatma Torku: Bu motorlar y\u00fcksek ba\u015flatma torku sa\u011flayarak a\u011f\u0131r y\u00fckleri verimli bir \u015fekilde ba\u015flatmalar\u0131n\u0131 ve h\u0131zland\u0131rmalar\u0131n\u0131 sa\u011flar.<\/li>\n<li>Uygun Maliyetli: Di\u011fer motor t\u00fcrlerine k\u0131yasla genellikle daha ekonomiktirler ve bu da onlar\u0131 end\u00fcstriyel uygulamalar i\u00e7in uygun maliyetli bir se\u00e7im haline getirir.<\/li>\n<li>Geni\u015f Boyut Yelpazesi: Bu motorlar \u00e7e\u015fitli boyutlarda mevcuttur, bu da onlar\u0131 farkl\u0131 makine ve ekipman gereksinimlerine uyarlanabilir hale getirir.<\/li>\n<li>Uyumluluk: \u00dc\u00e7 fazl\u0131 asenkron motorlar standart \u00fc\u00e7 fazl\u0131 g\u00fc\u00e7 kayna\u011f\u0131 sistemleriyle uyumludur, bu da kurulumu ve mevcut kurulumlara entegrasyonu kolayla\u015ft\u0131r\u0131r.<\/li>\n<li>Sorunsuz \u00c7al\u0131\u015fma: Trifaze sistemler sorunsuz ve sessiz \u00e7al\u0131\u015fma sunarak rahat bir \u00e7al\u0131\u015fma ortam\u0131 sa\u011flar.<\/li>\n<\/ul>\n<\/div><\/section><\/p><\/div><\/div><\/div><\/main><!-- close content main element --><\/div><\/div><div id='av_section_2'  class='avia-section av-av_section-fb57bc34b801483b8cefc38a851abae1 main_color avia-section-default avia-no-border-styling  avia-builder-el-11  el_after_av_section  el_before_av_section  avia-bg-style-scroll container_wrap fullsize'  ><div class='container av-section-cont-open' ><div class='template-page content  av-content-full alpha units'><div class='post-entry post-entry-type-page post-entry-4107'><div class='entry-content-wrapper clearfix'><\/p>\n<\/div><\/div><\/div><!-- close content main div --><\/div><\/div><div id='av_section_3'  class='avia-section av-av_section-e147dbef25ffabac22f782f451fec362 main_color avia-section-default avia-no-border-styling  avia-builder-el-12  el_after_av_section  el_before_av_section  avia-bg-style-scroll container_wrap fullsize'  ><div class='container av-section-cont-open' ><div class='template-page content  av-content-full alpha units'><div class='post-entry post-entry-type-page post-entry-4107'><div class='entry-content-wrapper clearfix'>\n<div  class='avia-button-wrap av-av_button-2f334403345080fc06419f977c7c70b0-wrap avia-button-center  avia-builder-el-13  avia-builder-el-no-sibling '>\n<style type=\"text\/css\" data-created_by=\"avia_inline_auto\" id=\"style-css-av-av_button-2f334403345080fc06419f977c7c70b0\">\n#top #wrap_all .avia-button.av-av_button-2f334403345080fc06419f977c7c70b0{\nbackground-color:#0e8488;\nborder-color:#0e8488;\ncolor:#ffffff;\nborder-style:none;\n-webkit-border-radius:0PX 0PX 0PX 0PX;\n-moz-border-radius:0PX 0PX 0PX 0PX;\nborder-radius:0PX 0PX 0PX 0PX;\n-webkit-transition:all 0.4s ease-in-out;\n-moz-transition:all 0.4s ease-in-out;\n-ms-transition:all 0.4s ease-in-out;\n-o-transition:all 0.4s ease-in-out;\ntransition:all 0.4s ease-in-out;\n}\n#top #wrap_all .avia-button.av-av_button-2f334403345080fc06419f977c7c70b0:hover{\nbackground-color:#262223;\ncolor:#ffffff;\n-webkit-transition:all 0.4s ease-in-out;\n-moz-transition:all 0.4s ease-in-out;\n-ms-transition:all 0.4s ease-in-out;\n-o-transition:all 0.4s ease-in-out;\ntransition:all 0.4s ease-in-out;\n}\n#top #wrap_all.avia-button.av-av_button-2f334403345080fc06419f977c7c70b0:hover .avia_button_background{\n-webkit-border-radius:0PX 0PX 0PX 0PX;\n-moz-border-radius:0PX 0PX 0PX 0PX;\nborder-radius:0PX 0PX 0PX 0PX;\n}\n<\/style>\n<a href='#' class='avia-button av-av_button-2f334403345080fc06419f977c7c70b0 avia-icon_select-yes-left-icon avia-size-large avia-position-center av-icon-on-hover' target=\"_blank\" rel=\"noopener noreferrer\"><span class='avia_button_icon avia_button_icon_left' aria-hidden='true' data-av_icon='\ue823' data-av_iconfont='entypo-fontello'><\/span><span class='avia_iconbox_title' >D\u00d6K\u00dcMAN \u0130ND\u0130R<\/span><\/a><\/div>\n\n<\/div><\/div><\/div><!-- close content main div --><\/div><\/div><div id='top-left' aria-label='top-left' class='avia-section av-av_section-ec10909ff680ab556cf947fe1be7beb9 main_color avia-section-no-padding avia-no-border-styling  avia-builder-el-14  el_after_av_section  avia-builder-el-last  top-left top-left avia-bg-style-scroll container_wrap fullsize'  ><div class='container av-section-cont-open' ><div class='template-page content  av-content-full alpha units'><div class='post-entry post-entry-type-page post-entry-4107'><div class='entry-content-wrapper clearfix'>\n\n<style type=\"text\/css\" data-created_by=\"avia_inline_auto\" id=\"style-css-av-av_one_full-412e7ac3e02c60d22a646a35c496afa4\">\n.flex_column.av-av_one_full-412e7ac3e02c60d22a646a35c496afa4 .avia-curtain-reveal-overlay{\nz-index:100;\n}\n<\/style>\n<div  id=\"gals-wrap\"  class='flex_column av-av_one_full-412e7ac3e02c60d22a646a35c496afa4 av_one_full  avia-builder-el-15  el_before_av_one_full  avia-builder-el-first  gals-wrap gals-wrap first no_margin flex_column_div av-parallax-object  ' data-parallax=\"{&quot;parallax&quot;:&quot;left_right&quot;,&quot;parallax_speed&quot;:&quot;&quot;,&quot;av-desktop-parallax&quot;:&quot;inherit&quot;,&quot;av-desktop-parallax_speed&quot;:&quot;inherit&quot;,&quot;av-medium-parallax&quot;:&quot;inherit&quot;,&quot;av-medium-parallax_speed&quot;:&quot;inherit&quot;,&quot;av-small-parallax&quot;:&quot;inherit&quot;,&quot;av-small-parallax_speed&quot;:&quot;inherit&quot;,&quot;av-mini-parallax&quot;:&quot;inherit&quot;,&quot;av-mini-parallax_speed&quot;:&quot;inherit&quot;,&quot;parallax-container&quot;:&quot;.av-av_one_full-412e7ac3e02c60d22a646a35c496afa4&quot;}\"    aria-label='gals-wrap'  ><div class='avia-curtain-reveal-overlay av-animated-when-visible-95 animate-all-devices curtain-reveal-ltr'><\/div><p>\n<style type=\"text\/css\" data-created_by=\"avia_inline_auto\" id=\"style-css-av-av_image-3b71886362459a381bc8d8a6e567034e\">\n.avia-image-container.av-av_image-3b71886362459a381bc8d8a6e567034e img.avia_image{\nbox-shadow:none;\n}\n.avia-image-container.av-av_image-3b71886362459a381bc8d8a6e567034e .av-image-caption-overlay-center{\ncolor:#ffffff;\n}\n<\/style>\n<div  id=\"gal-item\"  class='avia-image-container av-av_image-3b71886362459a381bc8d8a6e567034e av-styling-no-styling avia-align-center  avia-builder-el-16  el_before_av_image  avia-builder-el-first  gal-item gal-item'   itemprop=\"image\" itemscope=\"itemscope\" itemtype=\"https:\/\/schema.org\/ImageObject\" ><div class=\"avia-image-container-inner\"><div class=\"avia-image-overlay-wrap\"><img decoding=\"async\" class='wp-image-3345 avia-img-lazy-loading-not-3345 avia_image ' src=\"https:\/\/limitreduktor.com\/en\/wp-content\/uploads\/2023\/05\/h1-s2-bg4-1442x508-1.jpg\" alt='' title='h1-s2-bg4-1442x508'  height=\"508\" width=\"1442\"  itemprop=\"thumbnailUrl\" srcset=\"https:\/\/limitreduktor.com\/en\/wp-content\/uploads\/2023\/05\/h1-s2-bg4-1442x508-1.jpg 1442w, https:\/\/limitreduktor.com\/en\/wp-content\/uploads\/2023\/05\/h1-s2-bg4-1442x508-1-300x106.jpg 300w, https:\/\/limitreduktor.com\/en\/wp-content\/uploads\/2023\/05\/h1-s2-bg4-1442x508-1-1030x363.jpg 1030w, https:\/\/limitreduktor.com\/en\/wp-content\/uploads\/2023\/05\/h1-s2-bg4-1442x508-1-768x271.jpg 768w, https:\/\/limitreduktor.com\/en\/wp-content\/uploads\/2023\/05\/h1-s2-bg4-1442x508-1-705x248.jpg 705w\" sizes=\"(max-width: 1442px) 100vw, 1442px\" \/><\/div><\/div><\/div><br \/>\n\n<style type=\"text\/css\" data-created_by=\"avia_inline_auto\" id=\"style-css-av-av_image-92bd7e8c99b6c0ceda944d43f71d6aaa\">\n.avia-image-container.av-av_image-92bd7e8c99b6c0ceda944d43f71d6aaa img.avia_image{\nbox-shadow:none;\n}\n.avia-image-container.av-av_image-92bd7e8c99b6c0ceda944d43f71d6aaa .av-image-caption-overlay-center{\ncolor:#ffffff;\n}\n<\/style>\n<div  id=\"gal-item\"  class='avia-image-container av-av_image-92bd7e8c99b6c0ceda944d43f71d6aaa av-styling-no-styling avia-align-center  avia-builder-el-17  el_after_av_image  avia-builder-el-last  gal-item gal-item'   itemprop=\"image\" itemscope=\"itemscope\" itemtype=\"https:\/\/schema.org\/ImageObject\" ><div class=\"avia-image-container-inner\"><div class=\"avia-image-overlay-wrap\"><img decoding=\"async\" class='wp-image-3347 avia-img-lazy-loading-not-3347 avia_image ' src=\"https:\/\/limitreduktor.com\/en\/wp-content\/uploads\/2023\/05\/pt-bg-1442x508-1.jpg\" alt='' title='pt-bg-1442x508'  height=\"508\" width=\"1442\"  itemprop=\"thumbnailUrl\" srcset=\"https:\/\/limitreduktor.com\/en\/wp-content\/uploads\/2023\/05\/pt-bg-1442x508-1.jpg 1442w, https:\/\/limitreduktor.com\/en\/wp-content\/uploads\/2023\/05\/pt-bg-1442x508-1-300x106.jpg 300w, https:\/\/limitreduktor.com\/en\/wp-content\/uploads\/2023\/05\/pt-bg-1442x508-1-1030x363.jpg 1030w, https:\/\/limitreduktor.com\/en\/wp-content\/uploads\/2023\/05\/pt-bg-1442x508-1-768x271.jpg 768w, https:\/\/limitreduktor.com\/en\/wp-content\/uploads\/2023\/05\/pt-bg-1442x508-1-705x248.jpg 705w\" sizes=\"(max-width: 1442px) 100vw, 1442px\" \/><\/div><\/div><\/div><\/p><\/div>\n<style type=\"text\/css\" data-created_by=\"avia_inline_auto\" id=\"style-css-av-av_one_full-a89261e588d67aa53b57421e4a6b29c8\">\n.flex_column.av-av_one_full-a89261e588d67aa53b57421e4a6b29c8 .avia-curtain-reveal-overlay{\nz-index:100;\n}\n<\/style>\n<div  id=\"gals-wrapalt\"  class='flex_column av-av_one_full-a89261e588d67aa53b57421e4a6b29c8 av_one_full  avia-builder-el-18  el_after_av_one_full  avia-builder-el-last  gals-wrapalt gals-wrapalt first flex_column_div av-parallax-object  column-top-margin' data-parallax=\"{&quot;parallax&quot;:&quot;right_left&quot;,&quot;parallax_speed&quot;:&quot;&quot;,&quot;av-desktop-parallax&quot;:&quot;inherit&quot;,&quot;av-desktop-parallax_speed&quot;:&quot;inherit&quot;,&quot;av-medium-parallax&quot;:&quot;inherit&quot;,&quot;av-medium-parallax_speed&quot;:&quot;inherit&quot;,&quot;av-small-parallax&quot;:&quot;inherit&quot;,&quot;av-small-parallax_speed&quot;:&quot;inherit&quot;,&quot;av-mini-parallax&quot;:&quot;inherit&quot;,&quot;av-mini-parallax_speed&quot;:&quot;inherit&quot;,&quot;parallax-container&quot;:&quot;.av-av_one_full-a89261e588d67aa53b57421e4a6b29c8&quot;}\"    aria-label='gals-wrapalt'  ><div class='avia-curtain-reveal-overlay av-animated-when-visible-95 animate-all-devices curtain-reveal-rtl'><\/div><\/div>\n\n","protected":false},"excerpt":{"rendered":"","protected":false},"author":2,"featured_media":0,"parent":0,"menu_order":0,"comment_status":"closed","ping_status":"closed","template":"","meta":{"footnotes":""},"class_list":["post-4107","page","type-page","status-publish","hentry"],"_links":{"self":[{"href":"https:\/\/limitreduktor.com\/en\/wp-json\/wp\/v2\/pages\/4107","targetHints":{"allow":["GET"]}}],"collection":[{"href":"https:\/\/limitreduktor.com\/en\/wp-json\/wp\/v2\/pages"}],"about":[{"href":"https:\/\/limitreduktor.com\/en\/wp-json\/wp\/v2\/types\/page"}],"author":[{"embeddable":true,"href":"https:\/\/limitreduktor.com\/en\/wp-json\/wp\/v2\/users\/2"}],"replies":[{"embeddable":true,"href":"https:\/\/limitreduktor.com\/en\/wp-json\/wp\/v2\/comments?post=4107"}],"version-history":[{"count":3,"href":"https:\/\/limitreduktor.com\/en\/wp-json\/wp\/v2\/pages\/4107\/revisions"}],"predecessor-version":[{"id":4287,"href":"https:\/\/limitreduktor.com\/en\/wp-json\/wp\/v2\/pages\/4107\/revisions\/4287"}],"wp:attachment":[{"href":"https:\/\/limitreduktor.com\/en\/wp-json\/wp\/v2\/media?parent=4107"}],"curies":[{"name":"wp","href":"https:\/\/api.w.org\/{rel}","templated":true}]}}