{"id":4113,"date":"2023-09-06T12:20:58","date_gmt":"2023-09-06T09:20:58","guid":{"rendered":"https:\/\/limitreduktor.com\/en\/?page_id=4113"},"modified":"2023-09-27T14:07:35","modified_gmt":"2023-09-27T11:07:35","slug":"ex-proof-motorlar-nerede-kullanilir-ex-proof-motorun-ozellikleri","status":"publish","type":"page","link":"https:\/\/limitreduktor.com\/en\/ex-proof-motorlar-nerede-kullanilir-ex-proof-motorun-ozellikleri\/","title":{"rendered":"Ex-Proof Motorlar"},"content":{"rendered":"<div id='av_section_1'  class='avia-section av-av_section-e147dbef25ffabac22f782f451fec362 main_color avia-section-default avia-no-border-styling  avia-builder-el-0  el_before_av_section  avia-builder-el-first  avia-bg-style-scroll container_wrap fullsize'  ><div class='container av-section-cont-open' ><main  role=\"main\" itemprop=\"mainContentOfPage\"  class='template-page content  av-content-full alpha units'><div class='post-entry post-entry-type-page post-entry-4113'><div class='entry-content-wrapper clearfix'>\n<div  class='flex_column av-av_one_half-de0dd98be87d704d471d94f6f5240d9a av_one_half  avia-builder-el-1  el_before_av_one_half  avia-builder-el-first  first flex_column_div av-animated-generic bottom-to-top  '     ><p>\n<style type=\"text\/css\" data-created_by=\"avia_inline_auto\" id=\"style-css-av-av_image-b5538f3833d903813d27e01bec5ee3ba\">\n.avia-image-container.av-av_image-b5538f3833d903813d27e01bec5ee3ba img.avia_image{\nbox-shadow:none;\n}\n.avia-image-container.av-av_image-b5538f3833d903813d27e01bec5ee3ba .av-image-caption-overlay-center{\ncolor:#ffffff;\n}\n<\/style>\n<div  class='avia-image-container av-av_image-b5538f3833d903813d27e01bec5ee3ba av-styling- avia-align-center  avia-builder-el-2  el_before_av_heading  avia-builder-el-first '   itemprop=\"image\" itemscope=\"itemscope\" itemtype=\"https:\/\/schema.org\/ImageObject\" ><div class=\"avia-image-container-inner\"><div class=\"avia-image-overlay-wrap\"><a href=\"https:\/\/limitreduktor.com\/en\/wp-content\/uploads\/2023\/08\/dumantahliye2-1030x682.jpg\" data-srcset=\"https:\/\/limitreduktor.com\/en\/wp-content\/uploads\/2023\/08\/dumantahliye2-1030x682.jpg 1030w, https:\/\/limitreduktor.com\/en\/wp-content\/uploads\/2023\/08\/dumantahliye2-300x199.jpg 300w, https:\/\/limitreduktor.com\/en\/wp-content\/uploads\/2023\/08\/dumantahliye2-768x509.jpg 768w, https:\/\/limitreduktor.com\/en\/wp-content\/uploads\/2023\/08\/dumantahliye2-705x467.jpg 705w, https:\/\/limitreduktor.com\/en\/wp-content\/uploads\/2023\/08\/dumantahliye2.jpg 1200w\" data-sizes=\"(max-width: 1030px) 100vw, 1030px\" class='avia_image' ><img decoding=\"async\" class='wp-image-3887 avia-img-lazy-loading-not-3887 avia_image ' src=\"https:\/\/limitreduktor.com\/en\/wp-content\/uploads\/2023\/08\/dumantahliye2.jpg\" alt='' title='dumantahliye2'  height=\"795\" width=\"1200\"  itemprop=\"thumbnailUrl\" srcset=\"https:\/\/limitreduktor.com\/en\/wp-content\/uploads\/2023\/08\/dumantahliye2.jpg 1200w, https:\/\/limitreduktor.com\/en\/wp-content\/uploads\/2023\/08\/dumantahliye2-300x199.jpg 300w, https:\/\/limitreduktor.com\/en\/wp-content\/uploads\/2023\/08\/dumantahliye2-1030x682.jpg 1030w, https:\/\/limitreduktor.com\/en\/wp-content\/uploads\/2023\/08\/dumantahliye2-768x509.jpg 768w, https:\/\/limitreduktor.com\/en\/wp-content\/uploads\/2023\/08\/dumantahliye2-705x467.jpg 705w\" sizes=\"(max-width: 1200px) 100vw, 1200px\" \/><\/a><\/div><\/div><\/div><br \/>\n\n<style type=\"text\/css\" data-created_by=\"avia_inline_auto\" id=\"style-css-av-lm7j3piw-8bb3bd567c334db1e864f31bf55a923e\">\n#top .av-special-heading.av-lm7j3piw-8bb3bd567c334db1e864f31bf55a923e{\nmargin:0px 0px 0px 0px;\nfont-size:25px;\n}\nbody .av-special-heading.av-lm7j3piw-8bb3bd567c334db1e864f31bf55a923e .av-special-heading-tag .heading-char{\nfont-size:25px;\n}\n#top #wrap_all .av-special-heading.av-lm7j3piw-8bb3bd567c334db1e864f31bf55a923e .av-special-heading-tag{\nfont-size:25px;\npadding:0 0 0 50px;\n}\n.av-special-heading.av-lm7j3piw-8bb3bd567c334db1e864f31bf55a923e .av-subheading{\nfont-size:15px;\n}\n\n@media only screen and (min-width: 480px) and (max-width: 767px){ \n#top #wrap_all .av-special-heading.av-lm7j3piw-8bb3bd567c334db1e864f31bf55a923e .av-special-heading-tag{\nfont-size:0.8em;\n}\n}\n\n@media only screen and (max-width: 479px){ \n#top #wrap_all .av-special-heading.av-lm7j3piw-8bb3bd567c334db1e864f31bf55a923e .av-special-heading-tag{\nfont-size:0.8em;\n}\n}\n<\/style>\n<div  id=\"girisbaslik\"  class='av-special-heading av-lm7j3piw-8bb3bd567c334db1e864f31bf55a923e av-special-heading-h3 blockquote modern-quote  avia-builder-el-3  el_after_av_image  el_before_av_textblock  girisbaslik girisbaslik av-inherit-size'><h3 class='av-special-heading-tag'  itemprop=\"headline\"  >Ex-Proof Motorun \u00d6zellikleri; <\/h3><div class=\"special-heading-border\"><div class=\"special-heading-inner-border\"><\/div><\/div><\/div><br \/>\n<section  class='av_textblock_section av-lm7j3dps-6f74041976aab0787c561c90f0ec1572 '   itemscope=\"itemscope\" itemtype=\"https:\/\/schema.org\/CreativeWork\" ><div class='avia_textblock'  itemprop=\"text\" ><ul>\n<li>GAMAK Alev S\u0131zd\u0131rmaz Ex-Proof Motorlar\u0131,\u00a071-80-90 S -90 L \u2013 100 L \u2013\u00a0112 M -132 S -132 M -160 M -160 L -180 M -180 L -200 L -225 MS\u00a0\u2013 250 M olarak IEC standartlar\u0131na g\u00f6re s\u0131n\u0131fland\u0131r\u0131lm\u0131s\u0327 olan, ilgili tiplere\u00a0\u00f6zg\u00fc tasar\u0131m kriterleri ile tasarlanm\u0131s\u0327t\u0131r.<\/li>\n<li>0,09kW- 75kW g\u00fc\u00e7 aral\u0131\u011f\u0131na sahip\u00a0<strong>\u00a0<\/strong>2-4-6 veya 8 kutup olarak elektriksel tasar\u0131m\u0131 yap\u0131lm\u0131s\u0327, dog\u0306rudan besleme ile \u00e7al\u0131s\u0327t\u0131r\u0131labilecek, IP65 koruma s\u0131n\u0131f\u0131na sahip 3 fazl\u0131, sincap kafesli, asenkron elektrik motoru grubudur.<\/li>\n<li>Alev s\u0131zd\u0131rmaz d s\u0131n\u0131f\u0131 yap\u0131da tasarlanm\u0131s\u0327 olan motorlarda, muhafaza biles\u0327enleri d\u00f6kme demirdir.<\/li>\n<li>Ex-Proof motorlar talep dog\u0306rultusunda F ya da H izolasyon s\u0131n\u0131flar\u0131nda \u00fcretilebilmektedir. F s\u0131nf\u0131 izolasyon ile statoru olus\u0327turan bak\u0131r ve izolasyon vernig\u0306i ilgili standartlar gereg\u0306i 155 dereceye kadar dayan\u0131rken, H s\u0131n\u0131f\u0131 izolasyonda bu dayan\u0131m s\u0131n\u0131r\u0131 180 derece olarak tan\u0131mlanm\u0131s\u0327t\u0131r. I\u0307zolasyon direncinin maksimum y\u00fczey s\u0131cakl\u0131g\u0306\u0131 ile ilis\u0327kisi bulunmamaktad\u0131r.<\/li>\n<li>Ex-proof\u00a0Motorlar\u0131n koruma s\u0131n\u0131flar\u0131 gaz ortam\u0131 i\u00e7in II 2G Exd IIC T4 Gb, toz ortam\u0131 i\u00e7in ise II 2D Extb T135 Db olacak s\u0327ekilde tasarlanm\u0131s\u0327t\u0131r.<\/li>\n<li>T\u00fcm GAMAK Ex-proof motorlar 130 derece a\u00e7ma limiti olan termist\u00f6r koruma elemanlar\u0131 ile \u00fcretilmektedir. B\u00f6ylece motor i\u00e7erisinde sarg\u0131 bas\u0327lar\u0131 s\u0131cakl\u0131klar\u0131n\u0131n ilgili dereceye gelmesi halinde, termist\u00f6r motora elektrik ak\u0131m\u0131 gelmesini \u00f6nleyerek motorun as\u0327\u0131r\u0131 \u0131s\u0131nmas\u0131 koruma alt\u0131na al\u0131nm\u0131s\u0327 olacakt\u0131r. Termist\u00f6r bag\u0306lant\u0131lar\u0131n\u0131n yap\u0131lmas\u0131 kullan\u0131c\u0131 sorumlulug\u0306undad\u0131r.<\/li>\n<li>\u00dcr\u00fcnlerde statik elektriklenmelerden meydana gelebilecek risklerin s\u0131n\u0131rland\u0131r\u0131lmas\u0131 i\u00e7in, koruma muhafazas\u0131 \u00fczerindeki boya kal\u0131nl\u0131g\u0306\u0131 200 mikron ile s\u0131n\u0131rland\u0131r\u0131lm\u0131s\u0327, d\u00f6ner plastik pervane hammaddesi ize y\u00fczey direnci E9 ohm alt\u0131nda olacak \u00f6zel hammaddeden se\u00e7ilmis\u0327tir.<\/li>\n<li>Serideki motorlar\u0131n \u00e7al\u0131s\u0327ma s\u0131cakl\u0131k aral\u0131g\u0306\u0131 -20 \/ +40 derece olarak s\u0131n\u0131rland\u0131r\u0131lm\u0131s\u0327lard\u0131r.<\/li>\n<\/ul>\n<\/div><\/section><\/p><\/div><div  id=\"soltaraf\"  class='flex_column av-av_one_half-c7d8b8aeca199296e7369b076ec5460f av_one_half  avia-builder-el-5  el_after_av_one_half  avia-builder-el-last  soltaraf soltaraf flex_column_div av-animated-generic bottom-to-top  '     ><p>\n<style type=\"text\/css\" data-created_by=\"avia_inline_auto\" id=\"style-css-av-lm7j0q9u-60608e2055f8f49b5437d6eaee33238a\">\n#top .av-special-heading.av-lm7j0q9u-60608e2055f8f49b5437d6eaee33238a{\nmargin:0px 0px 0px 0px;\ncolor:#231f20;\nfont-size:48px;\n}\nbody .av-special-heading.av-lm7j0q9u-60608e2055f8f49b5437d6eaee33238a .av-special-heading-tag .heading-char{\nfont-size:25px;\n}\n#top #wrap_all .av-special-heading.av-lm7j0q9u-60608e2055f8f49b5437d6eaee33238a .av-special-heading-tag{\nfont-size:48px;\npadding:0 0 0 50px;\n}\n.av-special-heading.av-lm7j0q9u-60608e2055f8f49b5437d6eaee33238a .special-heading-inner-border{\nborder-color:#231f20;\n}\n.av-special-heading.av-lm7j0q9u-60608e2055f8f49b5437d6eaee33238a .av-subheading{\nfont-size:15px;\ncolor:#0e8488;\n}\n\n@media only screen and (min-width: 480px) and (max-width: 767px){ \n#top #wrap_all .av-special-heading.av-lm7j0q9u-60608e2055f8f49b5437d6eaee33238a .av-special-heading-tag{\nfont-size:0.8em;\n}\n}\n\n@media only screen and (max-width: 479px){ \n#top #wrap_all .av-special-heading.av-lm7j0q9u-60608e2055f8f49b5437d6eaee33238a .av-special-heading-tag{\nfont-size:0.8em;\n}\n}\n<\/style>\n<div  id=\"girisbaslik\"  class='av-special-heading av-lm7j0q9u-60608e2055f8f49b5437d6eaee33238a av-special-heading-h3 custom-color-heading blockquote modern-quote  avia-builder-el-6  el_before_av_hr  avia-builder-el-first  girisbaslik girisbaslik av-inherit-size'><h3 class='av-special-heading-tag'  itemprop=\"headline\"  >Ex-Proof Motorlar Nerede Kullan\u0131l\u0131r; <\/h3><div class=\"special-heading-border\"><div class=\"special-heading-inner-border\"><\/div><\/div><\/div><br \/>\n\n<style type=\"text\/css\" data-created_by=\"avia_inline_auto\" id=\"style-css-av-av_hr-a56c7c17de86cb6f4de3f81060ad6b8b\">\n#top .hr.av-av_hr-a56c7c17de86cb6f4de3f81060ad6b8b{\nmargin-top:30px;\nmargin-bottom:30px;\n}\n.hr.av-av_hr-a56c7c17de86cb6f4de3f81060ad6b8b .hr-inner{\nwidth:50000px;\nborder-color:#d0d0d0;\n}\n<\/style>\n<div  class='hr av-av_hr-a56c7c17de86cb6f4de3f81060ad6b8b hr-custom  avia-builder-el-7  el_after_av_heading  el_before_av_textblock  hr-center hr-icon-no'><span class='hr-inner inner-border-av-border-thin'><span class=\"hr-inner-style\"><\/span><\/span><\/div><br \/>\n<section  class='av_textblock_section av-lm7j2pkn-b6389cc90cb78b77bd18574adbe861b5 '   itemscope=\"itemscope\" itemtype=\"https:\/\/schema.org\/CreativeWork\" ><div class='avia_textblock'  itemprop=\"text\" ><p>Ex-proof motorlar yan\u0131c\u0131 ve patlay\u0131c\u0131 maddelerin bulundu\u011fu sekt\u00f6rlerin bir\u00e7o\u011funda kullan\u0131lmaktad\u0131r. Madenler, do\u011falgaz tesisleri ,boya, tersaneler, kimya, ila\u00e7, parf\u00fcm gibi end\u00fcstriyel sekt\u00f6rlerde ve bununu gibi risk te\u015fkil eden yan\u0131c\u0131 ve patlay\u0131c\u0131 gaz ortamlar\u0131nda kullan\u0131lmaktad\u0131r.<\/p>\n<\/div><\/section><\/p><\/div><\/div><\/div><\/main><!-- close content main element --><\/div><\/div><div id='av_section_2'  class='avia-section av-av_section-fb57bc34b801483b8cefc38a851abae1 main_color avia-section-default avia-no-border-styling  avia-builder-el-9  el_after_av_section  el_before_av_section  avia-bg-style-scroll container_wrap fullsize'  ><div class='container av-section-cont-open' ><div class='template-page content  av-content-full alpha units'><div class='post-entry post-entry-type-page post-entry-4113'><div class='entry-content-wrapper clearfix'><\/p>\n<\/div><\/div><\/div><!-- close content main div --><\/div><\/div><div id='av_section_3'  class='avia-section av-av_section-e147dbef25ffabac22f782f451fec362 main_color avia-section-default avia-no-border-styling  avia-builder-el-10  el_after_av_section  el_before_av_section  avia-bg-style-scroll container_wrap fullsize'  ><div class='container av-section-cont-open' ><div class='template-page content  av-content-full alpha units'><div class='post-entry post-entry-type-page post-entry-4113'><div class='entry-content-wrapper clearfix'>\n<div  class='avia-button-wrap av-av_button-2f334403345080fc06419f977c7c70b0-wrap avia-button-center  avia-builder-el-11  avia-builder-el-no-sibling '>\n<style type=\"text\/css\" data-created_by=\"avia_inline_auto\" id=\"style-css-av-av_button-2f334403345080fc06419f977c7c70b0\">\n#top #wrap_all .avia-button.av-av_button-2f334403345080fc06419f977c7c70b0{\nbackground-color:#0e8488;\nborder-color:#0e8488;\ncolor:#ffffff;\nborder-style:none;\n-webkit-border-radius:0PX 0PX 0PX 0PX;\n-moz-border-radius:0PX 0PX 0PX 0PX;\nborder-radius:0PX 0PX 0PX 0PX;\n-webkit-transition:all 0.4s ease-in-out;\n-moz-transition:all 0.4s ease-in-out;\n-ms-transition:all 0.4s ease-in-out;\n-o-transition:all 0.4s ease-in-out;\ntransition:all 0.4s ease-in-out;\n}\n#top #wrap_all .avia-button.av-av_button-2f334403345080fc06419f977c7c70b0:hover{\nbackground-color:#262223;\ncolor:#ffffff;\n-webkit-transition:all 0.4s ease-in-out;\n-moz-transition:all 0.4s ease-in-out;\n-ms-transition:all 0.4s ease-in-out;\n-o-transition:all 0.4s ease-in-out;\ntransition:all 0.4s ease-in-out;\n}\n#top #wrap_all.avia-button.av-av_button-2f334403345080fc06419f977c7c70b0:hover .avia_button_background{\n-webkit-border-radius:0PX 0PX 0PX 0PX;\n-moz-border-radius:0PX 0PX 0PX 0PX;\nborder-radius:0PX 0PX 0PX 0PX;\n}\n<\/style>\n<a href='#' class='avia-button av-av_button-2f334403345080fc06419f977c7c70b0 avia-icon_select-yes-left-icon avia-size-large avia-position-center av-icon-on-hover' target=\"_blank\" rel=\"noopener noreferrer\"><span class='avia_button_icon avia_button_icon_left' aria-hidden='true' data-av_icon='\ue823' data-av_iconfont='entypo-fontello'><\/span><span class='avia_iconbox_title' >D\u00d6K\u00dcMAN \u0130ND\u0130R<\/span><\/a><\/div>\n\n<\/div><\/div><\/div><!-- close content main div --><\/div><\/div><div id='top-left' aria-label='top-left' class='avia-section av-av_section-ec10909ff680ab556cf947fe1be7beb9 main_color avia-section-no-padding avia-no-border-styling  avia-builder-el-12  el_after_av_section  avia-builder-el-last  top-left top-left avia-bg-style-scroll container_wrap fullsize'  ><div class='container av-section-cont-open' ><div class='template-page content  av-content-full alpha units'><div class='post-entry post-entry-type-page post-entry-4113'><div class='entry-content-wrapper clearfix'>\n\n<style type=\"text\/css\" data-created_by=\"avia_inline_auto\" id=\"style-css-av-av_one_full-412e7ac3e02c60d22a646a35c496afa4\">\n.flex_column.av-av_one_full-412e7ac3e02c60d22a646a35c496afa4 .avia-curtain-reveal-overlay{\nz-index:100;\n}\n<\/style>\n<div  id=\"gals-wrap\"  class='flex_column av-av_one_full-412e7ac3e02c60d22a646a35c496afa4 av_one_full  avia-builder-el-13  el_before_av_one_full  avia-builder-el-first  gals-wrap gals-wrap first no_margin flex_column_div av-parallax-object  ' data-parallax=\"{&quot;parallax&quot;:&quot;left_right&quot;,&quot;parallax_speed&quot;:&quot;&quot;,&quot;av-desktop-parallax&quot;:&quot;inherit&quot;,&quot;av-desktop-parallax_speed&quot;:&quot;inherit&quot;,&quot;av-medium-parallax&quot;:&quot;inherit&quot;,&quot;av-medium-parallax_speed&quot;:&quot;inherit&quot;,&quot;av-small-parallax&quot;:&quot;inherit&quot;,&quot;av-small-parallax_speed&quot;:&quot;inherit&quot;,&quot;av-mini-parallax&quot;:&quot;inherit&quot;,&quot;av-mini-parallax_speed&quot;:&quot;inherit&quot;,&quot;parallax-container&quot;:&quot;.av-av_one_full-412e7ac3e02c60d22a646a35c496afa4&quot;}\"    aria-label='gals-wrap'  ><div class='avia-curtain-reveal-overlay av-animated-when-visible-95 animate-all-devices curtain-reveal-ltr'><\/div><p>\n<style type=\"text\/css\" data-created_by=\"avia_inline_auto\" id=\"style-css-av-av_image-3b71886362459a381bc8d8a6e567034e\">\n.avia-image-container.av-av_image-3b71886362459a381bc8d8a6e567034e img.avia_image{\nbox-shadow:none;\n}\n.avia-image-container.av-av_image-3b71886362459a381bc8d8a6e567034e .av-image-caption-overlay-center{\ncolor:#ffffff;\n}\n<\/style>\n<div  id=\"gal-item\"  class='avia-image-container av-av_image-3b71886362459a381bc8d8a6e567034e av-styling-no-styling avia-align-center  avia-builder-el-14  el_before_av_image  avia-builder-el-first  gal-item gal-item'   itemprop=\"image\" itemscope=\"itemscope\" itemtype=\"https:\/\/schema.org\/ImageObject\" ><div class=\"avia-image-container-inner\"><div class=\"avia-image-overlay-wrap\"><img decoding=\"async\" class='wp-image-3345 avia-img-lazy-loading-not-3345 avia_image ' src=\"https:\/\/limitreduktor.com\/en\/wp-content\/uploads\/2023\/05\/h1-s2-bg4-1442x508-1.jpg\" alt='' title='h1-s2-bg4-1442x508'  height=\"508\" width=\"1442\"  itemprop=\"thumbnailUrl\" srcset=\"https:\/\/limitreduktor.com\/en\/wp-content\/uploads\/2023\/05\/h1-s2-bg4-1442x508-1.jpg 1442w, https:\/\/limitreduktor.com\/en\/wp-content\/uploads\/2023\/05\/h1-s2-bg4-1442x508-1-300x106.jpg 300w, https:\/\/limitreduktor.com\/en\/wp-content\/uploads\/2023\/05\/h1-s2-bg4-1442x508-1-1030x363.jpg 1030w, https:\/\/limitreduktor.com\/en\/wp-content\/uploads\/2023\/05\/h1-s2-bg4-1442x508-1-768x271.jpg 768w, https:\/\/limitreduktor.com\/en\/wp-content\/uploads\/2023\/05\/h1-s2-bg4-1442x508-1-705x248.jpg 705w\" sizes=\"(max-width: 1442px) 100vw, 1442px\" \/><\/div><\/div><\/div><br \/>\n\n<style type=\"text\/css\" data-created_by=\"avia_inline_auto\" id=\"style-css-av-av_image-92bd7e8c99b6c0ceda944d43f71d6aaa\">\n.avia-image-container.av-av_image-92bd7e8c99b6c0ceda944d43f71d6aaa img.avia_image{\nbox-shadow:none;\n}\n.avia-image-container.av-av_image-92bd7e8c99b6c0ceda944d43f71d6aaa .av-image-caption-overlay-center{\ncolor:#ffffff;\n}\n<\/style>\n<div  id=\"gal-item\"  class='avia-image-container av-av_image-92bd7e8c99b6c0ceda944d43f71d6aaa av-styling-no-styling avia-align-center  avia-builder-el-15  el_after_av_image  avia-builder-el-last  gal-item gal-item'   itemprop=\"image\" itemscope=\"itemscope\" itemtype=\"https:\/\/schema.org\/ImageObject\" ><div class=\"avia-image-container-inner\"><div class=\"avia-image-overlay-wrap\"><img decoding=\"async\" class='wp-image-3347 avia-img-lazy-loading-not-3347 avia_image ' src=\"https:\/\/limitreduktor.com\/en\/wp-content\/uploads\/2023\/05\/pt-bg-1442x508-1.jpg\" alt='' title='pt-bg-1442x508'  height=\"508\" width=\"1442\"  itemprop=\"thumbnailUrl\" srcset=\"https:\/\/limitreduktor.com\/en\/wp-content\/uploads\/2023\/05\/pt-bg-1442x508-1.jpg 1442w, https:\/\/limitreduktor.com\/en\/wp-content\/uploads\/2023\/05\/pt-bg-1442x508-1-300x106.jpg 300w, https:\/\/limitreduktor.com\/en\/wp-content\/uploads\/2023\/05\/pt-bg-1442x508-1-1030x363.jpg 1030w, https:\/\/limitreduktor.com\/en\/wp-content\/uploads\/2023\/05\/pt-bg-1442x508-1-768x271.jpg 768w, https:\/\/limitreduktor.com\/en\/wp-content\/uploads\/2023\/05\/pt-bg-1442x508-1-705x248.jpg 705w\" sizes=\"(max-width: 1442px) 100vw, 1442px\" \/><\/div><\/div><\/div><\/p><\/div>\n<style type=\"text\/css\" data-created_by=\"avia_inline_auto\" id=\"style-css-av-av_one_full-a89261e588d67aa53b57421e4a6b29c8\">\n.flex_column.av-av_one_full-a89261e588d67aa53b57421e4a6b29c8 .avia-curtain-reveal-overlay{\nz-index:100;\n}\n<\/style>\n<div  id=\"gals-wrapalt\"  class='flex_column av-av_one_full-a89261e588d67aa53b57421e4a6b29c8 av_one_full  avia-builder-el-16  el_after_av_one_full  avia-builder-el-last  gals-wrapalt gals-wrapalt first flex_column_div av-parallax-object  column-top-margin' data-parallax=\"{&quot;parallax&quot;:&quot;right_left&quot;,&quot;parallax_speed&quot;:&quot;&quot;,&quot;av-desktop-parallax&quot;:&quot;inherit&quot;,&quot;av-desktop-parallax_speed&quot;:&quot;inherit&quot;,&quot;av-medium-parallax&quot;:&quot;inherit&quot;,&quot;av-medium-parallax_speed&quot;:&quot;inherit&quot;,&quot;av-small-parallax&quot;:&quot;inherit&quot;,&quot;av-small-parallax_speed&quot;:&quot;inherit&quot;,&quot;av-mini-parallax&quot;:&quot;inherit&quot;,&quot;av-mini-parallax_speed&quot;:&quot;inherit&quot;,&quot;parallax-container&quot;:&quot;.av-av_one_full-a89261e588d67aa53b57421e4a6b29c8&quot;}\"    aria-label='gals-wrapalt'  ><div class='avia-curtain-reveal-overlay av-animated-when-visible-95 animate-all-devices curtain-reveal-rtl'><\/div><\/div>\n\n","protected":false},"excerpt":{"rendered":"","protected":false},"author":2,"featured_media":0,"parent":0,"menu_order":0,"comment_status":"closed","ping_status":"closed","template":"","meta":{"footnotes":""},"class_list":["post-4113","page","type-page","status-publish","hentry"],"_links":{"self":[{"href":"https:\/\/limitreduktor.com\/en\/wp-json\/wp\/v2\/pages\/4113","targetHints":{"allow":["GET"]}}],"collection":[{"href":"https:\/\/limitreduktor.com\/en\/wp-json\/wp\/v2\/pages"}],"about":[{"href":"https:\/\/limitreduktor.com\/en\/wp-json\/wp\/v2\/types\/page"}],"author":[{"embeddable":true,"href":"https:\/\/limitreduktor.com\/en\/wp-json\/wp\/v2\/users\/2"}],"replies":[{"embeddable":true,"href":"https:\/\/limitreduktor.com\/en\/wp-json\/wp\/v2\/comments?post=4113"}],"version-history":[{"count":3,"href":"https:\/\/limitreduktor.com\/en\/wp-json\/wp\/v2\/pages\/4113\/revisions"}],"predecessor-version":[{"id":4288,"href":"https:\/\/limitreduktor.com\/en\/wp-json\/wp\/v2\/pages\/4113\/revisions\/4288"}],"wp:attachment":[{"href":"https:\/\/limitreduktor.com\/en\/wp-json\/wp\/v2\/media?parent=4113"}],"curies":[{"name":"wp","href":"https:\/\/api.w.org\/{rel}","templated":true}]}}