{"id":4127,"date":"2023-09-06T13:30:17","date_gmt":"2023-09-06T10:30:17","guid":{"rendered":"https:\/\/limitreduktor.com\/en\/?page_id=4127"},"modified":"2023-09-27T14:11:26","modified_gmt":"2023-09-27T11:11:26","slug":"gamak-orta-gerilim-motorlari","status":"publish","type":"page","link":"https:\/\/limitreduktor.com\/en\/gamak-orta-gerilim-motorlari\/","title":{"rendered":"Orta Gerilim Motorlar\u0131"},"content":{"rendered":"<div id='av_section_1'  class='avia-section av-av_section-e147dbef25ffabac22f782f451fec362 main_color avia-section-default avia-no-border-styling  avia-builder-el-0  el_before_av_section  avia-builder-el-first  avia-bg-style-scroll container_wrap fullsize'  ><div class='container av-section-cont-open' ><main  role=\"main\" itemprop=\"mainContentOfPage\"  class='template-page content  av-content-full alpha units'><div class='post-entry post-entry-type-page post-entry-4127'><div class='entry-content-wrapper clearfix'>\n<div  class='flex_column av-av_one_half-de0dd98be87d704d471d94f6f5240d9a av_one_half  avia-builder-el-1  el_before_av_one_half  avia-builder-el-first  first flex_column_div av-animated-generic bottom-to-top  '     ><p>\n<style type=\"text\/css\" data-created_by=\"avia_inline_auto\" id=\"style-css-av-av_image-b5538f3833d903813d27e01bec5ee3ba\">\n.avia-image-container.av-av_image-b5538f3833d903813d27e01bec5ee3ba img.avia_image{\nbox-shadow:none;\n}\n.avia-image-container.av-av_image-b5538f3833d903813d27e01bec5ee3ba .av-image-caption-overlay-center{\ncolor:#ffffff;\n}\n<\/style>\n<div  class='avia-image-container av-av_image-b5538f3833d903813d27e01bec5ee3ba av-styling- avia-align-center  avia-builder-el-2  el_before_av_heading  avia-builder-el-first '   itemprop=\"image\" itemscope=\"itemscope\" itemtype=\"https:\/\/schema.org\/ImageObject\" ><div class=\"avia-image-container-inner\"><div class=\"avia-image-overlay-wrap\"><a href=\"https:\/\/limitreduktor.com\/en\/wp-content\/uploads\/2023\/08\/dumantahliye2-1030x682.jpg\" data-srcset=\"https:\/\/limitreduktor.com\/en\/wp-content\/uploads\/2023\/08\/dumantahliye2-1030x682.jpg 1030w, https:\/\/limitreduktor.com\/en\/wp-content\/uploads\/2023\/08\/dumantahliye2-300x199.jpg 300w, https:\/\/limitreduktor.com\/en\/wp-content\/uploads\/2023\/08\/dumantahliye2-768x509.jpg 768w, https:\/\/limitreduktor.com\/en\/wp-content\/uploads\/2023\/08\/dumantahliye2-705x467.jpg 705w, https:\/\/limitreduktor.com\/en\/wp-content\/uploads\/2023\/08\/dumantahliye2.jpg 1200w\" data-sizes=\"(max-width: 1030px) 100vw, 1030px\" class='avia_image' ><img decoding=\"async\" class='wp-image-3887 avia-img-lazy-loading-not-3887 avia_image ' src=\"https:\/\/limitreduktor.com\/en\/wp-content\/uploads\/2023\/08\/dumantahliye2.jpg\" alt='' title='dumantahliye2'  height=\"795\" width=\"1200\"  itemprop=\"thumbnailUrl\" srcset=\"https:\/\/limitreduktor.com\/en\/wp-content\/uploads\/2023\/08\/dumantahliye2.jpg 1200w, https:\/\/limitreduktor.com\/en\/wp-content\/uploads\/2023\/08\/dumantahliye2-300x199.jpg 300w, https:\/\/limitreduktor.com\/en\/wp-content\/uploads\/2023\/08\/dumantahliye2-1030x682.jpg 1030w, https:\/\/limitreduktor.com\/en\/wp-content\/uploads\/2023\/08\/dumantahliye2-768x509.jpg 768w, https:\/\/limitreduktor.com\/en\/wp-content\/uploads\/2023\/08\/dumantahliye2-705x467.jpg 705w\" sizes=\"(max-width: 1200px) 100vw, 1200px\" \/><\/a><\/div><\/div><\/div><br \/>\n\n<style type=\"text\/css\" data-created_by=\"avia_inline_auto\" id=\"style-css-av-lm7lkqke-7d9ff5f095cea64ded77c5e5b48cb6f2\">\n#top .av-special-heading.av-lm7lkqke-7d9ff5f095cea64ded77c5e5b48cb6f2{\nmargin:0px 0px 0px 0px;\nfont-size:25px;\n}\nbody .av-special-heading.av-lm7lkqke-7d9ff5f095cea64ded77c5e5b48cb6f2 .av-special-heading-tag .heading-char{\nfont-size:25px;\n}\n#top #wrap_all .av-special-heading.av-lm7lkqke-7d9ff5f095cea64ded77c5e5b48cb6f2 .av-special-heading-tag{\nfont-size:25px;\npadding:0 0 0 50px;\n}\n.av-special-heading.av-lm7lkqke-7d9ff5f095cea64ded77c5e5b48cb6f2 .av-subheading{\nfont-size:15px;\n}\n\n@media only screen and (min-width: 480px) and (max-width: 767px){ \n#top #wrap_all .av-special-heading.av-lm7lkqke-7d9ff5f095cea64ded77c5e5b48cb6f2 .av-special-heading-tag{\nfont-size:0.8em;\n}\n}\n\n@media only screen and (max-width: 479px){ \n#top #wrap_all .av-special-heading.av-lm7lkqke-7d9ff5f095cea64ded77c5e5b48cb6f2 .av-special-heading-tag{\nfont-size:0.8em;\n}\n}\n<\/style>\n<div  id=\"girisbaslik\"  class='av-special-heading av-lm7lkqke-7d9ff5f095cea64ded77c5e5b48cb6f2 av-special-heading-h3 blockquote modern-quote  avia-builder-el-3  el_after_av_image  el_before_av_textblock  girisbaslik girisbaslik av-inherit-size'><h3 class='av-special-heading-tag'  itemprop=\"headline\"  >Genel \u00d6zellikler; <\/h3><div class=\"special-heading-border\"><div class=\"special-heading-inner-border\"><\/div><\/div><\/div><br \/>\n<section  class='av_textblock_section av-lm7ll9il-25e79f89ef2b85403179cd8ed487a5db '   itemscope=\"itemscope\" itemtype=\"https:\/\/schema.org\/CreativeWork\" ><div class='avia_textblock'  itemprop=\"text\" ><p>Kafes Rotorlu \/ Pik (Demir) D\u00f6k\u00fcm G\u00f6vde<br \/>\nTam Kapal\u0131 (TEFC) &#8211; (TEFV) &#8211; (TEAAC)<\/p>\n<p><strong>Gerilim Aral\u0131\u011f\u0131 :\u00a0<\/strong>1.000 \u2013 11.000 V<br \/>\n<strong>G\u00fc\u00e7 Aral\u0131\u011f\u0131 :\u00a0<\/strong>150\u2013 3000 kW<br \/>\n<strong>Yap\u0131 B\u00fcy\u00fckl\u00fc\u011f\u00fc \u00a0:<\/strong>\u00a0315 &#8211; 630 (IEC)<br \/>\n<strong>Montaj \u015eekli\u00a0<\/strong>: IMB3-IMV1-IMV3<br \/>\n<strong>\u00c7al\u0131\u015fma \u015eekli :<\/strong>\u00a0S1 Standart, S1-8 Opsiyonel<br \/>\n<strong>Koruma S\u0131n\u0131f\u0131 :<\/strong>\u00a0IP 55<br \/>\n<strong>\u0130zolasyon S\u0131n\u0131f\u0131 :<\/strong>\u00a0F (155\u00b0 C)<br \/>\n<strong>S\u0131cakl\u0131k Art\u0131\u015f S\u0131n\u0131f\u0131 :<\/strong>\u00a0B S\u0131n\u0131f\u0131 (80K)<br \/>\n<strong>Kutup Say\u0131s\u0131\u00a0<\/strong>: 2 \u2013 12<br \/>\n<strong>So\u011futma \u015eekli\u00a0<\/strong>: IC411-IC416-IC611<br \/>\nRulmanda ve Sarg\u0131da PT100<br \/>\nTermist\u00f6r<br \/>\nYa\u011flama nipelleri<br \/>\nE\u015f Rulman<\/p>\n<\/div><\/section><\/p><\/div><div  id=\"soltaraf\"  class='flex_column av-av_one_half-c7d8b8aeca199296e7369b076ec5460f av_one_half  avia-builder-el-5  el_after_av_one_half  avia-builder-el-last  soltaraf soltaraf flex_column_div av-animated-generic bottom-to-top  '     ><p>\n<style type=\"text\/css\" data-created_by=\"avia_inline_auto\" id=\"style-css-av-lm7ljocs-f2b03b9a323db4a38eb7c736fe42f89f\">\n#top .av-special-heading.av-lm7ljocs-f2b03b9a323db4a38eb7c736fe42f89f{\nmargin:0px 0px 0px 0px;\ncolor:#231f20;\nfont-size:48px;\n}\nbody .av-special-heading.av-lm7ljocs-f2b03b9a323db4a38eb7c736fe42f89f .av-special-heading-tag .heading-char{\nfont-size:25px;\n}\n#top #wrap_all .av-special-heading.av-lm7ljocs-f2b03b9a323db4a38eb7c736fe42f89f .av-special-heading-tag{\nfont-size:48px;\npadding:0 0 0 50px;\n}\n.av-special-heading.av-lm7ljocs-f2b03b9a323db4a38eb7c736fe42f89f .special-heading-inner-border{\nborder-color:#231f20;\n}\n.av-special-heading.av-lm7ljocs-f2b03b9a323db4a38eb7c736fe42f89f .av-subheading{\nfont-size:15px;\ncolor:#0e8488;\n}\n\n@media only screen and (min-width: 480px) and (max-width: 767px){ \n#top #wrap_all .av-special-heading.av-lm7ljocs-f2b03b9a323db4a38eb7c736fe42f89f .av-special-heading-tag{\nfont-size:0.8em;\n}\n}\n\n@media only screen and (max-width: 479px){ \n#top #wrap_all .av-special-heading.av-lm7ljocs-f2b03b9a323db4a38eb7c736fe42f89f .av-special-heading-tag{\nfont-size:0.8em;\n}\n}\n<\/style>\n<div  id=\"girisbaslik\"  class='av-special-heading av-lm7ljocs-f2b03b9a323db4a38eb7c736fe42f89f av-special-heading-h3 custom-color-heading blockquote modern-quote  avia-builder-el-6  el_before_av_hr  avia-builder-el-first  girisbaslik girisbaslik av-inherit-size'><h3 class='av-special-heading-tag'  itemprop=\"headline\"  >Orta Gerilim Motorlar\u0131 <\/h3><div class=\"special-heading-border\"><div class=\"special-heading-inner-border\"><\/div><\/div><\/div><br \/>\n\n<style type=\"text\/css\" data-created_by=\"avia_inline_auto\" id=\"style-css-av-av_hr-a56c7c17de86cb6f4de3f81060ad6b8b\">\n#top .hr.av-av_hr-a56c7c17de86cb6f4de3f81060ad6b8b{\nmargin-top:30px;\nmargin-bottom:30px;\n}\n.hr.av-av_hr-a56c7c17de86cb6f4de3f81060ad6b8b .hr-inner{\nwidth:50000px;\nborder-color:#d0d0d0;\n}\n<\/style>\n<div  class='hr av-av_hr-a56c7c17de86cb6f4de3f81060ad6b8b hr-custom  avia-builder-el-7  el_after_av_heading  el_before_av_textblock  hr-center hr-icon-no'><span class='hr-inner inner-border-av-border-thin'><span class=\"hr-inner-style\"><\/span><\/span><\/div><br \/>\n<section  class='av_textblock_section av-lm7lk4nm-d62a5749d511f5dfdfe466affe0fc30d '   itemscope=\"itemscope\" itemtype=\"https:\/\/schema.org\/CreativeWork\" ><div class='avia_textblock'  itemprop=\"text\" ><p>Orta gerilim motorlar\u0131, a\u011f\u0131r y\u00fcklerin hareket ettirildi\u011fi veya \u00f6zellikle karma\u015f\u0131k uygulamalarla ba\u011flant\u0131l\u0131 i\u015flerin y\u00fcr\u00fct\u00fcld\u00fc\u011f\u00fc t\u00fcm end\u00fcstrilerde kullan\u0131lmaktad\u0131r. Bu motorlar, petrol ve gaz, enerji \u00fcretimi, denizcilik, ka\u011f\u0131t hamuru ve ka\u011f\u0131t, \u00e7imento, madencilik, metal ve su i\u015fleme dahil olmak \u00fczere t\u00fcm end\u00fcstrilerde geni\u015f bir uygulama yelpazesinde kullan\u0131lmaktad\u0131r. GAMAK orta gerilim asenkron motorlar\u0131, performanslar\u0131 ve dayan\u0131kl\u0131l\u0131klar\u0131 a\u00e7\u0131s\u0131ndan benzerlerinden \u00fcst\u00fcnd\u00fcr.<\/p>\n<p>Bu alanda GAMAK\u2019\u0131 rakiplerinden \u00a0farkl\u0131 k\u0131lan, sipari\u015f \u00fczerine tasar\u0131m, \u00f6zelle\u015ftirilme, g\u00fcvenilirlik ve esneklik yeteneklerimizdir. Orta Gerilim Motor ve Jenerat\u00f6r \u00e7\u00f6z\u00fcmlerimiz, belirli m\u00fc\u015fteri uygulamas\u0131 i\u00e7in en iyi tasar\u0131m\u0131 tan\u0131mlamak ve performans-maliyet optimizasyonunu belirlemek i\u00e7in geli\u015fmi\u015f analitik ara\u00e7lar kullan\u0131larak geli\u015ftirilmektedir.<\/p>\n<p>GAMAK Orta Gerilim Motorlar\u0131, 315 \u2013 630 yap\u0131 b\u00fcy\u00fckl\u00fc\u011f\u00fcne, \u00a0150\u2013 3000 kW aral\u0131\u011f\u0131nda end\u00fcstride genel kullan\u0131m amac\u0131 ile imal edilen motorlar\u0131 kapsar.<\/p>\n<\/div><\/section><\/p><\/div><\/div><\/div><\/main><!-- close content main element --><\/div><\/div><div id='av_section_2'  class='avia-section av-av_section-fb57bc34b801483b8cefc38a851abae1 main_color avia-section-default avia-no-border-styling  avia-builder-el-9  el_after_av_section  el_before_av_section  avia-bg-style-scroll container_wrap fullsize'  ><div class='container av-section-cont-open' ><div class='template-page content  av-content-full alpha units'><div class='post-entry post-entry-type-page post-entry-4127'><div class='entry-content-wrapper clearfix'><\/p>\n<\/div><\/div><\/div><!-- close content main div --><\/div><\/div><div id='av_section_3'  class='avia-section av-av_section-e147dbef25ffabac22f782f451fec362 main_color avia-section-default avia-no-border-styling  avia-builder-el-10  el_after_av_section  el_before_av_section  avia-bg-style-scroll container_wrap fullsize'  ><div class='container av-section-cont-open' ><div class='template-page content  av-content-full alpha units'><div class='post-entry post-entry-type-page post-entry-4127'><div class='entry-content-wrapper clearfix'>\n<div  class='avia-button-wrap av-av_button-2f334403345080fc06419f977c7c70b0-wrap avia-button-center  avia-builder-el-11  avia-builder-el-no-sibling '>\n<style type=\"text\/css\" data-created_by=\"avia_inline_auto\" id=\"style-css-av-av_button-2f334403345080fc06419f977c7c70b0\">\n#top #wrap_all .avia-button.av-av_button-2f334403345080fc06419f977c7c70b0{\nbackground-color:#0e8488;\nborder-color:#0e8488;\ncolor:#ffffff;\nborder-style:none;\n-webkit-border-radius:0PX 0PX 0PX 0PX;\n-moz-border-radius:0PX 0PX 0PX 0PX;\nborder-radius:0PX 0PX 0PX 0PX;\n-webkit-transition:all 0.4s ease-in-out;\n-moz-transition:all 0.4s ease-in-out;\n-ms-transition:all 0.4s ease-in-out;\n-o-transition:all 0.4s ease-in-out;\ntransition:all 0.4s ease-in-out;\n}\n#top #wrap_all .avia-button.av-av_button-2f334403345080fc06419f977c7c70b0:hover{\nbackground-color:#262223;\ncolor:#ffffff;\n-webkit-transition:all 0.4s ease-in-out;\n-moz-transition:all 0.4s ease-in-out;\n-ms-transition:all 0.4s ease-in-out;\n-o-transition:all 0.4s ease-in-out;\ntransition:all 0.4s ease-in-out;\n}\n#top #wrap_all.avia-button.av-av_button-2f334403345080fc06419f977c7c70b0:hover .avia_button_background{\n-webkit-border-radius:0PX 0PX 0PX 0PX;\n-moz-border-radius:0PX 0PX 0PX 0PX;\nborder-radius:0PX 0PX 0PX 0PX;\n}\n<\/style>\n<a href='#' class='avia-button av-av_button-2f334403345080fc06419f977c7c70b0 avia-icon_select-yes-left-icon avia-size-large avia-position-center av-icon-on-hover' target=\"_blank\" rel=\"noopener noreferrer\"><span class='avia_button_icon avia_button_icon_left' aria-hidden='true' data-av_icon='\ue823' data-av_iconfont='entypo-fontello'><\/span><span class='avia_iconbox_title' >D\u00d6K\u00dcMAN \u0130ND\u0130R<\/span><\/a><\/div>\n\n<\/div><\/div><\/div><!-- close content main div --><\/div><\/div><div id='top-left' aria-label='top-left' class='avia-section av-av_section-ec10909ff680ab556cf947fe1be7beb9 main_color avia-section-no-padding avia-no-border-styling  avia-builder-el-12  el_after_av_section  avia-builder-el-last  top-left top-left avia-bg-style-scroll container_wrap fullsize'  ><div class='container av-section-cont-open' ><div class='template-page content  av-content-full alpha units'><div class='post-entry post-entry-type-page post-entry-4127'><div class='entry-content-wrapper clearfix'>\n\n<style type=\"text\/css\" data-created_by=\"avia_inline_auto\" id=\"style-css-av-av_one_full-412e7ac3e02c60d22a646a35c496afa4\">\n.flex_column.av-av_one_full-412e7ac3e02c60d22a646a35c496afa4 .avia-curtain-reveal-overlay{\nz-index:100;\n}\n<\/style>\n<div  id=\"gals-wrap\"  class='flex_column av-av_one_full-412e7ac3e02c60d22a646a35c496afa4 av_one_full  avia-builder-el-13  el_before_av_one_full  avia-builder-el-first  gals-wrap gals-wrap first no_margin flex_column_div av-parallax-object  ' data-parallax=\"{&quot;parallax&quot;:&quot;left_right&quot;,&quot;parallax_speed&quot;:&quot;&quot;,&quot;av-desktop-parallax&quot;:&quot;inherit&quot;,&quot;av-desktop-parallax_speed&quot;:&quot;inherit&quot;,&quot;av-medium-parallax&quot;:&quot;inherit&quot;,&quot;av-medium-parallax_speed&quot;:&quot;inherit&quot;,&quot;av-small-parallax&quot;:&quot;inherit&quot;,&quot;av-small-parallax_speed&quot;:&quot;inherit&quot;,&quot;av-mini-parallax&quot;:&quot;inherit&quot;,&quot;av-mini-parallax_speed&quot;:&quot;inherit&quot;,&quot;parallax-container&quot;:&quot;.av-av_one_full-412e7ac3e02c60d22a646a35c496afa4&quot;}\"    aria-label='gals-wrap'  ><div class='avia-curtain-reveal-overlay av-animated-when-visible-95 animate-all-devices curtain-reveal-ltr'><\/div><p>\n<style type=\"text\/css\" data-created_by=\"avia_inline_auto\" id=\"style-css-av-av_image-3b71886362459a381bc8d8a6e567034e\">\n.avia-image-container.av-av_image-3b71886362459a381bc8d8a6e567034e img.avia_image{\nbox-shadow:none;\n}\n.avia-image-container.av-av_image-3b71886362459a381bc8d8a6e567034e .av-image-caption-overlay-center{\ncolor:#ffffff;\n}\n<\/style>\n<div  id=\"gal-item\"  class='avia-image-container av-av_image-3b71886362459a381bc8d8a6e567034e av-styling-no-styling avia-align-center  avia-builder-el-14  el_before_av_image  avia-builder-el-first  gal-item gal-item'   itemprop=\"image\" itemscope=\"itemscope\" itemtype=\"https:\/\/schema.org\/ImageObject\" ><div class=\"avia-image-container-inner\"><div class=\"avia-image-overlay-wrap\"><img decoding=\"async\" class='wp-image-3345 avia-img-lazy-loading-not-3345 avia_image ' src=\"https:\/\/limitreduktor.com\/en\/wp-content\/uploads\/2023\/05\/h1-s2-bg4-1442x508-1.jpg\" alt='' title='h1-s2-bg4-1442x508'  height=\"508\" width=\"1442\"  itemprop=\"thumbnailUrl\" srcset=\"https:\/\/limitreduktor.com\/en\/wp-content\/uploads\/2023\/05\/h1-s2-bg4-1442x508-1.jpg 1442w, https:\/\/limitreduktor.com\/en\/wp-content\/uploads\/2023\/05\/h1-s2-bg4-1442x508-1-300x106.jpg 300w, https:\/\/limitreduktor.com\/en\/wp-content\/uploads\/2023\/05\/h1-s2-bg4-1442x508-1-1030x363.jpg 1030w, https:\/\/limitreduktor.com\/en\/wp-content\/uploads\/2023\/05\/h1-s2-bg4-1442x508-1-768x271.jpg 768w, https:\/\/limitreduktor.com\/en\/wp-content\/uploads\/2023\/05\/h1-s2-bg4-1442x508-1-705x248.jpg 705w\" sizes=\"(max-width: 1442px) 100vw, 1442px\" \/><\/div><\/div><\/div><br \/>\n\n<style type=\"text\/css\" data-created_by=\"avia_inline_auto\" id=\"style-css-av-av_image-92bd7e8c99b6c0ceda944d43f71d6aaa\">\n.avia-image-container.av-av_image-92bd7e8c99b6c0ceda944d43f71d6aaa img.avia_image{\nbox-shadow:none;\n}\n.avia-image-container.av-av_image-92bd7e8c99b6c0ceda944d43f71d6aaa .av-image-caption-overlay-center{\ncolor:#ffffff;\n}\n<\/style>\n<div  id=\"gal-item\"  class='avia-image-container av-av_image-92bd7e8c99b6c0ceda944d43f71d6aaa av-styling-no-styling avia-align-center  avia-builder-el-15  el_after_av_image  avia-builder-el-last  gal-item gal-item'   itemprop=\"image\" itemscope=\"itemscope\" itemtype=\"https:\/\/schema.org\/ImageObject\" ><div class=\"avia-image-container-inner\"><div class=\"avia-image-overlay-wrap\"><img decoding=\"async\" class='wp-image-3347 avia-img-lazy-loading-not-3347 avia_image ' src=\"https:\/\/limitreduktor.com\/en\/wp-content\/uploads\/2023\/05\/pt-bg-1442x508-1.jpg\" alt='' title='pt-bg-1442x508'  height=\"508\" width=\"1442\"  itemprop=\"thumbnailUrl\" srcset=\"https:\/\/limitreduktor.com\/en\/wp-content\/uploads\/2023\/05\/pt-bg-1442x508-1.jpg 1442w, https:\/\/limitreduktor.com\/en\/wp-content\/uploads\/2023\/05\/pt-bg-1442x508-1-300x106.jpg 300w, https:\/\/limitreduktor.com\/en\/wp-content\/uploads\/2023\/05\/pt-bg-1442x508-1-1030x363.jpg 1030w, https:\/\/limitreduktor.com\/en\/wp-content\/uploads\/2023\/05\/pt-bg-1442x508-1-768x271.jpg 768w, https:\/\/limitreduktor.com\/en\/wp-content\/uploads\/2023\/05\/pt-bg-1442x508-1-705x248.jpg 705w\" sizes=\"(max-width: 1442px) 100vw, 1442px\" \/><\/div><\/div><\/div><\/p><\/div>\n<style type=\"text\/css\" data-created_by=\"avia_inline_auto\" id=\"style-css-av-av_one_full-a89261e588d67aa53b57421e4a6b29c8\">\n.flex_column.av-av_one_full-a89261e588d67aa53b57421e4a6b29c8 .avia-curtain-reveal-overlay{\nz-index:100;\n}\n<\/style>\n<div  id=\"gals-wrapalt\"  class='flex_column av-av_one_full-a89261e588d67aa53b57421e4a6b29c8 av_one_full  avia-builder-el-16  el_after_av_one_full  avia-builder-el-last  gals-wrapalt gals-wrapalt first flex_column_div av-parallax-object  column-top-margin' data-parallax=\"{&quot;parallax&quot;:&quot;right_left&quot;,&quot;parallax_speed&quot;:&quot;&quot;,&quot;av-desktop-parallax&quot;:&quot;inherit&quot;,&quot;av-desktop-parallax_speed&quot;:&quot;inherit&quot;,&quot;av-medium-parallax&quot;:&quot;inherit&quot;,&quot;av-medium-parallax_speed&quot;:&quot;inherit&quot;,&quot;av-small-parallax&quot;:&quot;inherit&quot;,&quot;av-small-parallax_speed&quot;:&quot;inherit&quot;,&quot;av-mini-parallax&quot;:&quot;inherit&quot;,&quot;av-mini-parallax_speed&quot;:&quot;inherit&quot;,&quot;parallax-container&quot;:&quot;.av-av_one_full-a89261e588d67aa53b57421e4a6b29c8&quot;}\"    aria-label='gals-wrapalt'  ><div class='avia-curtain-reveal-overlay av-animated-when-visible-95 animate-all-devices curtain-reveal-rtl'><\/div><\/div>\n\n","protected":false},"excerpt":{"rendered":"","protected":false},"author":2,"featured_media":0,"parent":0,"menu_order":0,"comment_status":"closed","ping_status":"closed","template":"","meta":{"footnotes":""},"class_list":["post-4127","page","type-page","status-publish","hentry"],"_links":{"self":[{"href":"https:\/\/limitreduktor.com\/en\/wp-json\/wp\/v2\/pages\/4127","targetHints":{"allow":["GET"]}}],"collection":[{"href":"https:\/\/limitreduktor.com\/en\/wp-json\/wp\/v2\/pages"}],"about":[{"href":"https:\/\/limitreduktor.com\/en\/wp-json\/wp\/v2\/types\/page"}],"author":[{"embeddable":true,"href":"https:\/\/limitreduktor.com\/en\/wp-json\/wp\/v2\/users\/2"}],"replies":[{"embeddable":true,"href":"https:\/\/limitreduktor.com\/en\/wp-json\/wp\/v2\/comments?post=4127"}],"version-history":[{"count":2,"href":"https:\/\/limitreduktor.com\/en\/wp-json\/wp\/v2\/pages\/4127\/revisions"}],"predecessor-version":[{"id":4291,"href":"https:\/\/limitreduktor.com\/en\/wp-json\/wp\/v2\/pages\/4127\/revisions\/4291"}],"wp:attachment":[{"href":"https:\/\/limitreduktor.com\/en\/wp-json\/wp\/v2\/media?parent=4127"}],"curies":[{"name":"wp","href":"https:\/\/api.w.org\/{rel}","templated":true}]}}