{"id":4152,"date":"2023-09-07T10:11:31","date_gmt":"2023-09-07T07:11:31","guid":{"rendered":"https:\/\/limitreduktor.com\/en\/?page_id=4152"},"modified":"2023-09-27T13:59:17","modified_gmt":"2023-09-27T10:59:17","slug":"proses-performans-motor","status":"publish","type":"page","link":"https:\/\/limitreduktor.com\/en\/proses-performans-motor\/","title":{"rendered":"Proses Performans Motor"},"content":{"rendered":"<div id='av_section_1'  class='avia-section av-av_section-e147dbef25ffabac22f782f451fec362 main_color avia-section-default avia-no-border-styling  avia-builder-el-0  el_before_av_section  avia-builder-el-first  avia-bg-style-scroll container_wrap fullsize'  ><div class='container av-section-cont-open' ><main  role=\"main\" itemprop=\"mainContentOfPage\"  class='template-page content  av-content-full alpha units'><div class='post-entry post-entry-type-page post-entry-4152'><div class='entry-content-wrapper clearfix'>\n<div  class='flex_column av-av_one_half-de0dd98be87d704d471d94f6f5240d9a av_one_half  avia-builder-el-1  el_before_av_one_half  avia-builder-el-first  first flex_column_div av-animated-generic bottom-to-top  '     ><style type=\"text\/css\" data-created_by=\"avia_inline_auto\" id=\"style-css-av-av_image-b5538f3833d903813d27e01bec5ee3ba\">\n.avia-image-container.av-av_image-b5538f3833d903813d27e01bec5ee3ba img.avia_image{\nbox-shadow:none;\n}\n.avia-image-container.av-av_image-b5538f3833d903813d27e01bec5ee3ba .av-image-caption-overlay-center{\ncolor:#ffffff;\n}\n<\/style>\n<div  class='avia-image-container av-av_image-b5538f3833d903813d27e01bec5ee3ba av-styling- avia-align-center  avia-builder-el-2  avia-builder-el-no-sibling '   itemprop=\"image\" itemscope=\"itemscope\" itemtype=\"https:\/\/schema.org\/ImageObject\" ><div class=\"avia-image-container-inner\"><div class=\"avia-image-overlay-wrap\"><a href=\"https:\/\/limitreduktor.com\/en\/wp-content\/uploads\/2023\/08\/dumantahliye2-1030x682.jpg\" data-srcset=\"https:\/\/limitreduktor.com\/en\/wp-content\/uploads\/2023\/08\/dumantahliye2-1030x682.jpg 1030w, https:\/\/limitreduktor.com\/en\/wp-content\/uploads\/2023\/08\/dumantahliye2-300x199.jpg 300w, https:\/\/limitreduktor.com\/en\/wp-content\/uploads\/2023\/08\/dumantahliye2-768x509.jpg 768w, https:\/\/limitreduktor.com\/en\/wp-content\/uploads\/2023\/08\/dumantahliye2-705x467.jpg 705w, https:\/\/limitreduktor.com\/en\/wp-content\/uploads\/2023\/08\/dumantahliye2.jpg 1200w\" data-sizes=\"(max-width: 1030px) 100vw, 1030px\" class='avia_image' ><img decoding=\"async\" class='wp-image-3887 avia-img-lazy-loading-not-3887 avia_image ' src=\"https:\/\/limitreduktor.com\/en\/wp-content\/uploads\/2023\/08\/dumantahliye2.jpg\" alt='' title='dumantahliye2'  height=\"795\" width=\"1200\"  itemprop=\"thumbnailUrl\" srcset=\"https:\/\/limitreduktor.com\/en\/wp-content\/uploads\/2023\/08\/dumantahliye2.jpg 1200w, https:\/\/limitreduktor.com\/en\/wp-content\/uploads\/2023\/08\/dumantahliye2-300x199.jpg 300w, https:\/\/limitreduktor.com\/en\/wp-content\/uploads\/2023\/08\/dumantahliye2-1030x682.jpg 1030w, https:\/\/limitreduktor.com\/en\/wp-content\/uploads\/2023\/08\/dumantahliye2-768x509.jpg 768w, https:\/\/limitreduktor.com\/en\/wp-content\/uploads\/2023\/08\/dumantahliye2-705x467.jpg 705w\" sizes=\"(max-width: 1200px) 100vw, 1200px\" \/><\/a><\/div><\/div><\/div><\/div><div  id=\"soltaraf\"  class='flex_column av-av_one_half-c7d8b8aeca199296e7369b076ec5460f av_one_half  avia-builder-el-3  el_after_av_one_half  avia-builder-el-last  soltaraf soltaraf flex_column_div av-animated-generic bottom-to-top  '     ><p>\n<style type=\"text\/css\" data-created_by=\"avia_inline_auto\" id=\"style-css-av-lm8ttrm3-b261b22962d985db1d925afd5b45329c\">\n#top .av-special-heading.av-lm8ttrm3-b261b22962d985db1d925afd5b45329c{\nmargin:0px 0px 0px 0px;\ncolor:#231f20;\nfont-size:48px;\n}\nbody .av-special-heading.av-lm8ttrm3-b261b22962d985db1d925afd5b45329c .av-special-heading-tag .heading-char{\nfont-size:25px;\n}\n#top #wrap_all .av-special-heading.av-lm8ttrm3-b261b22962d985db1d925afd5b45329c .av-special-heading-tag{\nfont-size:48px;\npadding:0 0 0 50px;\n}\n.av-special-heading.av-lm8ttrm3-b261b22962d985db1d925afd5b45329c .special-heading-inner-border{\nborder-color:#231f20;\n}\n.av-special-heading.av-lm8ttrm3-b261b22962d985db1d925afd5b45329c .av-subheading{\nfont-size:15px;\ncolor:#0e8488;\n}\n\n@media only screen and (min-width: 480px) and (max-width: 767px){ \n#top #wrap_all .av-special-heading.av-lm8ttrm3-b261b22962d985db1d925afd5b45329c .av-special-heading-tag{\nfont-size:0.8em;\n}\n}\n\n@media only screen and (max-width: 479px){ \n#top #wrap_all .av-special-heading.av-lm8ttrm3-b261b22962d985db1d925afd5b45329c .av-special-heading-tag{\nfont-size:0.8em;\n}\n}\n<\/style>\n<div  id=\"girisbaslik\"  class='av-special-heading av-lm8ttrm3-b261b22962d985db1d925afd5b45329c av-special-heading-h3 custom-color-heading blockquote modern-quote  avia-builder-el-4  el_before_av_textblock  avia-builder-el-first  girisbaslik girisbaslik av-inherit-size'><h3 class='av-special-heading-tag'  itemprop=\"headline\"  >Proses Performans Motor <\/h3><div class='av_custom_color av-subheading av-subheading_below'><p>IE3 &#8211; IE4 Enerji Verimlili\u011fi<\/p>\n<\/div><div class=\"special-heading-border\"><div class=\"special-heading-inner-border\"><\/div><\/div><\/div><br \/>\n<section  class='av_textblock_section av-lm8txrkj-ed6e062900b02417f43859565de14725 '   itemscope=\"itemscope\" itemtype=\"https:\/\/schema.org\/CreativeWork\" ><div class='avia_textblock'  itemprop=\"text\" ><ul>\n<li>Al\u00fcminyum g\u00f6vde 56-280 g\u00f6vde aras\u0131, 0,06- 90 kW,<\/li>\n<li>D\u00f6k\u00fcm g\u00f6vde 71-450 g\u00f6vde aras\u0131 0,25 &#8211; 1000 kW,<\/li>\n<li>Verimlilik s\u0131n\u0131f\u0131 IE3-IE4 ,<\/li>\n<li>Geni\u015f opsiyon se\u00e7enekleriyle motorda istenilen \u00f6zelliklerin sa\u011flanmas\u0131 ile avantaj sa\u011flamaktad\u0131r.<\/li>\n<\/ul>\n<\/div><\/section><\/p><\/div><\/div><\/div><\/main><!-- close content main element --><\/div><\/div><div id='av_section_2'  class='avia-section av-av_section-fb57bc34b801483b8cefc38a851abae1 main_color avia-section-default avia-no-border-styling  avia-builder-el-6  el_after_av_section  el_before_av_section  avia-bg-style-scroll container_wrap fullsize'  ><div class='container av-section-cont-open' ><div class='template-page content  av-content-full alpha units'><div class='post-entry post-entry-type-page post-entry-4152'><div class='entry-content-wrapper clearfix'><\/p>\n<\/div><\/div><\/div><!-- close content main div --><\/div><\/div><div id='av_section_3'  class='avia-section av-av_section-e147dbef25ffabac22f782f451fec362 main_color avia-section-default avia-no-border-styling  avia-builder-el-7  el_after_av_section  el_before_av_section  avia-bg-style-scroll container_wrap fullsize'  ><div class='container av-section-cont-open' ><div class='template-page content  av-content-full alpha units'><div class='post-entry post-entry-type-page post-entry-4152'><div class='entry-content-wrapper clearfix'>\n<div  class='avia-button-wrap av-av_button-2f334403345080fc06419f977c7c70b0-wrap avia-button-center  avia-builder-el-8  avia-builder-el-no-sibling '>\n<style type=\"text\/css\" data-created_by=\"avia_inline_auto\" id=\"style-css-av-av_button-2f334403345080fc06419f977c7c70b0\">\n#top #wrap_all .avia-button.av-av_button-2f334403345080fc06419f977c7c70b0{\nbackground-color:#0e8488;\nborder-color:#0e8488;\ncolor:#ffffff;\nborder-style:none;\n-webkit-border-radius:0PX 0PX 0PX 0PX;\n-moz-border-radius:0PX 0PX 0PX 0PX;\nborder-radius:0PX 0PX 0PX 0PX;\n-webkit-transition:all 0.4s ease-in-out;\n-moz-transition:all 0.4s ease-in-out;\n-ms-transition:all 0.4s ease-in-out;\n-o-transition:all 0.4s ease-in-out;\ntransition:all 0.4s ease-in-out;\n}\n#top #wrap_all .avia-button.av-av_button-2f334403345080fc06419f977c7c70b0:hover{\nbackground-color:#262223;\ncolor:#ffffff;\n-webkit-transition:all 0.4s ease-in-out;\n-moz-transition:all 0.4s ease-in-out;\n-ms-transition:all 0.4s ease-in-out;\n-o-transition:all 0.4s ease-in-out;\ntransition:all 0.4s ease-in-out;\n}\n#top #wrap_all.avia-button.av-av_button-2f334403345080fc06419f977c7c70b0:hover .avia_button_background{\n-webkit-border-radius:0PX 0PX 0PX 0PX;\n-moz-border-radius:0PX 0PX 0PX 0PX;\nborder-radius:0PX 0PX 0PX 0PX;\n}\n<\/style>\n<a href='#' class='avia-button av-av_button-2f334403345080fc06419f977c7c70b0 avia-icon_select-yes-left-icon avia-size-large avia-position-center av-icon-on-hover' target=\"_blank\" rel=\"noopener noreferrer\"><span class='avia_button_icon avia_button_icon_left' aria-hidden='true' data-av_icon='\ue823' data-av_iconfont='entypo-fontello'><\/span><span class='avia_iconbox_title' >D\u00d6K\u00dcMAN \u0130ND\u0130R<\/span><\/a><\/div>\n\n<\/div><\/div><\/div><!-- close content main div --><\/div><\/div><div id='top-left' aria-label='top-left' class='avia-section av-av_section-ec10909ff680ab556cf947fe1be7beb9 main_color avia-section-no-padding avia-no-border-styling  avia-builder-el-9  el_after_av_section  avia-builder-el-last  top-left top-left avia-bg-style-scroll container_wrap fullsize'  ><div class='container av-section-cont-open' ><div class='template-page content  av-content-full alpha units'><div class='post-entry post-entry-type-page post-entry-4152'><div class='entry-content-wrapper clearfix'>\n\n<style type=\"text\/css\" data-created_by=\"avia_inline_auto\" id=\"style-css-av-av_one_full-412e7ac3e02c60d22a646a35c496afa4\">\n.flex_column.av-av_one_full-412e7ac3e02c60d22a646a35c496afa4 .avia-curtain-reveal-overlay{\nz-index:100;\n}\n<\/style>\n<div  id=\"gals-wrap\"  class='flex_column av-av_one_full-412e7ac3e02c60d22a646a35c496afa4 av_one_full  avia-builder-el-10  el_before_av_one_full  avia-builder-el-first  gals-wrap gals-wrap first no_margin flex_column_div av-parallax-object  ' data-parallax=\"{&quot;parallax&quot;:&quot;left_right&quot;,&quot;parallax_speed&quot;:&quot;&quot;,&quot;av-desktop-parallax&quot;:&quot;inherit&quot;,&quot;av-desktop-parallax_speed&quot;:&quot;inherit&quot;,&quot;av-medium-parallax&quot;:&quot;inherit&quot;,&quot;av-medium-parallax_speed&quot;:&quot;inherit&quot;,&quot;av-small-parallax&quot;:&quot;inherit&quot;,&quot;av-small-parallax_speed&quot;:&quot;inherit&quot;,&quot;av-mini-parallax&quot;:&quot;inherit&quot;,&quot;av-mini-parallax_speed&quot;:&quot;inherit&quot;,&quot;parallax-container&quot;:&quot;.av-av_one_full-412e7ac3e02c60d22a646a35c496afa4&quot;}\"    aria-label='gals-wrap'  ><div class='avia-curtain-reveal-overlay av-animated-when-visible-95 animate-all-devices curtain-reveal-ltr'><\/div><p>\n<style type=\"text\/css\" data-created_by=\"avia_inline_auto\" id=\"style-css-av-av_image-3b71886362459a381bc8d8a6e567034e\">\n.avia-image-container.av-av_image-3b71886362459a381bc8d8a6e567034e img.avia_image{\nbox-shadow:none;\n}\n.avia-image-container.av-av_image-3b71886362459a381bc8d8a6e567034e .av-image-caption-overlay-center{\ncolor:#ffffff;\n}\n<\/style>\n<div  id=\"gal-item\"  class='avia-image-container av-av_image-3b71886362459a381bc8d8a6e567034e av-styling-no-styling avia-align-center  avia-builder-el-11  el_before_av_image  avia-builder-el-first  gal-item gal-item'   itemprop=\"image\" itemscope=\"itemscope\" itemtype=\"https:\/\/schema.org\/ImageObject\" ><div class=\"avia-image-container-inner\"><div class=\"avia-image-overlay-wrap\"><img decoding=\"async\" class='wp-image-3345 avia-img-lazy-loading-not-3345 avia_image ' src=\"https:\/\/limitreduktor.com\/en\/wp-content\/uploads\/2023\/05\/h1-s2-bg4-1442x508-1.jpg\" alt='' title='h1-s2-bg4-1442x508'  height=\"508\" width=\"1442\"  itemprop=\"thumbnailUrl\" srcset=\"https:\/\/limitreduktor.com\/en\/wp-content\/uploads\/2023\/05\/h1-s2-bg4-1442x508-1.jpg 1442w, https:\/\/limitreduktor.com\/en\/wp-content\/uploads\/2023\/05\/h1-s2-bg4-1442x508-1-300x106.jpg 300w, https:\/\/limitreduktor.com\/en\/wp-content\/uploads\/2023\/05\/h1-s2-bg4-1442x508-1-1030x363.jpg 1030w, https:\/\/limitreduktor.com\/en\/wp-content\/uploads\/2023\/05\/h1-s2-bg4-1442x508-1-768x271.jpg 768w, https:\/\/limitreduktor.com\/en\/wp-content\/uploads\/2023\/05\/h1-s2-bg4-1442x508-1-705x248.jpg 705w\" sizes=\"(max-width: 1442px) 100vw, 1442px\" \/><\/div><\/div><\/div><br \/>\n\n<style type=\"text\/css\" data-created_by=\"avia_inline_auto\" id=\"style-css-av-av_image-92bd7e8c99b6c0ceda944d43f71d6aaa\">\n.avia-image-container.av-av_image-92bd7e8c99b6c0ceda944d43f71d6aaa img.avia_image{\nbox-shadow:none;\n}\n.avia-image-container.av-av_image-92bd7e8c99b6c0ceda944d43f71d6aaa .av-image-caption-overlay-center{\ncolor:#ffffff;\n}\n<\/style>\n<div  id=\"gal-item\"  class='avia-image-container av-av_image-92bd7e8c99b6c0ceda944d43f71d6aaa av-styling-no-styling avia-align-center  avia-builder-el-12  el_after_av_image  avia-builder-el-last  gal-item gal-item'   itemprop=\"image\" itemscope=\"itemscope\" itemtype=\"https:\/\/schema.org\/ImageObject\" ><div class=\"avia-image-container-inner\"><div class=\"avia-image-overlay-wrap\"><img decoding=\"async\" class='wp-image-3347 avia-img-lazy-loading-not-3347 avia_image ' src=\"https:\/\/limitreduktor.com\/en\/wp-content\/uploads\/2023\/05\/pt-bg-1442x508-1.jpg\" alt='' title='pt-bg-1442x508'  height=\"508\" width=\"1442\"  itemprop=\"thumbnailUrl\" srcset=\"https:\/\/limitreduktor.com\/en\/wp-content\/uploads\/2023\/05\/pt-bg-1442x508-1.jpg 1442w, https:\/\/limitreduktor.com\/en\/wp-content\/uploads\/2023\/05\/pt-bg-1442x508-1-300x106.jpg 300w, https:\/\/limitreduktor.com\/en\/wp-content\/uploads\/2023\/05\/pt-bg-1442x508-1-1030x363.jpg 1030w, https:\/\/limitreduktor.com\/en\/wp-content\/uploads\/2023\/05\/pt-bg-1442x508-1-768x271.jpg 768w, https:\/\/limitreduktor.com\/en\/wp-content\/uploads\/2023\/05\/pt-bg-1442x508-1-705x248.jpg 705w\" sizes=\"(max-width: 1442px) 100vw, 1442px\" \/><\/div><\/div><\/div><\/p><\/div>\n<style type=\"text\/css\" data-created_by=\"avia_inline_auto\" id=\"style-css-av-av_one_full-a89261e588d67aa53b57421e4a6b29c8\">\n.flex_column.av-av_one_full-a89261e588d67aa53b57421e4a6b29c8 .avia-curtain-reveal-overlay{\nz-index:100;\n}\n<\/style>\n<div  id=\"gals-wrapalt\"  class='flex_column av-av_one_full-a89261e588d67aa53b57421e4a6b29c8 av_one_full  avia-builder-el-13  el_after_av_one_full  avia-builder-el-last  gals-wrapalt gals-wrapalt first flex_column_div av-parallax-object  column-top-margin' data-parallax=\"{&quot;parallax&quot;:&quot;right_left&quot;,&quot;parallax_speed&quot;:&quot;&quot;,&quot;av-desktop-parallax&quot;:&quot;inherit&quot;,&quot;av-desktop-parallax_speed&quot;:&quot;inherit&quot;,&quot;av-medium-parallax&quot;:&quot;inherit&quot;,&quot;av-medium-parallax_speed&quot;:&quot;inherit&quot;,&quot;av-small-parallax&quot;:&quot;inherit&quot;,&quot;av-small-parallax_speed&quot;:&quot;inherit&quot;,&quot;av-mini-parallax&quot;:&quot;inherit&quot;,&quot;av-mini-parallax_speed&quot;:&quot;inherit&quot;,&quot;parallax-container&quot;:&quot;.av-av_one_full-a89261e588d67aa53b57421e4a6b29c8&quot;}\"    aria-label='gals-wrapalt'  ><div class='avia-curtain-reveal-overlay av-animated-when-visible-95 animate-all-devices curtain-reveal-rtl'><\/div><\/div>\n\n","protected":false},"excerpt":{"rendered":"","protected":false},"author":2,"featured_media":0,"parent":0,"menu_order":0,"comment_status":"closed","ping_status":"closed","template":"","meta":{"footnotes":""},"class_list":["post-4152","page","type-page","status-publish","hentry"],"_links":{"self":[{"href":"https:\/\/limitreduktor.com\/en\/wp-json\/wp\/v2\/pages\/4152","targetHints":{"allow":["GET"]}}],"collection":[{"href":"https:\/\/limitreduktor.com\/en\/wp-json\/wp\/v2\/pages"}],"about":[{"href":"https:\/\/limitreduktor.com\/en\/wp-json\/wp\/v2\/types\/page"}],"author":[{"embeddable":true,"href":"https:\/\/limitreduktor.com\/en\/wp-json\/wp\/v2\/users\/2"}],"replies":[{"embeddable":true,"href":"https:\/\/limitreduktor.com\/en\/wp-json\/wp\/v2\/comments?post=4152"}],"version-history":[{"count":2,"href":"https:\/\/limitreduktor.com\/en\/wp-json\/wp\/v2\/pages\/4152\/revisions"}],"predecessor-version":[{"id":4280,"href":"https:\/\/limitreduktor.com\/en\/wp-json\/wp\/v2\/pages\/4152\/revisions\/4280"}],"wp:attachment":[{"href":"https:\/\/limitreduktor.com\/en\/wp-json\/wp\/v2\/media?parent=4152"}],"curies":[{"name":"wp","href":"https:\/\/api.w.org\/{rel}","templated":true}]}}