{"id":4160,"date":"2023-09-07T10:24:24","date_gmt":"2023-09-07T07:24:24","guid":{"rendered":"https:\/\/limitreduktor.com\/en\/?page_id=4160"},"modified":"2023-09-27T14:01:53","modified_gmt":"2023-09-27T11:01:53","slug":"hdp-kare-govde-motor","status":"publish","type":"page","link":"https:\/\/limitreduktor.com\/en\/hdp-kare-govde-motor\/","title":{"rendered":"HDP Kare G\u00f6vde Motor"},"content":{"rendered":"<div id='av_section_1'  class='avia-section av-mezfz4-6f9511461ec7013ffabc5aae285201a7 main_color avia-section-default avia-no-border-styling  avia-builder-el-0  el_before_av_section  avia-builder-el-first  avia-bg-style-scroll container_wrap fullsize'  ><div class='container av-section-cont-open' ><main  role=\"main\" itemprop=\"mainContentOfPage\"  class='template-page content  av-content-full alpha units'><div class='post-entry post-entry-type-page post-entry-4160'><div class='entry-content-wrapper clearfix'>\n<div  class='flex_column av-k2ke40-95bab3726448aec6284cb27e84870669 av_one_half  avia-builder-el-1  el_before_av_one_half  avia-builder-el-first  first flex_column_div av-animated-generic bottom-to-top  '     ><style type=\"text\/css\" data-created_by=\"avia_inline_auto\" id=\"style-css-av-1x6vf4-356fa77d297bebe3494386d71d4f7327\">\n.avia-image-container.av-1x6vf4-356fa77d297bebe3494386d71d4f7327 img.avia_image{\nbox-shadow:none;\n}\n.avia-image-container.av-1x6vf4-356fa77d297bebe3494386d71d4f7327 .av-image-caption-overlay-center{\ncolor:#ffffff;\n}\n<\/style>\n<div  class='avia-image-container av-1x6vf4-356fa77d297bebe3494386d71d4f7327 av-styling- avia-align-center  avia-builder-el-2  avia-builder-el-no-sibling '   itemprop=\"image\" itemscope=\"itemscope\" itemtype=\"https:\/\/schema.org\/ImageObject\" ><div class=\"avia-image-container-inner\"><div class=\"avia-image-overlay-wrap\"><a href=\"https:\/\/limitreduktor.com\/en\/wp-content\/uploads\/2023\/08\/dumantahliye2-1030x682.jpg\" data-srcset=\"https:\/\/limitreduktor.com\/en\/wp-content\/uploads\/2023\/08\/dumantahliye2-1030x682.jpg 1030w, https:\/\/limitreduktor.com\/en\/wp-content\/uploads\/2023\/08\/dumantahliye2-300x199.jpg 300w, https:\/\/limitreduktor.com\/en\/wp-content\/uploads\/2023\/08\/dumantahliye2-768x509.jpg 768w, https:\/\/limitreduktor.com\/en\/wp-content\/uploads\/2023\/08\/dumantahliye2-705x467.jpg 705w, https:\/\/limitreduktor.com\/en\/wp-content\/uploads\/2023\/08\/dumantahliye2.jpg 1200w\" data-sizes=\"(max-width: 1030px) 100vw, 1030px\" class='avia_image' ><img decoding=\"async\" class='wp-image-3887 avia-img-lazy-loading-not-3887 avia_image ' src=\"https:\/\/limitreduktor.com\/en\/wp-content\/uploads\/2023\/08\/dumantahliye2.jpg\" alt='' title='dumantahliye2'  height=\"795\" width=\"1200\"  itemprop=\"thumbnailUrl\" srcset=\"https:\/\/limitreduktor.com\/en\/wp-content\/uploads\/2023\/08\/dumantahliye2.jpg 1200w, https:\/\/limitreduktor.com\/en\/wp-content\/uploads\/2023\/08\/dumantahliye2-300x199.jpg 300w, https:\/\/limitreduktor.com\/en\/wp-content\/uploads\/2023\/08\/dumantahliye2-1030x682.jpg 1030w, https:\/\/limitreduktor.com\/en\/wp-content\/uploads\/2023\/08\/dumantahliye2-768x509.jpg 768w, https:\/\/limitreduktor.com\/en\/wp-content\/uploads\/2023\/08\/dumantahliye2-705x467.jpg 705w\" sizes=\"(max-width: 1200px) 100vw, 1200px\" \/><\/a><\/div><\/div><\/div><\/div><div  id=\"soltaraf\"  class='flex_column av-h3hkyo-5d0b63bc47e65e7670fa7cf5a97d9450 av_one_half  avia-builder-el-3  el_after_av_one_half  el_before_av_one_half  soltaraf soltaraf flex_column_div av-animated-generic bottom-to-top  '     ><p>\n<style type=\"text\/css\" data-created_by=\"avia_inline_auto\" id=\"style-css-av-lm8u6eow-b652667b05a93ecd6e7432431b7c1625\">\n#top .av-special-heading.av-lm8u6eow-b652667b05a93ecd6e7432431b7c1625{\nmargin:0px 0px 0px 0px;\ncolor:#231f20;\nfont-size:48px;\n}\nbody .av-special-heading.av-lm8u6eow-b652667b05a93ecd6e7432431b7c1625 .av-special-heading-tag .heading-char{\nfont-size:25px;\n}\n#top #wrap_all .av-special-heading.av-lm8u6eow-b652667b05a93ecd6e7432431b7c1625 .av-special-heading-tag{\nfont-size:48px;\npadding:0 0 0 50px;\n}\n.av-special-heading.av-lm8u6eow-b652667b05a93ecd6e7432431b7c1625 .special-heading-inner-border{\nborder-color:#231f20;\n}\n.av-special-heading.av-lm8u6eow-b652667b05a93ecd6e7432431b7c1625 .av-subheading{\nfont-size:15px;\ncolor:#0e8488;\n}\n\n@media only screen and (min-width: 480px) and (max-width: 767px){ \n#top #wrap_all .av-special-heading.av-lm8u6eow-b652667b05a93ecd6e7432431b7c1625 .av-special-heading-tag{\nfont-size:0.8em;\n}\n}\n\n@media only screen and (max-width: 479px){ \n#top #wrap_all .av-special-heading.av-lm8u6eow-b652667b05a93ecd6e7432431b7c1625 .av-special-heading-tag{\nfont-size:0.8em;\n}\n}\n<\/style>\n<div  id=\"girisbaslik\"  class='av-special-heading av-lm8u6eow-b652667b05a93ecd6e7432431b7c1625 av-special-heading-h3 custom-color-heading blockquote modern-quote  avia-builder-el-4  el_before_av_textblock  avia-builder-el-first  girisbaslik girisbaslik av-inherit-size'><h3 class='av-special-heading-tag'  itemprop=\"headline\"  >HDP Kare G\u00f6vde Motor <\/h3><div class='av_custom_color av-subheading av-subheading_below'><p>IP23 &#8211; IP54 Motor<\/p>\n<\/div><div class=\"special-heading-border\"><div class=\"special-heading-inner-border\"><\/div><\/div><\/div><br \/>\n<section  class='av_textblock_section av-lm8ueko7-74d5043d44ed4b84bc061c0cad277382 '   itemscope=\"itemscope\" itemtype=\"https:\/\/schema.org\/CreativeWork\" ><div class='avia_textblock'  itemprop=\"text\" ><p>Kompakt boyutlu ve zorlu ko\u015fullarda frekans invert\u00f6r\u00fc ile \u00e7al\u0131\u015fmaya uygun olarak \u00fcretilmi\u015ftir. Motor, kare g\u00f6vde dizayn\u0131 ile h\u0131z de\u011fi\u015fimlerine dinamik olarak cevap verebilir. Ayr\u0131ca s\u0131f\u0131r h\u0131zdan nominal h\u0131z\u0131na sabit tork ile ula\u015fabilir.<\/p>\n<p>Uygulamalar\u0131n\u0131z\u0131n ihtiyac\u0131 olan y\u00fcksek a\u015f\u0131r\u0131 y\u00fcklenme kapasitesi (%350&#8217;ye kadar), d\u00fc\u015f\u00fck atalet momenti, y\u00fcksek darbe torku, geni\u015f g\u00fc\u00e7 aral\u0131\u011f\u0131 ve dahili encoder opsiyonu ile hassas pozisyonlama sa\u011flar.<\/p>\n<\/div><\/section><\/p><\/div><div  id=\"soltaraf\"  class='flex_column av-av_one_half-980c95b993a188586599d24001446125 av_one_half  avia-builder-el-6  el_after_av_one_half  avia-builder-el-last  soltaraf soltaraf first flex_column_div av-animated-generic bottom-to-top  column-top-margin'     ><p>\n<style type=\"text\/css\" data-created_by=\"avia_inline_auto\" id=\"style-css-av-lm93htv5-37f1eb95c5d329003e9ad9b0ece4a1f5\">\n#top .av-special-heading.av-lm93htv5-37f1eb95c5d329003e9ad9b0ece4a1f5{\nmargin:0px 0px 0px 0px;\ncolor:#231f20;\nfont-size:48px;\n}\nbody .av-special-heading.av-lm93htv5-37f1eb95c5d329003e9ad9b0ece4a1f5 .av-special-heading-tag .heading-char{\nfont-size:25px;\n}\n#top #wrap_all .av-special-heading.av-lm93htv5-37f1eb95c5d329003e9ad9b0ece4a1f5 .av-special-heading-tag{\nfont-size:48px;\npadding:0 0 0 50px;\n}\n.av-special-heading.av-lm93htv5-37f1eb95c5d329003e9ad9b0ece4a1f5 .special-heading-inner-border{\nborder-color:#231f20;\n}\n.av-special-heading.av-lm93htv5-37f1eb95c5d329003e9ad9b0ece4a1f5 .av-subheading{\nfont-size:15px;\ncolor:#0e8488;\n}\n\n@media only screen and (min-width: 480px) and (max-width: 767px){ \n#top #wrap_all .av-special-heading.av-lm93htv5-37f1eb95c5d329003e9ad9b0ece4a1f5 .av-special-heading-tag{\nfont-size:0.8em;\n}\n}\n\n@media only screen and (max-width: 479px){ \n#top #wrap_all .av-special-heading.av-lm93htv5-37f1eb95c5d329003e9ad9b0ece4a1f5 .av-special-heading-tag{\nfont-size:0.8em;\n}\n}\n<\/style>\n<div  id=\"girisbaslik\"  class='av-special-heading av-lm93htv5-37f1eb95c5d329003e9ad9b0ece4a1f5 av-special-heading-h3 custom-color-heading blockquote modern-quote  avia-builder-el-7  el_before_av_textblock  avia-builder-el-first  girisbaslik girisbaslik av-inherit-size'><h3 class='av-special-heading-tag'  itemprop=\"headline\"  >\u00d6zellikler; <\/h3><div class=\"special-heading-border\"><div class=\"special-heading-inner-border\"><\/div><\/div><\/div><br \/>\n<section  class='av_textblock_section av-lm93igjg-dba887758d496b0b6eff003bbb73e0fb '   itemscope=\"itemscope\" itemtype=\"https:\/\/schema.org\/CreativeWork\" ><div class='avia_textblock'  itemprop=\"text\" ><ul>\n<li>D\u00fc\u015f\u00fck h\u0131zda y\u00fcksek tork \u00fcretilme yetene\u011fi<\/li>\n<li>Kalk\u0131\u015ftan itibaren sabit tork sunabilme \u00f6zelli\u011fi<\/li>\n<li>2kW (H100)\u00a0 ile 750kW (H250) &#8216;a kadar \u00fcr\u00fcn se\u00e7ene\u011fi<\/li>\n<\/ul>\n<\/div><\/section><\/p><\/div><\/div><\/div><\/main><!-- close content main element --><\/div><\/div><div id='av_section_2'  class='avia-section av-fycj28-4acd5c300e27192f263c7639ca2ce272 main_color avia-section-default avia-no-border-styling  avia-builder-el-9  el_after_av_section  el_before_av_section  avia-bg-style-scroll container_wrap fullsize'  ><div class='container av-section-cont-open' ><div class='template-page content  av-content-full alpha units'><div class='post-entry post-entry-type-page post-entry-4160'><div class='entry-content-wrapper clearfix'><\/p>\n<\/div><\/div><\/div><!-- close content main div --><\/div><\/div><div id='av_section_3'  class='avia-section av-e3v1xs-e1e0a2453fb64361ba0b4a980466d0d9 main_color avia-section-default avia-no-border-styling  avia-builder-el-10  el_after_av_section  el_before_av_section  avia-bg-style-scroll container_wrap fullsize'  ><div class='container av-section-cont-open' ><div class='template-page content  av-content-full alpha units'><div class='post-entry post-entry-type-page post-entry-4160'><div class='entry-content-wrapper clearfix'>\n<div  class='avia-button-wrap av-c3etc0-267e2cb707ccdfcff074d723d2d0401c-wrap avia-button-center  avia-builder-el-11  avia-builder-el-no-sibling '>\n<style type=\"text\/css\" data-created_by=\"avia_inline_auto\" id=\"style-css-av-c3etc0-267e2cb707ccdfcff074d723d2d0401c\">\n#top #wrap_all .avia-button.av-c3etc0-267e2cb707ccdfcff074d723d2d0401c{\nbackground-color:#0e8488;\nborder-color:#0e8488;\ncolor:#ffffff;\nborder-style:none;\n-webkit-border-radius:0PX 0PX 0PX 0PX;\n-moz-border-radius:0PX 0PX 0PX 0PX;\nborder-radius:0PX 0PX 0PX 0PX;\n-webkit-transition:all 0.4s ease-in-out;\n-moz-transition:all 0.4s ease-in-out;\n-ms-transition:all 0.4s ease-in-out;\n-o-transition:all 0.4s ease-in-out;\ntransition:all 0.4s ease-in-out;\n}\n#top #wrap_all .avia-button.av-c3etc0-267e2cb707ccdfcff074d723d2d0401c:hover{\nbackground-color:#262223;\ncolor:#ffffff;\n-webkit-transition:all 0.4s ease-in-out;\n-moz-transition:all 0.4s ease-in-out;\n-ms-transition:all 0.4s ease-in-out;\n-o-transition:all 0.4s ease-in-out;\ntransition:all 0.4s ease-in-out;\n}\n#top #wrap_all.avia-button.av-c3etc0-267e2cb707ccdfcff074d723d2d0401c:hover .avia_button_background{\n-webkit-border-radius:0PX 0PX 0PX 0PX;\n-moz-border-radius:0PX 0PX 0PX 0PX;\nborder-radius:0PX 0PX 0PX 0PX;\n}\n<\/style>\n<a href='#' class='avia-button av-c3etc0-267e2cb707ccdfcff074d723d2d0401c avia-icon_select-yes-left-icon avia-size-large avia-position-center av-icon-on-hover' target=\"_blank\" rel=\"noopener noreferrer\"><span class='avia_button_icon avia_button_icon_left' aria-hidden='true' data-av_icon='\ue823' data-av_iconfont='entypo-fontello'><\/span><span class='avia_iconbox_title' >D\u00d6K\u00dcMAN \u0130ND\u0130R<\/span><\/a><\/div>\n\n<\/div><\/div><\/div><!-- close content main div --><\/div><\/div><div id='top-left' aria-label='top-left' class='avia-section av-atjd68-936aa6b855518a4c0eaad2c44c7c94b0 main_color avia-section-no-padding avia-no-border-styling  avia-builder-el-12  el_after_av_section  avia-builder-el-last  top-left top-left avia-bg-style-scroll container_wrap fullsize'  ><div class='container av-section-cont-open' ><div class='template-page content  av-content-full alpha units'><div class='post-entry post-entry-type-page post-entry-4160'><div class='entry-content-wrapper clearfix'>\n\n<style type=\"text\/css\" data-created_by=\"avia_inline_auto\" id=\"style-css-av-9u5cz4-91af871c690d65e48401bb35982cefbc\">\n.flex_column.av-9u5cz4-91af871c690d65e48401bb35982cefbc .avia-curtain-reveal-overlay{\nz-index:100;\n}\n<\/style>\n<div  id=\"gals-wrap\"  class='flex_column av-9u5cz4-91af871c690d65e48401bb35982cefbc av_one_full  avia-builder-el-13  el_before_av_one_full  avia-builder-el-first  gals-wrap gals-wrap first no_margin flex_column_div av-parallax-object  ' data-parallax=\"{&quot;parallax&quot;:&quot;left_right&quot;,&quot;parallax_speed&quot;:&quot;&quot;,&quot;av-desktop-parallax&quot;:&quot;inherit&quot;,&quot;av-desktop-parallax_speed&quot;:&quot;inherit&quot;,&quot;av-medium-parallax&quot;:&quot;inherit&quot;,&quot;av-medium-parallax_speed&quot;:&quot;inherit&quot;,&quot;av-small-parallax&quot;:&quot;inherit&quot;,&quot;av-small-parallax_speed&quot;:&quot;inherit&quot;,&quot;av-mini-parallax&quot;:&quot;inherit&quot;,&quot;av-mini-parallax_speed&quot;:&quot;inherit&quot;,&quot;parallax-container&quot;:&quot;.av-9u5cz4-91af871c690d65e48401bb35982cefbc&quot;}\"    aria-label='gals-wrap'  ><div class='avia-curtain-reveal-overlay av-animated-when-visible-95 animate-all-devices curtain-reveal-ltr'><\/div><p>\n<style type=\"text\/css\" data-created_by=\"avia_inline_auto\" id=\"style-css-av-7nzse8-19688af6602d686e2305be0db082feae\">\n.avia-image-container.av-7nzse8-19688af6602d686e2305be0db082feae img.avia_image{\nbox-shadow:none;\n}\n.avia-image-container.av-7nzse8-19688af6602d686e2305be0db082feae .av-image-caption-overlay-center{\ncolor:#ffffff;\n}\n<\/style>\n<div  id=\"gal-item\"  class='avia-image-container av-7nzse8-19688af6602d686e2305be0db082feae av-styling-no-styling avia-align-center  avia-builder-el-14  el_before_av_image  avia-builder-el-first  gal-item gal-item'   itemprop=\"image\" itemscope=\"itemscope\" itemtype=\"https:\/\/schema.org\/ImageObject\" ><div class=\"avia-image-container-inner\"><div class=\"avia-image-overlay-wrap\"><img decoding=\"async\" class='wp-image-3345 avia-img-lazy-loading-not-3345 avia_image ' src=\"https:\/\/limitreduktor.com\/en\/wp-content\/uploads\/2023\/05\/h1-s2-bg4-1442x508-1.jpg\" alt='' title='h1-s2-bg4-1442x508'  height=\"508\" width=\"1442\"  itemprop=\"thumbnailUrl\" srcset=\"https:\/\/limitreduktor.com\/en\/wp-content\/uploads\/2023\/05\/h1-s2-bg4-1442x508-1.jpg 1442w, https:\/\/limitreduktor.com\/en\/wp-content\/uploads\/2023\/05\/h1-s2-bg4-1442x508-1-300x106.jpg 300w, https:\/\/limitreduktor.com\/en\/wp-content\/uploads\/2023\/05\/h1-s2-bg4-1442x508-1-1030x363.jpg 1030w, https:\/\/limitreduktor.com\/en\/wp-content\/uploads\/2023\/05\/h1-s2-bg4-1442x508-1-768x271.jpg 768w, https:\/\/limitreduktor.com\/en\/wp-content\/uploads\/2023\/05\/h1-s2-bg4-1442x508-1-705x248.jpg 705w\" sizes=\"(max-width: 1442px) 100vw, 1442px\" \/><\/div><\/div><\/div><br \/>\n\n<style type=\"text\/css\" data-created_by=\"avia_inline_auto\" id=\"style-css-av-kd43k-45715e350cc4eeda08b4b274f9199f96\">\n.avia-image-container.av-kd43k-45715e350cc4eeda08b4b274f9199f96 img.avia_image{\nbox-shadow:none;\n}\n.avia-image-container.av-kd43k-45715e350cc4eeda08b4b274f9199f96 .av-image-caption-overlay-center{\ncolor:#ffffff;\n}\n<\/style>\n<div  id=\"gal-item\"  class='avia-image-container av-kd43k-45715e350cc4eeda08b4b274f9199f96 av-styling-no-styling avia-align-center  avia-builder-el-15  el_after_av_image  avia-builder-el-last  gal-item gal-item'   itemprop=\"image\" itemscope=\"itemscope\" itemtype=\"https:\/\/schema.org\/ImageObject\" ><div class=\"avia-image-container-inner\"><div class=\"avia-image-overlay-wrap\"><img decoding=\"async\" class='wp-image-3347 avia-img-lazy-loading-not-3347 avia_image ' src=\"https:\/\/limitreduktor.com\/en\/wp-content\/uploads\/2023\/05\/pt-bg-1442x508-1.jpg\" alt='' title='pt-bg-1442x508'  height=\"508\" width=\"1442\"  itemprop=\"thumbnailUrl\" srcset=\"https:\/\/limitreduktor.com\/en\/wp-content\/uploads\/2023\/05\/pt-bg-1442x508-1.jpg 1442w, https:\/\/limitreduktor.com\/en\/wp-content\/uploads\/2023\/05\/pt-bg-1442x508-1-300x106.jpg 300w, https:\/\/limitreduktor.com\/en\/wp-content\/uploads\/2023\/05\/pt-bg-1442x508-1-1030x363.jpg 1030w, https:\/\/limitreduktor.com\/en\/wp-content\/uploads\/2023\/05\/pt-bg-1442x508-1-768x271.jpg 768w, https:\/\/limitreduktor.com\/en\/wp-content\/uploads\/2023\/05\/pt-bg-1442x508-1-705x248.jpg 705w\" sizes=\"(max-width: 1442px) 100vw, 1442px\" \/><\/div><\/div><\/div><\/p><\/div>\n<style type=\"text\/css\" data-created_by=\"avia_inline_auto\" id=\"style-css-av-3qp740-5c6540e3f088f3bdfa98d332f73c2083\">\n.flex_column.av-3qp740-5c6540e3f088f3bdfa98d332f73c2083 .avia-curtain-reveal-overlay{\nz-index:100;\n}\n<\/style>\n<div  id=\"gals-wrapalt\"  class='flex_column av-3qp740-5c6540e3f088f3bdfa98d332f73c2083 av_one_full  avia-builder-el-16  el_after_av_one_full  avia-builder-el-last  gals-wrapalt gals-wrapalt first flex_column_div av-parallax-object  column-top-margin' data-parallax=\"{&quot;parallax&quot;:&quot;right_left&quot;,&quot;parallax_speed&quot;:&quot;&quot;,&quot;av-desktop-parallax&quot;:&quot;inherit&quot;,&quot;av-desktop-parallax_speed&quot;:&quot;inherit&quot;,&quot;av-medium-parallax&quot;:&quot;inherit&quot;,&quot;av-medium-parallax_speed&quot;:&quot;inherit&quot;,&quot;av-small-parallax&quot;:&quot;inherit&quot;,&quot;av-small-parallax_speed&quot;:&quot;inherit&quot;,&quot;av-mini-parallax&quot;:&quot;inherit&quot;,&quot;av-mini-parallax_speed&quot;:&quot;inherit&quot;,&quot;parallax-container&quot;:&quot;.av-3qp740-5c6540e3f088f3bdfa98d332f73c2083&quot;}\"    aria-label='gals-wrapalt'  ><div class='avia-curtain-reveal-overlay av-animated-when-visible-95 animate-all-devices curtain-reveal-rtl'><\/div><\/div>\n\n","protected":false},"excerpt":{"rendered":"","protected":false},"author":2,"featured_media":0,"parent":0,"menu_order":0,"comment_status":"closed","ping_status":"closed","template":"","meta":{"footnotes":""},"class_list":["post-4160","page","type-page","status-publish","hentry"],"_links":{"self":[{"href":"https:\/\/limitreduktor.com\/en\/wp-json\/wp\/v2\/pages\/4160","targetHints":{"allow":["GET"]}}],"collection":[{"href":"https:\/\/limitreduktor.com\/en\/wp-json\/wp\/v2\/pages"}],"about":[{"href":"https:\/\/limitreduktor.com\/en\/wp-json\/wp\/v2\/types\/page"}],"author":[{"embeddable":true,"href":"https:\/\/limitreduktor.com\/en\/wp-json\/wp\/v2\/users\/2"}],"replies":[{"embeddable":true,"href":"https:\/\/limitreduktor.com\/en\/wp-json\/wp\/v2\/comments?post=4160"}],"version-history":[{"count":3,"href":"https:\/\/limitreduktor.com\/en\/wp-json\/wp\/v2\/pages\/4160\/revisions"}],"predecessor-version":[{"id":4283,"href":"https:\/\/limitreduktor.com\/en\/wp-json\/wp\/v2\/pages\/4160\/revisions\/4283"}],"wp:attachment":[{"href":"https:\/\/limitreduktor.com\/en\/wp-json\/wp\/v2\/media?parent=4160"}],"curies":[{"name":"wp","href":"https:\/\/api.w.org\/{rel}","templated":true}]}}